{"id":48905,"date":"2022-06-23T16:40:48","date_gmt":"2022-06-23T14:40:48","guid":{"rendered":"https:\/\/cndestetik.ch\/prodotto\/inika-pr-p-active-botanisches-gesichtsoel-110ml\/"},"modified":"2022-07-18T13:43:58","modified_gmt":"2022-07-18T11:43:58","slug":"inika-pr-p-aktiv-botanisches-gesichts-ol-110ml","status":"publish","type":"product","link":"https:\/\/cndestetik.ch\/de\/prodotto\/inika-pr-p-aktiv-botanisches-gesichts-ol-110ml\/","title":{"rendered":"INIKA PR P-Active Botanisches Gesichts\u00f6l 110ml"},"content":{"rendered":"<p><span data-sheets-value=\"{\"1\":2,\"2\":\"Questa miscela pura di 18 oli botanici di fascia alta rinforza la barriera naturale della pelle e fornisce un rinnovamento ottimale per una pelle immediatamente fresca e luminosa. Questo olio si assorbe istantaneamente per lasciare una lussuosa finitura asciutta, senza una sensazione di unto.\\nRicco di antiossidanti : una combinazione di oli vegetali antiossidanti di lusso aiuta a proteggere dai fattori ambientali.\\nNutriente - ricco di vitamine A, E, K e acidi grassi Omega-3, 6, 9 per un nutrimento ottimale della pelle e il rinforzo della barriera naturale della pelle.\\nRiparatore - alte concentrazioni di oli di semi di cartamo e melograno noti per le loro propriet\u00e0 lenitive e riparatrici.\\nContiene la pi\u00f9 alta percentuale al mondo di ingredienti botanici attivi clinicamente testati.\\nFragranza 100% naturale da oli essenziali biologici certificati.\\nBarattoli di vetro sostenibili e coperchi riciclabili.\\n\\nADATTO A TUTTI I TIPI DI PELLE\\nIPOALLERGENICO E DERMATOLOGICAMENTE TESTATO\\nStrofinare delicatamente 1-3 gocce di olio su viso, collo e d\u00e9collet\u00e9 dopo la pulizia e l'applicazione del siero.\\nSeguire con la crema giorno o notte per ottenere i migliori risultati.\\nUsa mattina e sera.\\n \\nConservare a temperatura inferiore a 30 \u00b0 C.\\nEvitare la luce solare diretta.\\n\"}\" data-sheets-userformat=\"{\"2\":15299,\"3\":{\"1\":0},\"4\":{\"1\":2,\"2\":65280},\"9\":0,\"10\":2,\"11\":0,\"12\":0,\"14\":{\"1\":2,\"2\":0},\"15\":\"Calibri\",\"16\":11}\">Diese reine Mischung aus 18 hochwertigen pflanzlichen \u00d6len st\u00e4rkt die nat\u00fcrliche Hautbarriere und sorgt f\u00fcr eine optimale Erneuerung der Haut, die sofort frisch und strahlend aussieht. Dieses \u00d6l zieht sofort ein und hinterl\u00e4sst ein luxuri\u00f6ses, trockenes Finish ohne ein fettiges Gef\u00fchl.<br \/>\nReich an Antioxidantien: Eine Kombination aus luxuri\u00f6sen antioxidativen Pflanzen\u00f6len sch\u00fctzt vor Umwelteinfl\u00fcssen.<br \/>\nPflegend &#8211; reich an den Vitaminen A, E, K und Omega-3-, -6- und -9-Fetts\u00e4uren f\u00fcr eine optimale Ern\u00e4hrung der Haut und die St\u00e4rkung der nat\u00fcrlichen Hautbarriere.<br \/>\nReparierend &#8211; hohe Konzentrationen von Distelsamen- und Granatapfel\u00f6l, die f\u00fcr ihre beruhigenden und reparierenden Eigenschaften bekannt sind.<br \/>\nEs enth\u00e4lt den weltweit h\u00f6chsten Anteil an klinisch erprobten pflanzlichen Wirkstoffen.<br \/>\n100% nat\u00fcrlicher Duft aus zertifizierten biologischen \u00e4therischen \u00d6len.<br \/>\nNachhaltige Glasgef\u00e4\u00dfe und recycelbare Deckel.<\/span><\/p>\n<p>F\u00dcR ALLE HAUTTYPEN GEEIGNET<br \/>\nHYPOALLERGEN UND DERMATOLOGISCH GETESTET<br \/>\nNach der Reinigung und der Anwendung des Serums 1-3 Tropfen des \u00d6ls sanft auf Gesicht, Hals und Dekollet\u00e9 einmassieren.<br \/>\nF\u00fcr ein optimales Ergebnis anschlie\u00dfend eine Tages- oder Nachtcreme auftragen.<br \/>\nMorgens und abends anwenden.<\/p>\n<p>Unter 30\u00b0C lagern.<br \/>\nDirekte Sonneneinstrahlung ist zu vermeiden.<\/p>\n","protected":false},"excerpt":{"rendered":"<p>Mischung aus pflanzlichen \u00d6len, die die Haut erneuern und aufhellen.<\/p>\n","protected":false},"featured_media":46867,"template":"","meta":{"_acf_changed":false},"product_brand":[],"product_cat":[1868,1495],"product_tag":[7470,4835,896,822,817,7472,2191],"class_list":{"0":"post-48905","1":"product","2":"type-product","3":"status-publish","4":"has-post-thumbnail","6":"product_cat-angebote","7":"product_cat-kosmetik","8":"product_tag-botanisch","9":"product_tag-gesicht-de","10":"product_tag-haut","11":"product_tag-hautpflege","12":"product_tag-inika-de","13":"product_tag-liebe-de-2","14":"product_tag-ol","16":"first","17":"instock","18":"sale","19":"taxable","20":"shipping-taxable","21":"purchasable","22":"product-type-simple"},"acf":[],"jetpack_sharing_enabled":true,"_links":{"self":[{"href":"https:\/\/cndestetik.ch\/de\/wp-json\/wp\/v2\/product\/48905","targetHints":{"allow":["GET"]}}],"collection":[{"href":"https:\/\/cndestetik.ch\/de\/wp-json\/wp\/v2\/product"}],"about":[{"href":"https:\/\/cndestetik.ch\/de\/wp-json\/wp\/v2\/types\/product"}],"wp:featuredmedia":[{"embeddable":true,"href":"https:\/\/cndestetik.ch\/de\/wp-json\/wp\/v2\/media\/46867"}],"wp:attachment":[{"href":"https:\/\/cndestetik.ch\/de\/wp-json\/wp\/v2\/media?parent=48905"}],"wp:term":[{"taxonomy":"product_brand","embeddable":true,"href":"https:\/\/cndestetik.ch\/de\/wp-json\/wp\/v2\/product_brand?post=48905"},{"taxonomy":"product_cat","embeddable":true,"href":"https:\/\/cndestetik.ch\/de\/wp-json\/wp\/v2\/product_cat?post=48905"},{"taxonomy":"product_tag","embeddable":true,"href":"https:\/\/cndestetik.ch\/de\/wp-json\/wp\/v2\/product_tag?post=48905"}],"curies":[{"name":"wp","href":"https:\/\/api.w.org\/{rel}","templated":true}]}}