{"id":48900,"date":"2022-06-23T14:47:21","date_gmt":"2022-06-23T12:47:21","guid":{"rendered":"https:\/\/cndestetik.ch\/prodotto\/zertifizierte-bio-lippen-und-wangencreme\/"},"modified":"2022-11-15T16:58:37","modified_gmt":"2022-11-15T15:58:37","slug":"bio-zertifizierte-lippenwangen-creme","status":"publish","type":"product","link":"https:\/\/cndestetik.ch\/de\/prodotto\/bio-zertifizierte-lippenwangen-creme\/","title":{"rendered":"Zertifizierte Bio-Lippen- und Wangencreme"},"content":{"rendered":"<p><span data-sheets-value=\"{\"1\":2,\"2\":\"Ottieni un tocco naturale di colore modulabile con la crema per labbra e guance arricchita di nutrienti. La formula setosa e morbida si fonde perfettamente su labbra e guance, conferendo un sottile tocco con colori unici. Infuso con olio di mandorle dolci e vitamina E, idrata e protegge la pelle in modo meraviglioso, assicurando un colore duraturo e una finitura trasparente e ricca di pigmenti.\\nLa tinta a doppio scopo idrata e protegge mentre conferisce un colore splendido.\\nLa formula altamente pigmentata e a lunga tenuta crea una finitura trasparente meravigliosamente naturale.\\nScivola senza sforzo per un comfort totale della pelle.\\n72% di ingredienti biologici\\nTutti i prodotti INIKA sono di derivazione naturale al 100%, certificati vegani e cruelty free.\\n1. Usando la punta delle dita per riscaldare gli oli naturali nella Crema per labbra e guance, tamponare delicatamente sulle labbra e sulle mele delle guance. \\n2. Si fondono delicatamente sulla pelle, creando il colore secondo necessit\u00e0\"}\" data-sheets-userformat=\"{\"2\":15297,\"3\":{\"1\":0},\"9\":0,\"10\":2,\"11\":0,\"12\":0,\"14\":{\"1\":2,\"2\":0},\"15\":\"Calibri\",\"16\":11}\">Die mit N\u00e4hrstoffen angereicherte Lippen- und Wangencreme verleiht einen nat\u00fcrlichen Hauch von modulierbarer Farbe. Die seidig weiche Formel l\u00e4sst sich perfekt auf Lippen und Wangen auftragen und verleiht ihnen einen subtilen Touch mit einzigartigen Farben. Mit S\u00fc\u00dfmandel\u00f6l und Vitamin E versorgt er die Haut mit Feuchtigkeit, sch\u00fctzt sie und sorgt f\u00fcr lang anhaltende Farbe und ein transparentes, pigmentreiches Finish.<br \/>\nDer Doppelfarbstoff spendet Feuchtigkeit und Schutz und verleiht gleichzeitig eine pr\u00e4chtige Farbe.<br \/>\nDie hochpigmentierte, lang anhaltende Formel sorgt f\u00fcr ein wunderbar nat\u00fcrliches, transparentes Finish.<br \/>\nEs gleitet m\u00fchelos und bietet absoluten Hautkomfort.<br \/>\n72% Bio-Zutaten<br \/>\nAlle INIKA-Produkte sind zu 100 % nat\u00fcrlichen Ursprungs, zertifiziert vegan und frei von Tierqu\u00e4lerei.<br \/>\n1. Erw\u00e4rmen Sie die nat\u00fcrlichen \u00d6le der Lippen- und Wangencreme mit den Fingerspitzen und tupfen Sie sie sanft auf die Lippen und Wangen\u00e4pfel.<br \/>\n2. L\u00e4sst sich sanft in die Haut einarbeiten und verleiht ihr je nach Bedarf Farbe<\/span><\/p>\n","protected":false},"excerpt":{"rendered":"<p>INIKA Wangen- und Lippencreme.<\/p>\n","protected":false},"featured_media":46734,"template":"","meta":{"_acf_changed":false},"product_brand":[],"product_cat":[8511],"product_tag":[5472,3836,817,4425,742,7440,9394],"class_list":{"0":"post-48900","1":"product","2":"type-product","3":"status-publish","4":"has-post-thumbnail","6":"product_cat-letzte-stucke","7":"product_tag-creme-de-2","8":"product_tag-creme-de","9":"product_tag-inika-de","10":"product_tag-lippe","11":"product_tag-lippen","12":"product_tag-wange","13":"product_tag-wangen","15":"first","16":"outofstock","17":"sale","18":"taxable","19":"shipping-taxable","20":"purchasable","21":"product-type-simple"},"acf":[],"jetpack_sharing_enabled":true,"_links":{"self":[{"href":"https:\/\/cndestetik.ch\/de\/wp-json\/wp\/v2\/product\/48900","targetHints":{"allow":["GET"]}}],"collection":[{"href":"https:\/\/cndestetik.ch\/de\/wp-json\/wp\/v2\/product"}],"about":[{"href":"https:\/\/cndestetik.ch\/de\/wp-json\/wp\/v2\/types\/product"}],"wp:featuredmedia":[{"embeddable":true,"href":"https:\/\/cndestetik.ch\/de\/wp-json\/wp\/v2\/media\/46734"}],"wp:attachment":[{"href":"https:\/\/cndestetik.ch\/de\/wp-json\/wp\/v2\/media?parent=48900"}],"wp:term":[{"taxonomy":"product_brand","embeddable":true,"href":"https:\/\/cndestetik.ch\/de\/wp-json\/wp\/v2\/product_brand?post=48900"},{"taxonomy":"product_cat","embeddable":true,"href":"https:\/\/cndestetik.ch\/de\/wp-json\/wp\/v2\/product_cat?post=48900"},{"taxonomy":"product_tag","embeddable":true,"href":"https:\/\/cndestetik.ch\/de\/wp-json\/wp\/v2\/product_tag?post=48900"}],"curies":[{"name":"wp","href":"https:\/\/api.w.org\/{rel}","templated":true}]}}