{"id":48885,"date":"2022-06-22T15:21:01","date_gmt":"2022-06-22T13:21:01","guid":{"rendered":"https:\/\/cndestetik.ch\/?post_type=product&p=48885"},"modified":"2022-06-22T15:21:01","modified_gmt":"2022-06-22T13:21:01","slug":"butter-korper","status":"publish","type":"product","link":"https:\/\/cndestetik.ch\/de\/prodotto\/butter-korper\/","title":{"rendered":"K\u00f6rperbutter"},"content":{"rendered":"<p><span data-sheets-value=\"{\"1\":2,\"2\":\"Crema burro corpo con estratto spagirico di Calendula, ideale nel trattamento quotidiano della cute. Prodotto da Microcosmo.\\n\\nDalla texture morbida e corposa, viene assorbito facilmente dalla pelle senza ungerla. Il Burro Corpo nutre e idrata in profondit\u00e0 anche le pelli pi\u00f9 secche e screpolate.\\n\\nGrazie all\u2019azione cicatrizzante e lenitiva dell\u2019Estratto Spagirico di Calendula, pianta capace di stimolare la rigenerazione dei tessuti cutanei e di calmare i rossori, il Burro Corpo Microcosmo \u00e8 ottimo per proteggere la pelle. Il suo uso quotidiano mantiene la cute morbida, elastica e bella, soprattutto durante l\u2019inverno in cui gli sbalzi di temperatura, il freddo e il vento possono contribuire a seccarla, irritarla e indurirla.\\n\\nE\u2019 indicato anche su tutte le pelli che subiscono lavaggi frequenti o quelle pi\u00f9 delicate di bambini e anziani. Nella nuova praticissima confezione airless \u00e8 un comodo prodotto da portare in piscina e palestra, per prendersi cura di s\u00e9 anche fuori casa.\\n\\nInfine l\u2019Olio Essenziale di Bergamotto oltre a donare al Burro il suo fresco e piacevole profumo lo rende indicato anche nei casi di impurit\u00e0 e macchie cutanee. E\u2019 una fragranza che dona forza e infonde ottimismo ed \u00e8 utile per risvegliare il proprio entusiasmo durante le fredde giornate invernali.\\n\\nModo d\u2019uso:\\nMassaggiare sulla pelle fino a completo assorbimento\"}\" data-sheets-userformat=\"{\"2\":15297,\"3\":{\"1\":0},\"9\":0,\"10\":2,\"11\":0,\"12\":0,\"14\":{\"1\":2,\"2\":0},\"15\":\"Calibri\",\"16\":11}\">K\u00f6rperbuttercreme mit spagyrischem Calendula-Extrakt, ideal f\u00fcr die t\u00e4gliche Hautpflege. Produziert von Microcosmo.<\/p>\n<p>Mit seiner weichen, vollmundigen Textur zieht es leicht in die Haut ein, ohne sie zu fetten. Die Body Butter pflegt und befeuchtet selbst die trockenste und rissigste Haut.<\/p>\n<p>Dank der heilenden und beruhigenden Wirkung des Extrakts der spagyrischen Ringelblume, einer Pflanze, die die Regeneration des Hautgewebes anregt und R\u00f6tungen beruhigt, ist die Microcosmo Body Butter hervorragend geeignet, die Haut zu sch\u00fctzen. Die t\u00e4gliche Anwendung h\u00e4lt die Haut weich, geschmeidig und sch\u00f6n, besonders im Winter, wenn Temperaturschwankungen, K\u00e4lte und Wind die Haut austrocknen, reizen und verh\u00e4rten k\u00f6nnen.<\/p>\n<p>Es ist auch f\u00fcr alle Hauttypen geeignet, die h\u00e4ufig gewaschen werden, oder f\u00fcr die empfindlichere Haut von Kindern und \u00e4lteren Menschen. In der neuen praktischen Airless-Verpackung ist es ein bequemes Produkt, das man mit ins Schwimmbad und ins Fitnessstudio nehmen kann, um sich auch unterwegs zu pflegen.<\/p>\n<p>Das \u00e4therische \u00d6l der Bergamotte schlie\u00dflich verleiht der Butter nicht nur ihren frischen und angenehmen Duft, sondern macht sie auch geeignet f\u00fcr die Behandlung von Hautunreinheiten und Hautunreinheiten. Es ist ein Duft, der Kraft und Optimismus verleiht und an kalten Wintertagen den Enthusiasmus wecken kann.<\/p>\n<p>Art der Anwendung:<br \/>\nBis zum vollst\u00e4ndigen Einziehen in die Haut einmassieren<\/span><\/p>\n<p>Gr\u00f6\u00dfe: 200ml<\/p>\n","protected":false},"excerpt":{"rendered":"<p>K\u00f6rperbutter, die die Haut sch\u00fctzt, sie weich und geschmeidig h\u00e4lt, auch bei Temperaturschwankungen.<\/p>\n","protected":false},"featured_media":0,"template":"","meta":{"_acf_changed":false},"product_brand":[],"product_cat":[15],"product_tag":[],"class_list":{"0":"post-48885","1":"product","2":"type-product","3":"status-publish","5":"product_cat-07-cosmetica","7":"first","8":"instock","9":"taxable","10":"shipping-taxable","11":"purchasable","12":"product-type-simple"},"acf":[],"jetpack_sharing_enabled":true,"_links":{"self":[{"href":"https:\/\/cndestetik.ch\/de\/wp-json\/wp\/v2\/product\/48885","targetHints":{"allow":["GET"]}}],"collection":[{"href":"https:\/\/cndestetik.ch\/de\/wp-json\/wp\/v2\/product"}],"about":[{"href":"https:\/\/cndestetik.ch\/de\/wp-json\/wp\/v2\/types\/product"}],"wp:attachment":[{"href":"https:\/\/cndestetik.ch\/de\/wp-json\/wp\/v2\/media?parent=48885"}],"wp:term":[{"taxonomy":"product_brand","embeddable":true,"href":"https:\/\/cndestetik.ch\/de\/wp-json\/wp\/v2\/product_brand?post=48885"},{"taxonomy":"product_cat","embeddable":true,"href":"https:\/\/cndestetik.ch\/de\/wp-json\/wp\/v2\/product_cat?post=48885"},{"taxonomy":"product_tag","embeddable":true,"href":"https:\/\/cndestetik.ch\/de\/wp-json\/wp\/v2\/product_tag?post=48885"}],"curies":[{"name":"wp","href":"https:\/\/api.w.org\/{rel}","templated":true}]}}