{"id":48856,"date":"2022-06-22T15:16:15","date_gmt":"2022-06-22T13:16:15","guid":{"rendered":"https:\/\/cndestetik.ch\/prodotto\/monoi-butter\/"},"modified":"2025-02-07T09:07:14","modified_gmt":"2025-02-07T08:07:14","slug":"butter-von-monoi","status":"publish","type":"product","link":"https:\/\/cndestetik.ch\/de\/prodotto\/butter-von-monoi\/","title":{"rendered":"Monoi-Butter"},"content":{"rendered":"<p><span data-sheets-value=\"{\"1\":2,\"2\":\"L'olio ed il burro di Monoi vengono ottenuti dalla macerazione del fiore di Tiar\u00e8 in purissimo olio di cocco. Il Tiar\u00e8 \u00e8 un fiore bianco originario della Polinesia, ha un profumo dolce e delicato.\\nL'Olio di Monoi contiene una piccola percentuale di olio di mandorle per mantenerlo allo stato liquido sempre, sia d'estate che d'inverno.\\nIl burro di Monoi \u00e8 solido in inverno e si scioglie in estate quando la temperatura supera i 25\u00b0.\\nLe propriet\u00e0 sono le stesse, adatti per il corpo e per i capelli, \u00e8 un prodotto molto versatile indicate per tutti i tipi di pelle.\\nLa composizione chimica dell'olio di cocco si caratterizza per una prevelenza di acidi saturi a catena breve dalle notevoli propriet\u00e0 antimicrobiche. Oltre alle caratteristiche antibatteriche e antimicotiche, possiede notevoli capacit\u00e0 idratanti, nutrienti ed elasticizzanti dei tessuti. E' un ottimo antirughe in quanto contiene vitamina E, uno dei pi\u00f9 importanti antiossidanti e grazie al suo dolce profumo \u00e8 apprezzato dalle donne con il quale si sentono coccolate. Ha una texture molto morbida, scorre piacevolmente sulla pelle e si assorbe facilmente, per questo \u00e8 un eccellente prodotto sia da cabina che da rivendita. L'utilizzo del burro\/olio di monoi, nella moderna dermatologia e cosmetica, \u00e8 importante per le sue propriet\u00e0: antisettiche, antimicotiche, emollienti, elasticizzanti, antirughe, idratanti e lenitive.Idoneo a tutti i tipi di pelle, anche quelle pi\u00f9 sensibili e con prurito; capelli; ottimo per l'estate, aiuta a mantenere l'abbronzatura.\\n\\nConsigli per l'utilizzo:\\n-Sul corpo e sul viso per un'idratazione quotidiana. Adatto anche per le pelli dei neonati.\\n-Pi\u00f9 generosamente sul viso per una maschera di bellezza\\n-Come impacco prima dello shampoo su tutta la lunghezza dei capelli (in posa per 20\/30 min.)\\n-Come impacco su mani e piedi con pelle particolarmente secca (in posa con guanto di cotone o pellicola)\\nCome doposole per mantenere l'abbronzatura, l'idratazione e per prevenire le rughe\"}\" data-sheets-userformat=\"{\"2\":15297,\"3\":{\"1\":0},\"9\":0,\"10\":2,\"11\":0,\"12\":0,\"14\":{\"1\":2,\"2\":0},\"15\":\"Calibri\",\"16\":11}\">Monoi-\u00d6l und -Butter werden durch Einweichen der Tiare-Bl\u00fcte in reinem Kokosnuss\u00f6l gewonnen. Die Tiare ist eine wei\u00dfe Blume, die in Polynesien beheimatet ist und einen s\u00fc\u00dfen und zarten Duft verstr\u00f6mt.<br \/>\nDas Monoi-\u00d6l enth\u00e4lt einen geringen Anteil an Mandel\u00f6l, um es sowohl im Sommer als auch im Winter in einem fl\u00fcssigen Zustand zu halten.<br \/>\nMonoi-Butter ist im Winter fest und schmilzt im Sommer, wenn die Temperatur \u00fcber 25\u00b0 liegt.<br \/>\nDie Eigenschaften sind die gleichen, geeignet f\u00fcr den K\u00f6rper und Haar, es ist ein sehr vielseitiges Produkt f\u00fcr alle Hauttypen geeignet.<br \/>\nDie chemische Zusammensetzung von Kokosnuss\u00f6l zeichnet sich durch eine Dominanz kurzkettiger ges\u00e4ttigter S\u00e4uren mit bemerkenswerten antimikrobiellen Eigenschaften aus. Neben seinen antibakteriellen und antimykotischen Eigenschaften verf\u00fcgt es \u00fcber betr\u00e4chtliche feuchtigkeitsspendende, n\u00e4hrende und gewebeelastisierende F\u00e4higkeiten. Es ist ein ausgezeichnetes Mittel gegen Falten, da es Vitamin E enth\u00e4lt, eines der wichtigsten Antioxidantien, und dank seines s\u00fc\u00dfen Duftes wird es von Frauen gesch\u00e4tzt, die sich damit verw\u00f6hnt f\u00fchlen. Es hat eine sehr weiche Textur, gleitet angenehm auf der Haut und zieht leicht ein, weshalb es ein hervorragendes Produkt f\u00fcr die Kabine und den Wiederverkauf ist. Die Verwendung von Monoi-Butter\/\u00d6l in der modernen Dermatologie und Kosmetik ist wichtig wegen ihrer antiseptischen, antimykotischen, lindernden, elastifizierenden, faltenverhindernden, feuchtigkeitsspendenden und beruhigenden Eigenschaften. Geeignet f\u00fcr alle Hauttypen, auch f\u00fcr die empfindlichsten und juckenden; Haar; ideal f\u00fcr den Sommer, hilft die Br\u00e4une zu erhalten.<\/span><\/p>\n<p>Anwendungsempfehlungen: -Auf K\u00f6rper und Gesicht f\u00fcr die t\u00e4gliche Feuchtigkeitspflege.<\/p>\n<p>Auch f\u00fcr Babyhaut geeignet. -Gro\u00dfz\u00fcgiger auf dem Gesicht als Sch\u00f6nheitsmaske -Als Packung vor der Haarw\u00e4sche auf der gesamten Haarl\u00e4nge (20\/30 Min. einwirken lassen) -Als Packung auf H\u00e4nden und F\u00fc\u00dfen mit besonders trockener Haut (mit Baumwollhandschuh oder Folie einwirken lassen) -Als Pflegeprodukt nach der Sonne, um die Br\u00e4une zu erhalten, Feuchtigkeit zu spenden und Falten vorzubeugen. <\/p>\n","protected":false},"excerpt":{"rendered":"<p>Monoi-Butter, erh\u00e4ltlich in zwei verschiedenen Formaten.<\/p>\n","protected":false},"featured_media":46909,"template":"","meta":{"_acf_changed":false},"product_brand":[],"product_cat":[12985,1495,12980,9904],"product_tag":[4147,594,408,410,9404],"class_list":{"0":"post-48856","1":"product","2":"type-product","3":"status-publish","4":"has-post-thumbnail","6":"product_cat-body","7":"product_cat-kosmetik","8":"product_cat-mikrokosmos","9":"product_cat-pink-bird","10":"product_tag-butter-de","11":"product_tag-feuchtigkeitscreme","12":"product_tag-kokosnuss","13":"product_tag-monoi-de","14":"product_tag-tiare-de","15":"pa_formato-100ml-de","16":"pa_formato-500ml-de","18":"first","19":"instock","20":"taxable","21":"shipping-taxable","22":"purchasable","23":"product-type-variable"},"acf":[],"jetpack_sharing_enabled":true,"_links":{"self":[{"href":"https:\/\/cndestetik.ch\/de\/wp-json\/wp\/v2\/product\/48856","targetHints":{"allow":["GET"]}}],"collection":[{"href":"https:\/\/cndestetik.ch\/de\/wp-json\/wp\/v2\/product"}],"about":[{"href":"https:\/\/cndestetik.ch\/de\/wp-json\/wp\/v2\/types\/product"}],"wp:featuredmedia":[{"embeddable":true,"href":"https:\/\/cndestetik.ch\/de\/wp-json\/wp\/v2\/media\/46909"}],"wp:attachment":[{"href":"https:\/\/cndestetik.ch\/de\/wp-json\/wp\/v2\/media?parent=48856"}],"wp:term":[{"taxonomy":"product_brand","embeddable":true,"href":"https:\/\/cndestetik.ch\/de\/wp-json\/wp\/v2\/product_brand?post=48856"},{"taxonomy":"product_cat","embeddable":true,"href":"https:\/\/cndestetik.ch\/de\/wp-json\/wp\/v2\/product_cat?post=48856"},{"taxonomy":"product_tag","embeddable":true,"href":"https:\/\/cndestetik.ch\/de\/wp-json\/wp\/v2\/product_tag?post=48856"}],"curies":[{"name":"wp","href":"https:\/\/api.w.org\/{rel}","templated":true}]}}