{"id":48852,"date":"2022-06-22T14:39:35","date_gmt":"2022-06-22T12:39:35","guid":{"rendered":"https:\/\/cndestetik.ch\/prodotto\/basiscreme-massage\/"},"modified":"2025-01-23T09:35:00","modified_gmt":"2025-01-23T08:35:00","slug":"creme-basis-massage","status":"publish","type":"product","link":"https:\/\/cndestetik.ch\/de\/prodotto\/creme-basis-massage\/","title":{"rendered":"Basiscreme &#8211; Massage"},"content":{"rendered":"<p>Sie eignet sich ideal als Massagecreme und kann individuell angepasst werden, um Ihre Behandlung noch spezifischer zu gestalten.<\/p>\n<p><span data-sheets-value=\"{\"1\":2,\"2\":\"Nutre la pelle rendendola morbida e setosa, ideale per le pelli secche e disidratate.\\nFavorendo la circolazione periferica, sostiene la naturale regolazione dell\u2019umidit\u00e0 cutanea. Combatte la desquamazione eccessiva della pelle e la protegge dall\u2019aggressione di agenti esterni.\"}\" data-sheets-userformat=\"{\"2\":15297,\"3\":{\"1\":0},\"9\":0,\"10\":2,\"11\":0,\"12\":0,\"14\":{\"1\":2,\"2\":0},\"15\":\"Calibri\",\"16\":11}\"><span style=\"vertical-align: inherit\"><span style=\"vertical-align: inherit\">Sie n\u00e4hrt die Haut und macht sie weich und seidig, ideal f\u00fcr trockene und dehydrierte Haut.  <\/span><\/span><br \/>\n<span style=\"vertical-align: inherit\"><span style=\"vertical-align: inherit\">Durch die F\u00f6rderung der peripheren Durchblutung unterst\u00fctzt es die nat\u00fcrliche Regulierung der Hautfeuchtigkeit.  <\/span><span style=\"vertical-align: inherit\">Bek\u00e4mpft die \u00fcberm\u00e4\u00dfige Abschuppung der Haut und sch\u00fctzt sie vor den Aggressionen der \u00e4u\u00dferen Einfl\u00fcsse.<\/span><\/span><\/span><\/p>\n<p><span style=\"vertical-align: inherit\"><span style=\"vertical-align: inherit\">Gr\u00f6\u00dfe: 500ml<\/span><\/span><\/p>\n","protected":false},"excerpt":{"rendered":"<p><span style=\"vertical-align: inherit\"><span style=\"vertical-align: inherit\">Eine Creme, die die Haut vor \u00e4u\u00dferen Einfl\u00fcssen sch\u00fctzt, die Haut n\u00e4hrt und sie weich macht.<\/span><\/span><\/p>\n","protected":false},"featured_media":49707,"template":"","meta":{"_acf_changed":false},"product_brand":[],"product_cat":[12985,1495,12980,11234,9904],"product_tag":[6698,3836,7379,7391,7163,7385,471,7398,7395],"class_list":{"0":"post-48852","1":"product","2":"type-product","3":"status-publish","4":"has-post-thumbnail","6":"product_cat-body","7":"product_cat-kosmetik","8":"product_cat-mikrokosmos","9":"product_cat-physiotherapie-de","10":"product_cat-pink-bird","11":"product_tag-basis","12":"product_tag-creme-de","13":"product_tag-dehydriert","14":"product_tag-getrocknete-haute","15":"product_tag-haute","16":"product_tag-massage-de","17":"product_tag-nahrhaft","18":"product_tag-trocken-de-2","19":"product_tag-trockene-haute","21":"first","22":"instock","23":"taxable","24":"shipping-taxable","25":"purchasable","26":"product-type-simple"},"acf":[],"jetpack_sharing_enabled":true,"_links":{"self":[{"href":"https:\/\/cndestetik.ch\/de\/wp-json\/wp\/v2\/product\/48852","targetHints":{"allow":["GET"]}}],"collection":[{"href":"https:\/\/cndestetik.ch\/de\/wp-json\/wp\/v2\/product"}],"about":[{"href":"https:\/\/cndestetik.ch\/de\/wp-json\/wp\/v2\/types\/product"}],"wp:featuredmedia":[{"embeddable":true,"href":"https:\/\/cndestetik.ch\/de\/wp-json\/wp\/v2\/media\/49707"}],"wp:attachment":[{"href":"https:\/\/cndestetik.ch\/de\/wp-json\/wp\/v2\/media?parent=48852"}],"wp:term":[{"taxonomy":"product_brand","embeddable":true,"href":"https:\/\/cndestetik.ch\/de\/wp-json\/wp\/v2\/product_brand?post=48852"},{"taxonomy":"product_cat","embeddable":true,"href":"https:\/\/cndestetik.ch\/de\/wp-json\/wp\/v2\/product_cat?post=48852"},{"taxonomy":"product_tag","embeddable":true,"href":"https:\/\/cndestetik.ch\/de\/wp-json\/wp\/v2\/product_tag?post=48852"}],"curies":[{"name":"wp","href":"https:\/\/api.w.org\/{rel}","templated":true}]}}