{"id":48825,"date":"2022-06-22T10:56:47","date_gmt":"2022-06-22T08:56:47","guid":{"rendered":"https:\/\/cndestetik.ch\/prodotto\/klette-hydro-glycerinat\/"},"modified":"2025-01-23T09:47:51","modified_gmt":"2025-01-23T08:47:51","slug":"hydroglycerinierte-klette","status":"publish","type":"product","link":"https:\/\/cndestetik.ch\/de\/prodotto\/hydroglycerinierte-klette\/","title":{"rendered":"Klette Hydro-Glycerinat"},"content":{"rendered":"<p><span data-sheets-value=\"{\"1\":2,\"2\":\"Questi estratti si possono utilizzare direttamente sulla pelle del viso e del corpo o in aggiunta ad altre basi (crema, gel o oli)\\nHa propriet\u00e0 dermopurificante, antiarrossamento, schiarente, idratante. La Bardana svolge un'azione di rigenerazione cellulare, addolcente e lenitiva. Specifica per il trattamento delle pelli sensibili e con couperose, \u00e8 in particolare consigliata anche per le cuti impure e acneiche. Essa stimola la purificazione ed il riequilibrio del tessuto cutaneo.\"}\" data-sheets-userformat=\"{\"2\":15297,\"3\":{\"1\":0},\"9\":0,\"10\":2,\"11\":0,\"12\":0,\"14\":{\"1\":2,\"2\":0},\"15\":\"Calibri\",\"16\":11}\"><br \/>\nDiese Extrakte k\u00f6nnen direkt auf der Haut von Gesicht und K\u00f6rper oder zus\u00e4tzlich zu anderen Grundlagen (Creme, Gele oder \u00d6le) verwendet werden. Sie haben dermopurifizierende, anti-reddening, aufhellende und feuchtigkeitsspendende Eigenschaften. <\/span><\/p>\n<p><span data-sheets-value=\"{\"1\":2,\"2\":\"Questi estratti si possono utilizzare direttamente sulla pelle del viso e del corpo o in aggiunta ad altre basi (crema, gel o oli)\\nHa propriet\u00e0 dermopurificante, antiarrossamento, schiarente, idratante. La Bardana svolge un'azione di rigenerazione cellulare, addolcente e lenitiva. Specifica per il trattamento delle pelli sensibili e con couperose, \u00e8 in particolare consigliata anche per le cuti impure e acneiche. Essa stimola la purificazione ed il riequilibrio del tessuto cutaneo.\"}\" data-sheets-userformat=\"{\"2\":15297,\"3\":{\"1\":0},\"9\":0,\"10\":2,\"11\":0,\"12\":0,\"14\":{\"1\":2,\"2\":0},\"15\":\"Calibri\",\"16\":11}\">Die Klette hat eine zellregenerierende, erweichende und beruhigende Wirkung. Speziell f\u00fcr die Behandlung von empfindlicher und zu Couperose neigender Haut wird sie auch f\u00fcr unreine und zu Akne neigende Haut empfohlen. Es stimuliert die Entschlackung und das Gleichgewicht des Hautgewebes.<\/span><\/p>\n<p>&nbsp;<\/p>\n<p>Gr\u00f6\u00dfe: 30ml<\/p>\n","protected":false},"excerpt":{"rendered":"<p><span data-sheets-value=\"{\"1\":2,\"2\":\"Questi estratti si possono utilizzare direttamente sulla pelle del viso e del corpo o in aggiunta ad altre basi (crema, gel o oli)nHa propriet\u00e0 tonificante, rivitalizzante, elasticizzante. I preparati a base di luppolo vengono utilizzati con molto successo nel trattamento di pelli atone, rugose, poco elastiche, sottili e rilassate. La sua caratteristica azione tonificante sui tessuti cutanei \u00e8 molta utilizzata anche nei trattamenti corpo rassodanti (seno, ventre, gambe)\"}\" data-sheets-userformat=\"{\"2\":15297,\"3\":{\"1\":0},\"9\":0,\"10\":2,\"11\":0,\"12\":0,\"14\":{\"1\":2,\"2\":0},\"15\":\"Calibri\",\"16\":11}\">Das Hydroglycerinat der Klette hat eine zellregenerierende, weichmachende und beruhigende Wirkung.<\/span><\/p>\n","protected":false},"featured_media":54108,"template":"","meta":{"_acf_changed":false},"product_brand":[],"product_cat":[12985,12988,1495,12980],"product_tag":[569,7253,7260,7263,588],"class_list":{"0":"post-48825","1":"product","2":"type-product","3":"status-publish","4":"has-post-thumbnail","6":"product_cat-body","7":"product_cat-gesicht","8":"product_cat-kosmetik","9":"product_cat-mikrokosmos","10":"product_tag-beruhigend","11":"product_tag-glycerinat","12":"product_tag-hydro-de","13":"product_tag-hydroglycerinat","14":"product_tag-klette","16":"first","17":"instock","18":"taxable","19":"shipping-taxable","20":"purchasable","21":"product-type-simple"},"acf":[],"jetpack_sharing_enabled":true,"_links":{"self":[{"href":"https:\/\/cndestetik.ch\/de\/wp-json\/wp\/v2\/product\/48825","targetHints":{"allow":["GET"]}}],"collection":[{"href":"https:\/\/cndestetik.ch\/de\/wp-json\/wp\/v2\/product"}],"about":[{"href":"https:\/\/cndestetik.ch\/de\/wp-json\/wp\/v2\/types\/product"}],"wp:featuredmedia":[{"embeddable":true,"href":"https:\/\/cndestetik.ch\/de\/wp-json\/wp\/v2\/media\/54108"}],"wp:attachment":[{"href":"https:\/\/cndestetik.ch\/de\/wp-json\/wp\/v2\/media?parent=48825"}],"wp:term":[{"taxonomy":"product_brand","embeddable":true,"href":"https:\/\/cndestetik.ch\/de\/wp-json\/wp\/v2\/product_brand?post=48825"},{"taxonomy":"product_cat","embeddable":true,"href":"https:\/\/cndestetik.ch\/de\/wp-json\/wp\/v2\/product_cat?post=48825"},{"taxonomy":"product_tag","embeddable":true,"href":"https:\/\/cndestetik.ch\/de\/wp-json\/wp\/v2\/product_tag?post=48825"}],"curies":[{"name":"wp","href":"https:\/\/api.w.org\/{rel}","templated":true}]}}