{"id":48820,"date":"2022-06-21T09:17:21","date_gmt":"2022-06-21T07:17:21","guid":{"rendered":"https:\/\/cndestetik.ch\/prodotto\/fluessige-gesichtsemulsion-fuer-maenner\/"},"modified":"2025-01-23T09:45:02","modified_gmt":"2025-01-23T08:45:02","slug":"emulsion-mann-fluid","status":"publish","type":"product","link":"https:\/\/cndestetik.ch\/de\/prodotto\/emulsion-mann-fluid\/","title":{"rendered":"Fl\u00fcssige Gesichtsemulsion f\u00fcr M\u00e4nner"},"content":{"rendered":"<p>E<span data-sheets-value=\"{\"1\":2,\"2\":\"Ottima texture fluida per una crema fluida dopo barba, ad azione idratante e lenitiva grazie all'estratto di malva e ricca di mucillaggini dona alla cute distensione e morbidezza.\"}\" data-sheets-userformat=\"{\"2\":15297,\"3\":{\"1\":0},\"9\":0,\"10\":2,\"11\":0,\"12\":0,\"14\":{\"1\":2,\"2\":0},\"15\":\"Calibri\",\"16\":11}\">ine ausgezeichnete fl\u00fcssige Textur f\u00fcr eine Aftershave-Creme, mit feuchtigkeitsspendender und beruhigender Wirkung dank Malvenextrakt und reich an Schleimstoffen, die die Haut beruhigen und weich machen.<\/span> Gr\u00f6\u00dfe: 30ml<\/p>\n","protected":false},"excerpt":{"rendered":"<p>Feuchtigkeitsspendende und beruhigende Aftershave-Creme.<\/p>\n","protected":false},"featured_media":54036,"template":"","meta":{"_acf_changed":false},"product_brand":[],"product_cat":[12988,1495,12980],"product_tag":[7330,7332,7324,4185,3836,594,547,7327],"class_list":{"0":"post-48820","1":"product","2":"type-product","3":"status-publish","4":"has-post-thumbnail","6":"product_cat-gesicht","7":"product_cat-kosmetik","8":"product_cat-mikrokosmos","9":"product_tag-aftershave","10":"product_tag-aftershave-de","11":"product_tag-bart","12":"product_tag-beruhigend-de-3","13":"product_tag-creme-de","14":"product_tag-feuchtigkeitscreme","15":"product_tag-malve","16":"product_tag-nach-de","18":"first","19":"instock","20":"taxable","21":"shipping-taxable","22":"purchasable","23":"product-type-simple"},"acf":[],"jetpack_sharing_enabled":true,"_links":{"self":[{"href":"https:\/\/cndestetik.ch\/de\/wp-json\/wp\/v2\/product\/48820","targetHints":{"allow":["GET"]}}],"collection":[{"href":"https:\/\/cndestetik.ch\/de\/wp-json\/wp\/v2\/product"}],"about":[{"href":"https:\/\/cndestetik.ch\/de\/wp-json\/wp\/v2\/types\/product"}],"wp:featuredmedia":[{"embeddable":true,"href":"https:\/\/cndestetik.ch\/de\/wp-json\/wp\/v2\/media\/54036"}],"wp:attachment":[{"href":"https:\/\/cndestetik.ch\/de\/wp-json\/wp\/v2\/media?parent=48820"}],"wp:term":[{"taxonomy":"product_brand","embeddable":true,"href":"https:\/\/cndestetik.ch\/de\/wp-json\/wp\/v2\/product_brand?post=48820"},{"taxonomy":"product_cat","embeddable":true,"href":"https:\/\/cndestetik.ch\/de\/wp-json\/wp\/v2\/product_cat?post=48820"},{"taxonomy":"product_tag","embeddable":true,"href":"https:\/\/cndestetik.ch\/de\/wp-json\/wp\/v2\/product_tag?post=48820"}],"curies":[{"name":"wp","href":"https:\/\/api.w.org\/{rel}","templated":true}]}}