{"id":48816,"date":"2022-06-22T10:48:47","date_gmt":"2022-06-22T08:48:47","guid":{"rendered":"https:\/\/cndestetik.ch\/prodotto\/schachtelhalm-hydro-glycerinat\/"},"modified":"2025-01-23T09:47:49","modified_gmt":"2025-01-23T08:47:49","slug":"hydro-glycerinato-di-equiseto","status":"publish","type":"product","link":"https:\/\/cndestetik.ch\/de\/prodotto\/hydro-glycerinato-di-equiseto\/","title":{"rendered":"Schachtelhalm-Hydro-Glycerinat"},"content":{"rendered":"<p><span data-sheets-value=\"{\"1\":2,\"2\":\"Questi estratti si possono utilizzare direttamente sulla pelle del viso e del corpo o in aggiunta ad altre basi (crema, gel o oli)\\nHa propriet\u00e0 rimineralizzante, per pelli rilassate, rugose, disidratate e atone. Una delle caratteristiche fondamentali dell'equiseto \u00e8 l'elevato contenuto di silice, sali di potassio, equisetonina e flavonoidi, che ne fanno una delle piante pi\u00f9 rimineralizzanti pi\u00f9 valide ed utilizzate nella fitocosmetica. Esso aiuta a fortificare i tessuti rendendo la pelle pi\u00f9 luminosa e brillante.\\n\\n\"}\" data-sheets-userformat=\"{\"2\":15297,\"3\":{\"1\":0},\"9\":0,\"10\":2,\"11\":0,\"12\":0,\"14\":{\"1\":2,\"2\":0},\"15\":\"Calibri\",\"16\":11}\"><br \/>\nDiese Extrakte k\u00f6nnen direkt auf der Haut von Gesicht und K\u00f6rper oder als Zusatz zu anderen Grundlagen (Creme, Gele oder \u00d6le) verwendet werden. Sie haben remineralisierende Eigenschaften, f\u00fcr entspannte, faltige, dehydrierte und atonische Haut. <\/span><\/p>\n<p><span data-sheets-value=\"{\"1\":2,\"2\":\"Questi estratti si possono utilizzare direttamente sulla pelle del viso e del corpo o in aggiunta ad altre basi (crema, gel o oli)\\nHa propriet\u00e0 rimineralizzante, per pelli rilassate, rugose, disidratate e atone. Una delle caratteristiche fondamentali dell'equiseto \u00e8 l'elevato contenuto di silice, sali di potassio, equisetonina e flavonoidi, che ne fanno una delle piante pi\u00f9 rimineralizzanti pi\u00f9 valide ed utilizzate nella fitocosmetica. Esso aiuta a fortificare i tessuti rendendo la pelle pi\u00f9 luminosa e brillante.\\n\\n\"}\" data-sheets-userformat=\"{\"2\":15297,\"3\":{\"1\":0},\"9\":0,\"10\":2,\"11\":0,\"12\":0,\"14\":{\"1\":2,\"2\":0},\"15\":\"Calibri\",\"16\":11}\">Eine wichtige Eigenschaft des Schachtelhalms ist sein hoher Gehalt an Kiesels\u00e4ure, Kaliumsalzen, Equisetonin und Flavonoiden, was ihn zu einer der wertvollsten remineralisierenden Pflanzen in der Phytokosmetik macht. Es tr\u00e4gt zur St\u00e4rkung des Gewebes bei und macht die Haut strahlender und leuchtender.<\/span><\/p>\n<p>&nbsp;<\/p>\n<p>Gr\u00f6\u00dfe: 30ml<\/p>\n","protected":false},"excerpt":{"rendered":"<p><span data-sheets-value=\"{\"1\":2,\"2\":\"Questi estratti si possono utilizzare direttamente sulla pelle del viso e del corpo o in aggiunta ad altre basi (crema, gel o oli)nHa propriet\u00e0 tonificante, rivitalizzante, elasticizzante. I preparati a base di luppolo vengono utilizzati con molto successo nel trattamento di pelli atone, rugose, poco elastiche, sottili e rilassate. La sua caratteristica azione tonificante sui tessuti cutanei \u00e8 molta utilizzata anche nei trattamenti corpo rassodanti (seno, ventre, gambe)\"}\" data-sheets-userformat=\"{\"2\":15297,\"3\":{\"1\":0},\"9\":0,\"10\":2,\"11\":0,\"12\":0,\"14\":{\"1\":2,\"2\":0},\"15\":\"Calibri\",\"16\":11}\">Schachtelhalm-Hydro-Glycerinat, remineralisierend, f\u00fcr entspannte, faltige, dehydrierte und atonische Haut.<\/span><\/p>\n","protected":false},"featured_media":54112,"template":"","meta":{"_acf_changed":false},"product_brand":[],"product_cat":[12985,12988,1495,12980,9904],"product_tag":[9818,741,7253,7260,7263,615],"class_list":{"0":"post-48816","1":"product","2":"type-product","3":"status-publish","4":"has-post-thumbnail","6":"product_cat-body","7":"product_cat-gesicht","8":"product_cat-kosmetik","9":"product_cat-mikrokosmos","10":"product_cat-pink-bird","11":"product_tag-anreicherung","12":"product_tag-erhellend","13":"product_tag-glycerinat","14":"product_tag-hydro-de","15":"product_tag-hydroglycerinat","16":"product_tag-schachtelhalm","18":"first","19":"instock","20":"taxable","21":"shipping-taxable","22":"purchasable","23":"product-type-simple"},"acf":[],"jetpack_sharing_enabled":true,"_links":{"self":[{"href":"https:\/\/cndestetik.ch\/de\/wp-json\/wp\/v2\/product\/48816","targetHints":{"allow":["GET"]}}],"collection":[{"href":"https:\/\/cndestetik.ch\/de\/wp-json\/wp\/v2\/product"}],"about":[{"href":"https:\/\/cndestetik.ch\/de\/wp-json\/wp\/v2\/types\/product"}],"wp:featuredmedia":[{"embeddable":true,"href":"https:\/\/cndestetik.ch\/de\/wp-json\/wp\/v2\/media\/54112"}],"wp:attachment":[{"href":"https:\/\/cndestetik.ch\/de\/wp-json\/wp\/v2\/media?parent=48816"}],"wp:term":[{"taxonomy":"product_brand","embeddable":true,"href":"https:\/\/cndestetik.ch\/de\/wp-json\/wp\/v2\/product_brand?post=48816"},{"taxonomy":"product_cat","embeddable":true,"href":"https:\/\/cndestetik.ch\/de\/wp-json\/wp\/v2\/product_cat?post=48816"},{"taxonomy":"product_tag","embeddable":true,"href":"https:\/\/cndestetik.ch\/de\/wp-json\/wp\/v2\/product_tag?post=48816"}],"curies":[{"name":"wp","href":"https:\/\/api.w.org\/{rel}","templated":true}]}}