{"id":48810,"date":"2022-06-20T16:38:13","date_gmt":"2022-06-20T14:38:13","guid":{"rendered":"https:\/\/cndestetik.ch\/prodotto\/balsamico-salbe\/"},"modified":"2025-02-07T08:51:33","modified_gmt":"2025-02-07T07:51:33","slug":"balsamico-salbe","status":"publish","type":"product","link":"https:\/\/cndestetik.ch\/de\/prodotto\/balsamico-salbe\/","title":{"rendered":"Balsamico-Salbe"},"content":{"rendered":"<p><span data-sheets-value=\"{\"1\":2,\"2\":\"Oleoliti Spagirici di: Timo Rosso e Elicriso - Oli Essenziali di Eucalipto, Menta , Pino Silvestre, Timo. Le propriet\u00e0 espettoranti e antibatteriche dell'oleolito di Timo e di Elicriso e degli oli essenziali rendono questo unguento particolarmente adatto in caso di problematiche respiratorie. Si consiglia di applicarlo sul petto e sulla parte alta della schiena a livello dei polmoni massaggiando per favorirne l'assorbimento. Purifica e libera le vie respiratorie dando benessere e sollievo.\\n\\nL'unguento ha origini molto antiche, \u00e8 una preparazione per uso esterno in fase grassa. Gli unguenti Microcosmo contengono come base il burro di Karit\u00e8, la cera d'api e gli oli vegetali. La sostanza funzionale \u00e8 rappresentata dagli oleoliti spagirici e dagli oli essenziali. Gli oleoliti spagirici, estratti con olio di ricino secondo le tecniche della spagiria, hanno ottime propriet\u00e0 chimiche ed energetiche. Esse sono valorizzate ed amplificate dagli oli essenziali che caratterizzano anche il profumo degli unguenti.\"}\" data-sheets-userformat=\"{\"2\":15297,\"3\":{\"1\":0},\"9\":0,\"10\":2,\"11\":0,\"12\":0,\"14\":{\"1\":2,\"2\":0},\"15\":\"Calibri\",\"16\":11}\">Spagyrische Oleolithe von: Roter Thymian und Helichrysum &#8211; \u00c4therische \u00d6le aus Eukalyptus, Minze, Waldkiefer und Thymian.  <\/span><\/p>\n<p><span data-sheets-value=\"{\"1\":2,\"2\":\"Oleoliti Spagirici di: Timo Rosso e Elicriso - Oli Essenziali di Eucalipto, Menta , Pino Silvestre, Timo. Le propriet\u00e0 espettoranti e antibatteriche dell'oleolito di Timo e di Elicriso e degli oli essenziali rendono questo unguento particolarmente adatto in caso di problematiche respiratorie. Si consiglia di applicarlo sul petto e sulla parte alta della schiena a livello dei polmoni massaggiando per favorirne l'assorbimento. Purifica e libera le vie respiratorie dando benessere e sollievo.\\n\\nL'unguento ha origini molto antiche, \u00e8 una preparazione per uso esterno in fase grassa. Gli unguenti Microcosmo contengono come base il burro di Karit\u00e8, la cera d'api e gli oli vegetali. La sostanza funzionale \u00e8 rappresentata dagli oleoliti spagirici e dagli oli essenziali. Gli oleoliti spagirici, estratti con olio di ricino secondo le tecniche della spagiria, hanno ottime propriet\u00e0 chimiche ed energetiche. Esse sono valorizzate ed amplificate dagli oli essenziali che caratterizzano anche il profumo degli unguenti.\"}\" data-sheets-userformat=\"{\"2\":15297,\"3\":{\"1\":0},\"9\":0,\"10\":2,\"11\":0,\"12\":0,\"14\":{\"1\":2,\"2\":0},\"15\":\"Calibri\",\"16\":11}\">Die schleiml\u00f6senden und antibakteriellen Eigenschaften von Thymian- und Helichrysum-Oleolith und \u00e4therischen \u00d6len machen diese Salbe besonders geeignet f\u00fcr Atemwegsprobleme. Es wird empfohlen, es auf die Brust und den oberen R\u00fccken in H\u00f6he der Lunge aufzutragen und zu massieren, um die Aufnahme zu f\u00f6rdern. Es reinigt und befreit die Atemwege und sorgt f\u00fcr Wohlbefinden und Linderung.<\/span><\/p>\n<p>Die Salbe hat einen sehr alten Ursprung; es handelt sich um eine Zubereitung zur \u00e4u\u00dferen Anwendung in der \u00f6ligen Phase. Microcosmo-Salben enthalten Sheabutter, Bienenwachs und pflanzliche \u00d6le als Grundlage. Die funktionelle Substanz wird durch spagyrische Oleolithe und \u00e4therische \u00d6le repr\u00e4sentiert. Spagyrische Oleolithe, die mit Rizinus\u00f6l nach dem spagyrischen Verfahren extrahiert werden, haben hervorragende chemische und energetische Eigenschaften. Sie werden durch die \u00e4therischen \u00d6le, die auch den Duft der Salben pr\u00e4gen, verst\u00e4rkt und verst\u00e4rkt.<\/p>\n<p>Geeignet f\u00fcr Erwachsene und Kinder<\/p>\n<p>Gr\u00f6\u00dfe: 50ml<\/p>\n","protected":false},"excerpt":{"rendered":"<p>Salbe, die auf R\u00fccken und Brust aufgetragen wird, um die Atmung zu f\u00f6rdern.<\/p>\n","protected":false},"featured_media":49151,"template":"","meta":{"_acf_changed":false},"product_brand":[],"product_cat":[12985,1495,12980,11234],"product_tag":[7317,4633,7309,525,501,9830,7227,540],"class_list":{"0":"post-48810","1":"product","2":"type-product","3":"status-publish","4":"has-post-thumbnail","6":"product_cat-body","7":"product_cat-kosmetik","8":"product_cat-mikrokosmos","9":"product_cat-physiotherapie-de","10":"product_tag-atmen","11":"product_tag-balsam-de","12":"product_tag-balsamico-de","13":"product_tag-eukalyptus","14":"product_tag-minze","15":"product_tag-pino-silvestre-de","16":"product_tag-salbe","17":"product_tag-thymian","19":"first","20":"instock","21":"taxable","22":"shipping-taxable","23":"purchasable","24":"product-type-simple"},"acf":[],"jetpack_sharing_enabled":true,"_links":{"self":[{"href":"https:\/\/cndestetik.ch\/de\/wp-json\/wp\/v2\/product\/48810","targetHints":{"allow":["GET"]}}],"collection":[{"href":"https:\/\/cndestetik.ch\/de\/wp-json\/wp\/v2\/product"}],"about":[{"href":"https:\/\/cndestetik.ch\/de\/wp-json\/wp\/v2\/types\/product"}],"wp:featuredmedia":[{"embeddable":true,"href":"https:\/\/cndestetik.ch\/de\/wp-json\/wp\/v2\/media\/49151"}],"wp:attachment":[{"href":"https:\/\/cndestetik.ch\/de\/wp-json\/wp\/v2\/media?parent=48810"}],"wp:term":[{"taxonomy":"product_brand","embeddable":true,"href":"https:\/\/cndestetik.ch\/de\/wp-json\/wp\/v2\/product_brand?post=48810"},{"taxonomy":"product_cat","embeddable":true,"href":"https:\/\/cndestetik.ch\/de\/wp-json\/wp\/v2\/product_cat?post=48810"},{"taxonomy":"product_tag","embeddable":true,"href":"https:\/\/cndestetik.ch\/de\/wp-json\/wp\/v2\/product_tag?post=48810"}],"curies":[{"name":"wp","href":"https:\/\/api.w.org\/{rel}","templated":true}]}}