{"id":48792,"date":"2022-06-21T10:44:05","date_gmt":"2022-06-21T08:44:05","guid":{"rendered":"https:\/\/cndestetik.ch\/prodotto\/post-pilations-trockenoel\/"},"modified":"2025-01-23T09:33:41","modified_gmt":"2025-01-23T08:33:41","slug":"oltrocken-postepiliert","status":"publish","type":"product","link":"https:\/\/cndestetik.ch\/de\/prodotto\/oltrocken-postepiliert\/","title":{"rendered":"Post-Pilations-Trocken\u00f6l"},"content":{"rendered":"<p><span style=\"vertical-align: inherit\"><span style=\"vertical-align: inherit\">Pflegendes und beruhigendes Trocken\u00f6l f\u00fcr die Anwendung direkt nach der Epilation.<\/span><\/span><\/p>\n<p><span style=\"vertical-align: inherit\"><span style=\"vertical-align: inherit\">Die Formulierung hinterl\u00e4sst die Haut trocken und nicht fettig, pflegt gr\u00fcndlich, beruhigt und lindert R\u00f6tungen, die durch die hei\u00dfe Wirkung des Wachses und die Entz\u00fcndung der Tr\u00e4ne verursacht werden.<\/span><\/span><\/p>\n<p><span style=\"vertical-align: inherit\"><span style=\"vertical-align: inherit\">Erh\u00e4ltlich in zwei Versionen:<\/span><\/span><\/p>\n<p><span style=\"vertical-align: inherit\"><span style=\"vertical-align: inherit\">125ml: mit dem praktischen Zerst\u00e4uber, um auch die empfindlichsten Stellen ohne Reiben zu erreichen oder f\u00fcr den Intimbereich.<\/span><\/span><\/p>\n<p><span style=\"vertical-align: inherit\"><span style=\"vertical-align: inherit\">500ml: zum Nachf\u00fcllen der 125ml oder zum Ausbringen von mehr Produkt f\u00fcr gr\u00f6\u00dfere Fl\u00e4chen.<\/span><\/span><\/p>\n","protected":false},"excerpt":{"rendered":"<p><span style=\"vertical-align: inherit\"><span style=\"vertical-align: inherit\">Pflegendes und beruhigendes Trocken\u00f6l f\u00fcr die Anwendung direkt nach der Epilation.<\/span><\/span><\/p>\n","protected":false},"featured_media":54372,"template":"","meta":{"_acf_changed":false},"product_brand":[],"product_cat":[12985,1495,12980],"product_tag":[7283,905,2192,4151],"class_list":{"0":"post-48792","1":"product","2":"type-product","3":"status-publish","4":"has-post-thumbnail","6":"product_cat-body","7":"product_cat-kosmetik","8":"product_cat-mikrokosmos","9":"product_tag-beitrag","10":"product_tag-epilation","11":"product_tag-ol-de","12":"product_tag-trocken-de","13":"pa_formato-125ml-de","14":"pa_formato-500ml-de","16":"first","17":"instock","18":"taxable","19":"shipping-taxable","20":"purchasable","21":"product-type-variable","22":"has-default-attributes"},"acf":[],"jetpack_sharing_enabled":true,"_links":{"self":[{"href":"https:\/\/cndestetik.ch\/de\/wp-json\/wp\/v2\/product\/48792","targetHints":{"allow":["GET"]}}],"collection":[{"href":"https:\/\/cndestetik.ch\/de\/wp-json\/wp\/v2\/product"}],"about":[{"href":"https:\/\/cndestetik.ch\/de\/wp-json\/wp\/v2\/types\/product"}],"wp:featuredmedia":[{"embeddable":true,"href":"https:\/\/cndestetik.ch\/de\/wp-json\/wp\/v2\/media\/54372"}],"wp:attachment":[{"href":"https:\/\/cndestetik.ch\/de\/wp-json\/wp\/v2\/media?parent=48792"}],"wp:term":[{"taxonomy":"product_brand","embeddable":true,"href":"https:\/\/cndestetik.ch\/de\/wp-json\/wp\/v2\/product_brand?post=48792"},{"taxonomy":"product_cat","embeddable":true,"href":"https:\/\/cndestetik.ch\/de\/wp-json\/wp\/v2\/product_cat?post=48792"},{"taxonomy":"product_tag","embeddable":true,"href":"https:\/\/cndestetik.ch\/de\/wp-json\/wp\/v2\/product_tag?post=48792"}],"curies":[{"name":"wp","href":"https:\/\/api.w.org\/{rel}","templated":true}]}}