{"id":48790,"date":"2022-06-22T10:52:14","date_gmt":"2022-06-22T08:52:14","guid":{"rendered":"https:\/\/cndestetik.ch\/prodotto\/echinacea-hydro-glycerinat\/"},"modified":"2025-02-07T08:46:29","modified_gmt":"2025-02-07T07:46:29","slug":"hydro-glycerinat-echinacea","status":"publish","type":"product","link":"https:\/\/cndestetik.ch\/de\/prodotto\/hydro-glycerinat-echinacea\/","title":{"rendered":"Echinacea-Hydro-Glycerinat"},"content":{"rendered":"<p><span data-sheets-value=\"{\"1\":2,\"2\":\"Questi estratti si possono utilizzare direttamente sulla pelle del viso e del corpo o in aggiunta ad altre basi (crema, gel o oli)\\nHa propriet\u00e0 antirughe, coadiuvante nel trattamento, l'echinacea nella fitoterapia \u00e8 una delle piante pi\u00f9 indicate per rafforzare le difese immunitarie e nella cosmesi viene utilizzata per il trattamento contro l'invecchiamento cutaneo, le rughe e le smagliature. Essa stimola la protezione dei tessuti sostenendo il loro mantenimento.\"}\" data-sheets-userformat=\"{\"2\":15297,\"3\":{\"1\":0},\"9\":0,\"10\":2,\"11\":0,\"12\":0,\"14\":{\"1\":2,\"2\":0},\"15\":\"Calibri\",\"16\":11}\"><br \/>\nDiese Extrakte k\u00f6nnen direkt auf der Haut von Gesicht und K\u00f6rper oder zus\u00e4tzlich zu anderen Grundlagen (Creme, Gele oder \u00d6le) verwendet werden. Echinacea ist in der Phytotherapie eine der am besten geeigneten Pflanzen zur St\u00e4rkung des Immunsystems und wird in der Kosmetik zur Behandlung von Hautalterung, Falten und Dehnungsstreifen eingesetzt. Es stimuliert den Gewebeschutz, indem es die Gewebepflege unterst\u00fctzt.<\/span><\/p>\n<p>&nbsp;<\/p>\n<p>Gr\u00f6\u00dfe: 30ml<\/p>\n","protected":false},"excerpt":{"rendered":"<p><span data-sheets-value=\"{\"1\":2,\"2\":\"Questi estratti si possono utilizzare direttamente sulla pelle del viso e del corpo o in aggiunta ad altre basi (crema, gel o oli)nHa propriet\u00e0 tonificante, rivitalizzante, elasticizzante. I preparati a base di luppolo vengono utilizzati con molto successo nel trattamento di pelli atone, rugose, poco elastiche, sottili e rilassate. La sua caratteristica azione tonificante sui tessuti cutanei \u00e8 molta utilizzata anche nei trattamenti corpo rassodanti (seno, ventre, gambe)\"}\" data-sheets-userformat=\"{\"2\":15297,\"3\":{\"1\":0},\"9\":0,\"10\":2,\"11\":0,\"12\":0,\"14\":{\"1\":2,\"2\":0},\"15\":\"Calibri\",\"16\":11}\">Echinacea-Hydro-Glycerinat, gegen Falten, anregend und st\u00e4rkend.<\/span><\/p>\n","protected":false},"featured_media":46938,"template":"","meta":{"_acf_changed":false},"product_brand":[],"product_cat":[12985,12988,1495,12980],"product_tag":[3714,7278,7253,7260,7263],"class_list":{"0":"post-48790","1":"product","2":"type-product","3":"status-publish","4":"has-post-thumbnail","6":"product_cat-body","7":"product_cat-gesicht","8":"product_cat-kosmetik","9":"product_cat-mikrokosmos","10":"product_tag-anti-aging-de","11":"product_tag-echinacea-de","12":"product_tag-glycerinat","13":"product_tag-hydro-de","14":"product_tag-hydroglycerinat","16":"first","17":"instock","18":"taxable","19":"shipping-taxable","20":"purchasable","21":"product-type-simple"},"acf":[],"jetpack_sharing_enabled":true,"_links":{"self":[{"href":"https:\/\/cndestetik.ch\/de\/wp-json\/wp\/v2\/product\/48790","targetHints":{"allow":["GET"]}}],"collection":[{"href":"https:\/\/cndestetik.ch\/de\/wp-json\/wp\/v2\/product"}],"about":[{"href":"https:\/\/cndestetik.ch\/de\/wp-json\/wp\/v2\/types\/product"}],"wp:featuredmedia":[{"embeddable":true,"href":"https:\/\/cndestetik.ch\/de\/wp-json\/wp\/v2\/media\/46938"}],"wp:attachment":[{"href":"https:\/\/cndestetik.ch\/de\/wp-json\/wp\/v2\/media?parent=48790"}],"wp:term":[{"taxonomy":"product_brand","embeddable":true,"href":"https:\/\/cndestetik.ch\/de\/wp-json\/wp\/v2\/product_brand?post=48790"},{"taxonomy":"product_cat","embeddable":true,"href":"https:\/\/cndestetik.ch\/de\/wp-json\/wp\/v2\/product_cat?post=48790"},{"taxonomy":"product_tag","embeddable":true,"href":"https:\/\/cndestetik.ch\/de\/wp-json\/wp\/v2\/product_tag?post=48790"}],"curies":[{"name":"wp","href":"https:\/\/api.w.org\/{rel}","templated":true}]}}