{"id":48789,"date":"2022-06-21T15:33:12","date_gmt":"2022-06-21T13:33:12","guid":{"rendered":"https:\/\/cndestetik.ch\/prodotto\/lippenstift\/"},"modified":"2025-01-23T09:46:25","modified_gmt":"2025-01-23T08:46:25","slug":"lippenstift","status":"publish","type":"product","link":"https:\/\/cndestetik.ch\/de\/prodotto\/lippenstift\/","title":{"rendered":"Lippenstift"},"content":{"rendered":"<p><span data-sheets-value=\"{\"1\":2,\"2\":\"Mantiene per ore idratazione, morbidezza e una protezione sicura per le labbra. Ottimo anche per nei e cicatrici.\"}\" data-sheets-userformat=\"{\"2\":15297,\"3\":{\"1\":0},\"9\":0,\"10\":2,\"11\":0,\"12\":0,\"14\":{\"1\":2,\"2\":0},\"15\":\"Calibri\",\"16\":11}\">Sie bewahrt die Feuchtigkeit, macht die Lippen weich und sch\u00fctzt sie sicher \u00fcber Stunden. Auch gut f\u00fcr Muttermale und Narben.<\/span><\/p>\n<p>Gr\u00f6\u00dfe: 6ml<\/p>\n","protected":false},"excerpt":{"rendered":"<p>Ein feuchtigkeitsspendender Lippenstift, der den Lippen Geschmeidigkeit und Schutz verleiht.<\/p>\n","protected":false},"featured_media":46942,"template":"","meta":{"_acf_changed":false},"product_brand":[],"product_cat":[12988,1495,12980],"product_tag":[4104,742,7279,4105,4065,4111,4113,4128,4110],"class_list":{"0":"post-48789","1":"product","2":"type-product","3":"status-publish","4":"has-post-thumbnail","6":"product_cat-gesicht","7":"product_cat-kosmetik","8":"product_cat-mikrokosmos","9":"product_tag-flussigkeitszufuhr","10":"product_tag-lippen","11":"product_tag-lippenstift-de-2","12":"product_tag-sanftheit","13":"product_tag-schutz","14":"product_tag-solar-de","15":"product_tag-sonnenschein","16":"product_tag-sonnenschutzmittel","17":"product_tag-stick-de","19":"first","20":"instock","21":"taxable","22":"shipping-taxable","23":"purchasable","24":"product-type-simple"},"acf":[],"jetpack_sharing_enabled":true,"_links":{"self":[{"href":"https:\/\/cndestetik.ch\/de\/wp-json\/wp\/v2\/product\/48789","targetHints":{"allow":["GET"]}}],"collection":[{"href":"https:\/\/cndestetik.ch\/de\/wp-json\/wp\/v2\/product"}],"about":[{"href":"https:\/\/cndestetik.ch\/de\/wp-json\/wp\/v2\/types\/product"}],"wp:featuredmedia":[{"embeddable":true,"href":"https:\/\/cndestetik.ch\/de\/wp-json\/wp\/v2\/media\/46942"}],"wp:attachment":[{"href":"https:\/\/cndestetik.ch\/de\/wp-json\/wp\/v2\/media?parent=48789"}],"wp:term":[{"taxonomy":"product_brand","embeddable":true,"href":"https:\/\/cndestetik.ch\/de\/wp-json\/wp\/v2\/product_brand?post=48789"},{"taxonomy":"product_cat","embeddable":true,"href":"https:\/\/cndestetik.ch\/de\/wp-json\/wp\/v2\/product_cat?post=48789"},{"taxonomy":"product_tag","embeddable":true,"href":"https:\/\/cndestetik.ch\/de\/wp-json\/wp\/v2\/product_tag?post=48789"}],"curies":[{"name":"wp","href":"https:\/\/api.w.org\/{rel}","templated":true}]}}