{"id":48788,"date":"2022-06-21T14:57:45","date_gmt":"2022-06-21T12:57:45","guid":{"rendered":"https:\/\/cndestetik.ch\/prodotto\/eingewachsene-naegel-behandlung-gel\/"},"modified":"2025-01-23T09:35:04","modified_gmt":"2025-01-23T08:35:04","slug":"gel-nagel-behandlung-inkarniert","status":"publish","type":"product","link":"https:\/\/cndestetik.ch\/de\/prodotto\/gel-nagel-behandlung-inkarniert\/","title":{"rendered":"Eingewachsene N\u00e4gel Behandlung Gel"},"content":{"rendered":"<p><span data-sheets-value=\"{\"1\":2,\"2\":\"Con Argilla Verde Ventilata e il nuovo Gel Microcosmo: un trattamento completo che dona benessere a tutto il piede e prepara alla pedicure specifica della unghie incarnite.\\n\\nIl Gel Microcosmo per il trattamento Unghia Incarnita aiuta a rinfrescare e purificare la zona attorno all\u2019unghia incarnta attenuando i rossori e l\u2019infiammazione grazie all\u2019Aloe dalle note propriet\u00e0 rinfrescanti, emollienti e antinfiammatorie, utilissimo nel trattare l\u2019unghia incarnita in quanto elimina dolori e rossori dati dall\u2019infiammazione cutanea circostante.\\n\\nScopri anche il Nuovo Composto Spagirico per il Trattamento delle Micosi: con Argento colloidale, Oleoliti Spagirici e Oli essenziali.\\n\\n\"}\" data-sheets-userformat=\"{\"2\":15297,\"3\":{\"1\":0},\"9\":0,\"10\":2,\"11\":0,\"12\":0,\"14\":{\"1\":2,\"2\":0},\"15\":\"Calibri\",\"16\":11}\">Mit bel\u00fcfteter gr\u00fcner Tonerde und dem neuen Microcosmo Gel: eine komplette Behandlung, die dem ganzen Fu\u00df Wohlbefinden verleiht und auf die spezielle Pedik\u00fcre f\u00fcr eingewachsene N\u00e4gel vorbereitet.<\/span><\/p>\n<p>Das Microcosmo Gel zur Behandlung eingewachsener N\u00e4gel hilft, den Bereich um den eingewachsenen Nagel zu erfrischen und zu reinigen und lindert R\u00f6tungen und Entz\u00fcndungen dank der Aloe mit ihren bekannten erfrischenden, lindernden und entz\u00fcndungshemmenden Eigenschaften. Es ist \u00e4u\u00dferst n\u00fctzlich bei der Behandlung eingewachsener N\u00e4gel, da es Schmerzen und R\u00f6tungen beseitigt, die durch die Entz\u00fcndung der umliegenden Haut verursacht werden.<\/p>\n<p>Entdecken Sie auch das neue spagyrische Pr\u00e4parat zur Behandlung von Mykosen: mit kolloidalem Silber, spagyrischen Oleolithen und \u00e4therischen \u00d6len.<span data-sheets-value=\"{\"1\":2,\"2\":\"Con Argilla Verde Ventilata e il nuovo Gel Microcosmo: un trattamento completo che dona benessere a tutto il piede e prepara alla pedicure specifica della unghie incarnite.\\n\\nIl Gel Microcosmo per il trattamento Unghia Incarnita aiuta a rinfrescare e purificare la zona attorno all\u2019unghia incarnta attenuando i rossori e l\u2019infiammazione grazie all\u2019Aloe dalle note propriet\u00e0 rinfrescanti, emollienti e antinfiammatorie, utilissimo nel trattare l\u2019unghia incarnita in quanto elimina dolori e rossori dati dall\u2019infiammazione cutanea circostante.\\n\\nScopri anche il Nuovo Composto Spagirico per il Trattamento delle Micosi: con Argento colloidale, Oleoliti Spagirici e Oli essenziali.\\n\\n\"}\" data-sheets-userformat=\"{\"2\":15297,\"3\":{\"1\":0},\"9\":0,\"10\":2,\"11\":0,\"12\":0,\"14\":{\"1\":2,\"2\":0},\"15\":\"Calibri\",\"16\":11}\">Gr\u00f6\u00dfe: 30ml<\/span><\/p>\n","protected":false},"excerpt":{"rendered":"<p>Gel geeignet f\u00fcr eingewachsene N\u00e4gel, lindert R\u00f6tungen und beruhigt Entz\u00fcndungen.<\/p>\n","protected":false},"featured_media":46913,"template":"","meta":{"_acf_changed":false},"product_brand":[],"product_cat":[12985,1495,12980,11230],"product_tag":[7310,7276,7281,8394,1279,4577,5160,1357],"class_list":{"0":"post-48788","1":"product","2":"type-product","3":"status-publish","4":"has-post-thumbnail","6":"product_cat-body","7":"product_cat-kosmetik","8":"product_cat-mikrokosmos","9":"product_cat-tatuatoren","10":"product_tag-beluftet","11":"product_tag-eingewachsen","12":"product_tag-eingewachsen-de","13":"product_tag-entzundungshemmend","14":"product_tag-gel-de","15":"product_tag-lehm","16":"product_tag-nagel-de-4","17":"product_tag-nagel-de-2","19":"first","20":"instock","21":"taxable","22":"shipping-taxable","23":"purchasable","24":"product-type-simple"},"acf":[],"jetpack_sharing_enabled":true,"_links":{"self":[{"href":"https:\/\/cndestetik.ch\/de\/wp-json\/wp\/v2\/product\/48788","targetHints":{"allow":["GET"]}}],"collection":[{"href":"https:\/\/cndestetik.ch\/de\/wp-json\/wp\/v2\/product"}],"about":[{"href":"https:\/\/cndestetik.ch\/de\/wp-json\/wp\/v2\/types\/product"}],"wp:featuredmedia":[{"embeddable":true,"href":"https:\/\/cndestetik.ch\/de\/wp-json\/wp\/v2\/media\/46913"}],"wp:attachment":[{"href":"https:\/\/cndestetik.ch\/de\/wp-json\/wp\/v2\/media?parent=48788"}],"wp:term":[{"taxonomy":"product_brand","embeddable":true,"href":"https:\/\/cndestetik.ch\/de\/wp-json\/wp\/v2\/product_brand?post=48788"},{"taxonomy":"product_cat","embeddable":true,"href":"https:\/\/cndestetik.ch\/de\/wp-json\/wp\/v2\/product_cat?post=48788"},{"taxonomy":"product_tag","embeddable":true,"href":"https:\/\/cndestetik.ch\/de\/wp-json\/wp\/v2\/product_tag?post=48788"}],"curies":[{"name":"wp","href":"https:\/\/api.w.org\/{rel}","templated":true}]}}