{"id":48786,"date":"2022-06-22T10:45:10","date_gmt":"2022-06-22T08:45:10","guid":{"rendered":"https:\/\/cndestetik.ch\/prodotto\/hamamelis-hydro-glycerinat\/"},"modified":"2025-02-07T08:46:34","modified_gmt":"2025-02-07T07:46:34","slug":"hydro-glycerinat-von-hamamelis","status":"publish","type":"product","link":"https:\/\/cndestetik.ch\/de\/prodotto\/hydro-glycerinat-von-hamamelis\/","title":{"rendered":"Hamamelis-Hydro-Glycerinat"},"content":{"rendered":"<p><span data-sheets-value=\"{\"1\":2,\"2\":\"Questi estratti si possono utilizzare direttamente sulla pelle del viso e del corpo o in aggiunta ad altre basi (crema, gel o oli)\\nHa propriet\u00e0 astringente, schiarente, rinfrescante, lenitivo; ideale nel trattamento delle pelli grasse, delicate e sensibile. E' un prodotto utile sulle macchie cutanee e sulla pelle dal colorito spento.\"}\" data-sheets-userformat=\"{\"2\":15297,\"3\":{\"1\":0},\"9\":0,\"10\":2,\"11\":0,\"12\":0,\"14\":{\"1\":2,\"2\":0},\"15\":\"Calibri\",\"16\":11}\">Diese Extrakte k\u00f6nnen direkt auf der Haut von Gesicht und K\u00f6rper oder zus\u00e4tzlich zu anderen Grundlagen (Creme, Gele oder \u00d6le) verwendet werden.<\/span><\/p>\n<p><span data-sheets-value=\"{\"1\":2,\"2\":\"Questi estratti si possono utilizzare direttamente sulla pelle del viso e del corpo o in aggiunta ad altre basi (crema, gel o oli)\\nHa propriet\u00e0 astringente, schiarente, rinfrescante, lenitivo; ideale nel trattamento delle pelli grasse, delicate e sensibile. E' un prodotto utile sulle macchie cutanee e sulla pelle dal colorito spento.\"}\" data-sheets-userformat=\"{\"2\":15297,\"3\":{\"1\":0},\"9\":0,\"10\":2,\"11\":0,\"12\":0,\"14\":{\"1\":2,\"2\":0},\"15\":\"Calibri\",\"16\":11}\"><br \/>\nEs hat adstringierende, aufhellende, erfrischende und beruhigende Eigenschaften; ideal f\u00fcr die Behandlung von fettiger, zarter und empfindlicher Haut. Es ist ein n\u00fctzliches Produkt bei Hautunreinheiten und fahlem Teint.<\/span><\/p>\n<p>Gr\u00f6\u00dfe: 30ml<\/p>\n","protected":false},"excerpt":{"rendered":"<p><span data-sheets-value=\"{\"1\":2,\"2\":\"Questi estratti si possono utilizzare direttamente sulla pelle del viso e del corpo o in aggiunta ad altre basi (crema, gel o oli)nHa propriet\u00e0 tonificante, rivitalizzante, elasticizzante. I preparati a base di luppolo vengono utilizzati con molto successo nel trattamento di pelli atone, rugose, poco elastiche, sottili e rilassate. La sua caratteristica azione tonificante sui tessuti cutanei \u00e8 molta utilizzata anche nei trattamenti corpo rassodanti (seno, ventre, gambe)\"}\" data-sheets-userformat=\"{\"2\":15297,\"3\":{\"1\":0},\"9\":0,\"10\":2,\"11\":0,\"12\":0,\"14\":{\"1\":2,\"2\":0},\"15\":\"Calibri\",\"16\":11}\">Hamamelis-Hydro-Glycerinat, adstringierend, aufhellend, erfrischend und beruhigend.<\/span><\/p>\n","protected":false},"featured_media":54117,"template":"","meta":{"_acf_changed":false},"product_brand":[],"product_cat":[12985,12988,1495,12980],"product_tag":[7174,8971,7253,7274,7260,7263],"class_list":{"0":"post-48786","1":"product","2":"type-product","3":"status-publish","4":"has-post-thumbnail","6":"product_cat-body","7":"product_cat-gesicht","8":"product_cat-kosmetik","9":"product_cat-mikrokosmos","10":"product_tag-adstringierend","11":"product_tag-aufheller","12":"product_tag-glycerinat","13":"product_tag-hamamelis-de","14":"product_tag-hydro-de","15":"product_tag-hydroglycerinat","17":"first","18":"instock","19":"taxable","20":"shipping-taxable","21":"purchasable","22":"product-type-simple"},"acf":[],"jetpack_sharing_enabled":true,"_links":{"self":[{"href":"https:\/\/cndestetik.ch\/de\/wp-json\/wp\/v2\/product\/48786","targetHints":{"allow":["GET"]}}],"collection":[{"href":"https:\/\/cndestetik.ch\/de\/wp-json\/wp\/v2\/product"}],"about":[{"href":"https:\/\/cndestetik.ch\/de\/wp-json\/wp\/v2\/types\/product"}],"wp:featuredmedia":[{"embeddable":true,"href":"https:\/\/cndestetik.ch\/de\/wp-json\/wp\/v2\/media\/54117"}],"wp:attachment":[{"href":"https:\/\/cndestetik.ch\/de\/wp-json\/wp\/v2\/media?parent=48786"}],"wp:term":[{"taxonomy":"product_brand","embeddable":true,"href":"https:\/\/cndestetik.ch\/de\/wp-json\/wp\/v2\/product_brand?post=48786"},{"taxonomy":"product_cat","embeddable":true,"href":"https:\/\/cndestetik.ch\/de\/wp-json\/wp\/v2\/product_cat?post=48786"},{"taxonomy":"product_tag","embeddable":true,"href":"https:\/\/cndestetik.ch\/de\/wp-json\/wp\/v2\/product_tag?post=48786"}],"curies":[{"name":"wp","href":"https:\/\/api.w.org\/{rel}","templated":true}]}}