{"id":48778,"date":"2022-06-22T10:39:06","date_gmt":"2022-06-22T08:39:06","guid":{"rendered":"https:\/\/cndestetik.ch\/prodotto\/heidelbeer-hydro-glycerinat\/"},"modified":"2025-01-23T09:46:30","modified_gmt":"2025-01-23T08:46:30","slug":"hydro-glycerinat-von-mirtillo","status":"publish","type":"product","link":"https:\/\/cndestetik.ch\/de\/prodotto\/hydro-glycerinat-von-mirtillo\/","title":{"rendered":"Heidelbeer-Hydro-Glycerinat"},"content":{"rendered":"<p><span data-sheets-value=\"{\"1\":2,\"2\":\"Questi estratti si possono utilizzare direttamente sulla pelle del viso e del corpo o in aggiunta ad altre basi (crema, gel o oli)\\nHa propriet\u00e0 disarrossante, vasoprotettore, astringente. Il suo utilizzo \u00e8 diffuso nelle preparazioni destinate al trattamento di pelli sensibili, arrossate e fragili, nonch\u00e8 al trattamento della couperose. Il mirtillo agisce proteggendo le pareti dei capillari pi\u00f9 fragili; in questo modo migliora la microcircolazione sottocutanea alleviando i rossori.\"}\" data-sheets-userformat=\"{\"2\":15297,\"3\":{\"1\":0},\"9\":0,\"10\":2,\"11\":0,\"12\":0,\"14\":{\"1\":2,\"2\":0},\"15\":\"Calibri\",\"16\":11}\"><br \/>\nDiese Extrakte k\u00f6nnen direkt auf der Haut von Gesicht und K\u00f6rper oder zus\u00e4tzlich zu anderen Grundlagen (Creme, Gele oder \u00d6le) verwendet werden. Sie haben entr\u00f6tende, gef\u00e4\u00dfsch\u00fctzende und adstringierende Eigenschaften. Seine Verwendung ist weit verbreitet in Pr\u00e4paraten zur Behandlung von empfindlicher, ger\u00f6teter und zerbrechlicher Haut sowie zur Behandlung von Rosazea.  <\/span><\/p>\n<p><span data-sheets-value=\"{\"1\":2,\"2\":\"Questi estratti si possono utilizzare direttamente sulla pelle del viso e del corpo o in aggiunta ad altre basi (crema, gel o oli)\\nHa propriet\u00e0 disarrossante, vasoprotettore, astringente. Il suo utilizzo \u00e8 diffuso nelle preparazioni destinate al trattamento di pelli sensibili, arrossate e fragili, nonch\u00e8 al trattamento della couperose. Il mirtillo agisce proteggendo le pareti dei capillari pi\u00f9 fragili; in questo modo migliora la microcircolazione sottocutanea alleviando i rossori.\"}\" data-sheets-userformat=\"{\"2\":15297,\"3\":{\"1\":0},\"9\":0,\"10\":2,\"11\":0,\"12\":0,\"14\":{\"1\":2,\"2\":0},\"15\":\"Calibri\",\"16\":11}\">Die Heidelbeere sch\u00fctzt die W\u00e4nde der empfindlichsten Kapillaren und verbessert auf diese Weise die Mikrozirkulation unter der Haut, wodurch R\u00f6tungen gelindert werden.<\/span><\/p>\n<p>Gr\u00f6\u00dfe: 30ml<\/p>\n","protected":false},"excerpt":{"rendered":"<p>Heidelbeer-Hydro-Glycerinat, <span data-sheets-value=\"{\"1\":2,\"2\":\"Questi estratti si possono utilizzare direttamente sulla pelle del viso e del corpo o in aggiunta ad altre basi (crema, gel o oli)\\nHa propriet\u00e0 disarrossante, vasoprotettore, astringente. Il suo utilizzo \u00e8 diffuso nelle preparazioni destinate al trattamento di pelli sensibili, arrossate e fragili, nonch\u00e8 al trattamento della couperose. Il mirtillo agisce proteggendo le pareti dei capillari pi\u00f9 fragili; in questo modo migliora la microcircolazione sottocutanea alleviando i rossori.\"}\" data-sheets-userformat=\"{\"2\":15297,\"3\":{\"1\":0},\"9\":0,\"10\":2,\"11\":0,\"12\":0,\"14\":{\"1\":2,\"2\":0},\"15\":\"Calibri\",\"16\":11}\">entr\u00f6stend, gef\u00e4\u00dfsch\u00fctzend und adstringierend<\/span>.<\/p>\n","protected":false},"featured_media":46934,"template":"","meta":{"_acf_changed":false},"product_brand":[],"product_cat":[12985,12988,1495,12980],"product_tag":[7174,443,3606,7244,7253,7260,7263,9822],"class_list":{"0":"post-48778","1":"product","2":"type-product","3":"status-publish","4":"has-post-thumbnail","6":"product_cat-body","7":"product_cat-gesicht","8":"product_cat-kosmetik","9":"product_cat-mikrokosmos","10":"product_tag-adstringierend","11":"product_tag-blaubeere","12":"product_tag-cellulite-de","13":"product_tag-erleichterung","14":"product_tag-glycerinat","15":"product_tag-hydro-de","16":"product_tag-hydroglycerinat","17":"product_tag-umrotungsmittel","19":"first","20":"instock","21":"taxable","22":"shipping-taxable","23":"purchasable","24":"product-type-simple"},"acf":[],"jetpack_sharing_enabled":true,"_links":{"self":[{"href":"https:\/\/cndestetik.ch\/de\/wp-json\/wp\/v2\/product\/48778","targetHints":{"allow":["GET"]}}],"collection":[{"href":"https:\/\/cndestetik.ch\/de\/wp-json\/wp\/v2\/product"}],"about":[{"href":"https:\/\/cndestetik.ch\/de\/wp-json\/wp\/v2\/types\/product"}],"wp:featuredmedia":[{"embeddable":true,"href":"https:\/\/cndestetik.ch\/de\/wp-json\/wp\/v2\/media\/46934"}],"wp:attachment":[{"href":"https:\/\/cndestetik.ch\/de\/wp-json\/wp\/v2\/media?parent=48778"}],"wp:term":[{"taxonomy":"product_brand","embeddable":true,"href":"https:\/\/cndestetik.ch\/de\/wp-json\/wp\/v2\/product_brand?post=48778"},{"taxonomy":"product_cat","embeddable":true,"href":"https:\/\/cndestetik.ch\/de\/wp-json\/wp\/v2\/product_cat?post=48778"},{"taxonomy":"product_tag","embeddable":true,"href":"https:\/\/cndestetik.ch\/de\/wp-json\/wp\/v2\/product_tag?post=48778"}],"curies":[{"name":"wp","href":"https:\/\/api.w.org\/{rel}","templated":true}]}}