{"id":48773,"date":"2022-06-21T11:01:24","date_gmt":"2022-06-21T09:01:24","guid":{"rendered":"https:\/\/cndestetik.ch\/prodotto\/hagebuttenoel\/"},"modified":"2022-06-21T11:01:24","modified_gmt":"2022-06-21T09:01:24","slug":"rosenol-mosqueta-2","status":"publish","type":"product","link":"https:\/\/cndestetik.ch\/de\/prodotto\/rosenol-mosqueta-2\/","title":{"rendered":"Hagebutten\u00f6l"},"content":{"rendered":"<p><span data-sheets-value=\"{\"1\":2,\"2\":\"L'olio viene ottenuto dai semi della \\\"Rosa A.Rubiginosa\\\", nativa delle Ande in sud America e chiamata localmente Rosa Mosqueta. E' un olio dalla texture leggera e morbida. Le sue caratteristiche cosmetiche si basano sull'alto contenuto in acidi grassi polinsaturi con caratteristiche stimolanti e riparatrici nei processi fisiologici cutanei. Viene impiegato per ridurre le rughe, per idratare la cute e nel trattamento di ulcere, ferite e abrasioni. Diversi studi effettuati sia in Europa che negli USA hanno dimostrato un'ottima attivit\u00e0 dell'olio di Rosa Mosqueta come rigeneratore cellulare e per prevenire i segni esteriori dell'invecchiamento cutaneo. E' ottimo per prevenire cicatrici e segni lasciati dall'acne e per rigenerare pelli mature e ruvide. L' olio di Rosa Mosqueta pu\u00f2 essere validamente impiegato anche nel trattamento di capelli aridi e sfibrati ed in caso di unghie fragili ed opache. Da usare su pelli mature, secche, arrossate\/infiammate, desquamate, fessurate; pelli con psoriasi, rosacea, eczemi, macchie e cicatrici (smagliature); ottimo su unghie e cuticole.\"}\" data-sheets-userformat=\"{\"2\":15297,\"3\":{\"1\":0},\"9\":0,\"10\":2,\"11\":0,\"12\":0,\"14\":{\"1\":2,\"2\":0},\"15\":\"Calibri\",\"16\":11}\">Das \u00d6l wird aus den Samen der in den s\u00fcdamerikanischen Anden beheimateten &#8220;Rosa A. Rubiginosa&#8221; gewonnen, die im Volksmund Rosa Mosqueta genannt wird. Es ist ein \u00d6l mit einer leichten und weichen Textur. Seine kosmetischen Eigenschaften beruhen auf seinem hohen Gehalt an mehrfach unges\u00e4ttigten Fetts\u00e4uren, die stimulierende und reparierende Eigenschaften auf die physiologischen Prozesse der Haut haben.  <\/span><\/p>\n<p><span data-sheets-value=\"{\"1\":2,\"2\":\"L'olio viene ottenuto dai semi della \\\"Rosa A.Rubiginosa\\\", nativa delle Ande in sud America e chiamata localmente Rosa Mosqueta. E' un olio dalla texture leggera e morbida. Le sue caratteristiche cosmetiche si basano sull'alto contenuto in acidi grassi polinsaturi con caratteristiche stimolanti e riparatrici nei processi fisiologici cutanei. Viene impiegato per ridurre le rughe, per idratare la cute e nel trattamento di ulcere, ferite e abrasioni. Diversi studi effettuati sia in Europa che negli USA hanno dimostrato un'ottima attivit\u00e0 dell'olio di Rosa Mosqueta come rigeneratore cellulare e per prevenire i segni esteriori dell'invecchiamento cutaneo. E' ottimo per prevenire cicatrici e segni lasciati dall'acne e per rigenerare pelli mature e ruvide. L' olio di Rosa Mosqueta pu\u00f2 essere validamente impiegato anche nel trattamento di capelli aridi e sfibrati ed in caso di unghie fragili ed opache. Da usare su pelli mature, secche, arrossate\/infiammate, desquamate, fessurate; pelli con psoriasi, rosacea, eczemi, macchie e cicatrici (smagliature); ottimo su unghie e cuticole.\"}\" data-sheets-userformat=\"{\"2\":15297,\"3\":{\"1\":0},\"9\":0,\"10\":2,\"11\":0,\"12\":0,\"14\":{\"1\":2,\"2\":0},\"15\":\"Calibri\",\"16\":11}\">Es wird zur Faltenreduzierung, zur Befeuchtung der Haut und zur Behandlung von Geschw\u00fcren, Wunden und Sch\u00fcrfwunden verwendet. Mehrere Studien, die sowohl in Europa als auch in den USA durchgef\u00fchrt wurden, haben die hervorragende Wirkung von Hagebutten\u00f6l als Zellregenerator und zur Vorbeugung der \u00e4u\u00dferen Zeichen der Hautalterung gezeigt. Es eignet sich hervorragend zur Vorbeugung von Narben und Flecken, die durch Akne entstanden sind, und zur Regeneration reifer, rauer Haut.  <\/span><\/p>\n<p><span data-sheets-value=\"{\"1\":2,\"2\":\"L'olio viene ottenuto dai semi della \\\"Rosa A.Rubiginosa\\\", nativa delle Ande in sud America e chiamata localmente Rosa Mosqueta. E' un olio dalla texture leggera e morbida. Le sue caratteristiche cosmetiche si basano sull'alto contenuto in acidi grassi polinsaturi con caratteristiche stimolanti e riparatrici nei processi fisiologici cutanei. Viene impiegato per ridurre le rughe, per idratare la cute e nel trattamento di ulcere, ferite e abrasioni. Diversi studi effettuati sia in Europa che negli USA hanno dimostrato un'ottima attivit\u00e0 dell'olio di Rosa Mosqueta come rigeneratore cellulare e per prevenire i segni esteriori dell'invecchiamento cutaneo. E' ottimo per prevenire cicatrici e segni lasciati dall'acne e per rigenerare pelli mature e ruvide. L' olio di Rosa Mosqueta pu\u00f2 essere validamente impiegato anche nel trattamento di capelli aridi e sfibrati ed in caso di unghie fragili ed opache. Da usare su pelli mature, secche, arrossate\/infiammate, desquamate, fessurate; pelli con psoriasi, rosacea, eczemi, macchie e cicatrici (smagliature); ottimo su unghie e cuticole.\"}\" data-sheets-userformat=\"{\"2\":15297,\"3\":{\"1\":0},\"9\":0,\"10\":2,\"11\":0,\"12\":0,\"14\":{\"1\":2,\"2\":0},\"15\":\"Calibri\",\"16\":11}\">Hagebutten\u00f6l kann auch zur Behandlung von trockenem, spr\u00f6dem Haar und br\u00fcchigen, stumpfen N\u00e4geln verwendet werden. Zur Anwendung bei reifer, trockener, ger\u00f6teter\/entz\u00fcndeter, schuppiger, rissiger Haut; Haut mit Schuppenflechte, Rosazea, Ekzemen, Pickeln und Narben (Dehnungsstreifen); ausgezeichnet f\u00fcr N\u00e4gel und Nagelhaut.<\/span><\/p>\n<p>Gr\u00f6\u00dfe: 50ml<\/p>\n","protected":false},"excerpt":{"rendered":"<p>Pflanzen\u00f6l Hagebutte, 50 ml.<\/p>\n","protected":false},"featured_media":49042,"template":"","meta":{"_acf_changed":false},"product_brand":[],"product_cat":[1495],"product_tag":[4732,7095,7087,2192,548],"class_list":{"0":"post-48773","1":"product","2":"type-product","3":"status-publish","4":"has-post-thumbnail","6":"product_cat-kosmetik","7":"product_tag-gemuse","8":"product_tag-hagebutte","9":"product_tag-mosqueta-de","10":"product_tag-ol-de","11":"product_tag-rose-de","13":"first","14":"instock","15":"taxable","16":"shipping-taxable","17":"purchasable","18":"product-type-simple"},"acf":[],"jetpack_sharing_enabled":true,"_links":{"self":[{"href":"https:\/\/cndestetik.ch\/de\/wp-json\/wp\/v2\/product\/48773","targetHints":{"allow":["GET"]}}],"collection":[{"href":"https:\/\/cndestetik.ch\/de\/wp-json\/wp\/v2\/product"}],"about":[{"href":"https:\/\/cndestetik.ch\/de\/wp-json\/wp\/v2\/types\/product"}],"wp:featuredmedia":[{"embeddable":true,"href":"https:\/\/cndestetik.ch\/de\/wp-json\/wp\/v2\/media\/49042"}],"wp:attachment":[{"href":"https:\/\/cndestetik.ch\/de\/wp-json\/wp\/v2\/media?parent=48773"}],"wp:term":[{"taxonomy":"product_brand","embeddable":true,"href":"https:\/\/cndestetik.ch\/de\/wp-json\/wp\/v2\/product_brand?post=48773"},{"taxonomy":"product_cat","embeddable":true,"href":"https:\/\/cndestetik.ch\/de\/wp-json\/wp\/v2\/product_cat?post=48773"},{"taxonomy":"product_tag","embeddable":true,"href":"https:\/\/cndestetik.ch\/de\/wp-json\/wp\/v2\/product_tag?post=48773"}],"curies":[{"name":"wp","href":"https:\/\/api.w.org\/{rel}","templated":true}]}}