{"id":48753,"date":"2022-06-15T16:47:11","date_gmt":"2022-06-15T14:47:11","guid":{"rendered":"https:\/\/cndestetik.ch\/prodotto\/arnika-salbe\/"},"modified":"2025-02-07T08:52:35","modified_gmt":"2025-02-07T07:52:35","slug":"ointment-arnica","status":"publish","type":"product","link":"https:\/\/cndestetik.ch\/de\/prodotto\/ointment-arnica\/","title":{"rendered":"Arnika-Salbe"},"content":{"rendered":"<p><span data-sheets-value=\"{\"1\":2,\"2\":\"Oleolito Spagirico Arnica - O.E. Lavanda - Rosmarino - Canfora\\nLa sua concentrazione di Arnica favorisce la circolazione del sangue senza avere azione rubefacente. Proprio per questo \u00e8 indicato come coadiuvante nel trattamento di lividi, distorsioni, strappi ecc.,in cui serve a favorire la circolazione per il riassorbimento del sangue e del liquido dell'infiammazione senza riscaldare eccessivamente la parte. Il potenziamento con gli oli essenziali come la Canfora ed il Rosmarino, che contiene una percentuale di Canfora a sua volta, aiutano il processo di risoluzione dell'infiammazione con un discreto effetto analgesico. L'unguento Arnica \u00e8 indicato per: lividi,contusioni,distorsioni e strappi muscolari, sui muscoliche faticano in maniera significativa prima o dopo l'attivit\u00e0 fisica per sostenere l'attivit\u00e0 circolatoria e prevenire stress muscolare o strappi, tendiniti, cicatrici e smagliature, caviglie gonfie.\\n\\nL'unguento ha origini molto antiche, \u00e8 una preparazione per uso esterno in fase grassa. Gli unguenti Microcosmo contengono come base il burro di Karit\u00e8, la cera d'api e gli oli vegetali. La sostanza funzionale \u00e8 rappresentata dagli oleoliti spagirici e dagli oli essenziali. Gli oleoliti spagirici, estratti con olio di ricino secondo le tecniche della spagiria, hanno ottime propriet\u00e0 chimiche ed energetiche. Esse sono valorizzate ed amplificate dagli oli essenziali che caratterizzano anche il profumo degli unguenti.\"}\" data-sheets-userformat=\"{\"2\":15297,\"3\":{\"1\":0},\"9\":0,\"10\":2,\"11\":0,\"12\":0,\"14\":{\"1\":2,\"2\":0},\"15\":\"Calibri\",\"16\":11}\" data-sheets-textstyleruns=\"{\"1\":0}\uee10{\"1\":662,\"2\":{\"5\":1}}\uee10{\"1\":724}\uee10{\"1\":871,\"2\":{\"5\":1}}\uee10{\"1\":925}\"><br \/>\nSpagyrisches Oleolith Arnika &#8211; O.E. Lavendel &#8211; Rosmarin &#8211; Kampfer Die Konzentration von Arnika f\u00f6rdert die Blutzirkulation, ohne dabei eine reizlindernde Wirkung zu haben. Genau aus diesem Grund ist es als Hilfsmittel bei der Behandlung von Prellungen, Verstauchungen, Zerrungen usw. angezeigt. Dort f\u00f6rdert es die Durchblutung zur R\u00fcckresorption von Blut und Entz\u00fcndungsfl\u00fcssigkeit, ohne den Teil zu \u00fcberhitzen. Die Anreicherung mit \u00e4therischen \u00d6len wie Kampfer und Rosmarin, der selbst einen Anteil an Kampfer enth\u00e4lt, unterst\u00fctzt den Prozess der Entz\u00fcndungshemmung mit einer diskreten schmerzlindernden Wirkung. Arnikasalbe ist angezeigt bei: Prellungen, Quetschungen, Verstauchungen und Muskelzerrungen, bei stark beanspruchten Muskeln vor oder nach k\u00f6rperlicher Bet\u00e4tigung zur Unterst\u00fctzung der Durchblutung und zur Vorbeugung von Muskelstress oder -rissen, Sehnenentz\u00fcndungen, Narben und Dehnungsstreifen, geschwollenen Kn\u00f6cheln.<\/span><\/p>\n<p>Die Salbe hat einen sehr alten Ursprung; es handelt sich um eine Zubereitung zur \u00e4u\u00dferen Anwendung in der \u00f6ligen Phase. Microcosmo-Salben enthalten Sheabutter, Bienenwachs und pflanzliche \u00d6le als Grundlage. Die funktionelle Substanz wird durch spagyrische Oleolithe und \u00e4therische \u00d6le repr\u00e4sentiert. Spagyrische Oleolithe, die mit Rizinus\u00f6l nach dem spagyrischen Verfahren extrahiert werden, haben hervorragende chemische und energetische Eigenschaften. Sie werden durch die \u00e4therischen \u00d6le, die auch den Duft der Salben pr\u00e4gen, verst\u00e4rkt und verst\u00e4rkt.<\/p>\n<p>Gr\u00f6\u00dfe: 50ml<\/p>\n","protected":false},"excerpt":{"rendered":"<p><span data-sheets-value=\"{\"1\":2,\"2\":\"Oleolito Spagirico Arnica - O.E. Lavanda - Rosmarino - Canfora\\nLa sua concentrazione di Arnica favorisce la circolazione del sangue senza avere azione rubefacente. Proprio per questo \u00e8 indicato come coadiuvante nel trattamento di lividi, distorsioni, strappi ecc.,in cui serve a favorire la circolazione per il riassorbimento del sangue e del liquido dell'infiammazione senza riscaldare eccessivamente la parte. Il potenziamento con gli oli essenziali come la Canfora ed il Rosmarino, che contiene una percentuale di Canfora a sua volta, aiutano il processo di risoluzione dell'infiammazione con un discreto effetto analgesico. L'unguento Arnica \u00e8 indicato per: lividi,contusioni,distorsioni e strappi muscolari, sui muscoliche faticano in maniera significativa prima o dopo l'attivit\u00e0 fisica per sostenere l'attivit\u00e0 circolatoria e prevenire stress muscolare o strappi, tendiniti, cicatrici e smagliature, caviglie gonfie.\\n\\nL'unguento ha origini molto antiche, \u00e8 una preparazione per uso esterno in fase grassa. Gli unguenti Microcosmo contengono come base il burro di Karit\u00e8, la cera d'api e gli oli vegetali. La sostanza funzionale \u00e8 rappresentata dagli oleoliti spagirici e dagli oli essenziali. Gli oleoliti spagirici, estratti con olio di ricino secondo le tecniche della spagiria, hanno ottime propriet\u00e0 chimiche ed energetiche. Esse sono valorizzate ed amplificate dagli oli essenziali che caratterizzano anche il profumo degli unguenti.\"}\" data-sheets-userformat=\"{\"2\":15297,\"3\":{\"1\":0},\"9\":0,\"10\":2,\"11\":0,\"12\":0,\"14\":{\"1\":2,\"2\":0},\"15\":\"Calibri\",\"16\":11}\" data-sheets-textstyleruns=\"{\"1\":0}\uee10{\"1\":662,\"2\":{\"5\":1}}\uee10{\"1\":724}\uee10{\"1\":871,\"2\":{\"5\":1}}\uee10{\"1\":925}\">Sein Gehalt an Arnika f\u00f6rdert die Blutzirkulation.<\/span><\/p>\n","protected":false},"featured_media":49142,"template":"","meta":{"_acf_changed":false},"product_brand":[],"product_cat":[12985,12980,11234],"product_tag":[4818,9424,515,488,7227,7223],"class_list":{"0":"post-48753","1":"product","2":"type-product","3":"status-publish","4":"has-post-thumbnail","6":"product_cat-body","7":"product_cat-mikrokosmos","8":"product_cat-physiotherapie-de","9":"product_tag-arnika","10":"product_tag-kampfer","11":"product_tag-lavendel","12":"product_tag-rosmarin","13":"product_tag-salbe","14":"product_tag-schmerztablette","16":"first","17":"instock","18":"taxable","19":"shipping-taxable","20":"purchasable","21":"product-type-simple"},"acf":[],"jetpack_sharing_enabled":true,"_links":{"self":[{"href":"https:\/\/cndestetik.ch\/de\/wp-json\/wp\/v2\/product\/48753","targetHints":{"allow":["GET"]}}],"collection":[{"href":"https:\/\/cndestetik.ch\/de\/wp-json\/wp\/v2\/product"}],"about":[{"href":"https:\/\/cndestetik.ch\/de\/wp-json\/wp\/v2\/types\/product"}],"wp:featuredmedia":[{"embeddable":true,"href":"https:\/\/cndestetik.ch\/de\/wp-json\/wp\/v2\/media\/49142"}],"wp:attachment":[{"href":"https:\/\/cndestetik.ch\/de\/wp-json\/wp\/v2\/media?parent=48753"}],"wp:term":[{"taxonomy":"product_brand","embeddable":true,"href":"https:\/\/cndestetik.ch\/de\/wp-json\/wp\/v2\/product_brand?post=48753"},{"taxonomy":"product_cat","embeddable":true,"href":"https:\/\/cndestetik.ch\/de\/wp-json\/wp\/v2\/product_cat?post=48753"},{"taxonomy":"product_tag","embeddable":true,"href":"https:\/\/cndestetik.ch\/de\/wp-json\/wp\/v2\/product_tag?post=48753"}],"curies":[{"name":"wp","href":"https:\/\/api.w.org\/{rel}","templated":true}]}}