{"id":48737,"date":"2022-06-20T11:09:48","date_gmt":"2022-06-20T09:09:48","guid":{"rendered":"https:\/\/cndestetik.ch\/prodotto\/aloe-cellulite-behandlungsgel\/"},"modified":"2025-01-23T09:31:43","modified_gmt":"2025-01-23T08:31:43","slug":"gel-aloe-cellulite-behandlung","status":"publish","type":"product","link":"https:\/\/cndestetik.ch\/de\/prodotto\/gel-aloe-cellulite-behandlung\/","title":{"rendered":"Aloe-Cellulite-Behandlungsgel"},"content":{"rendered":"<p>Neutrales Aloe-Gel, angereichert mit einer speziellen Mischung von Inhaltsstoffen, die es f\u00fcr die Behandlung der h\u00e4ufigsten Hautunreinheiten geeignet machen.<\/p>\n<p>Hervorragend geeignet am Ende jeder K\u00f6rperbehandlung, um die R\u00fcckst\u00e4nde von Massage\u00f6len &#8220;auszutrocknen&#8221;, sie funktionsf\u00e4hig zu halten und ihre Wirkstoffe zu verl\u00e4ngern. Ideal f\u00fcr das ganze Jahr.<\/p>\n<p>Zu Hause eignen sie sich in Kombination mit einem spagyrischen K\u00f6rper\u00f6l (entw\u00e4ssernd, Cellulitebehandlung, straffend, aktivierend), vor allem f\u00fcr diejenigen, die die Fettigkeit eines \u00d6ls nicht m\u00f6gen, aber in kurzer Zeit Ergebnisse sehen wollen.<\/p>\n<p>Sie macht die Haut weich, gepflegt und straff.<\/p>\n<p>Gr\u00f6\u00dfe: 100\/500ml<\/p>\n","protected":false},"excerpt":{"rendered":"<p>Neutrales Aloe-Gel, angereichert mit einer speziellen Mischung von Inhaltsstoffen, die es f\u00fcr die Behandlung der h\u00e4ufigsten Hautunreinheiten geeignet machen.<\/p>\n","protected":false},"featured_media":54099,"template":"","meta":{"_acf_changed":false},"product_brand":[],"product_cat":[12985,1495,12980],"product_tag":[552,4162,1030,3606,1279],"class_list":{"0":"post-48737","1":"product","2":"type-product","3":"status-publish","4":"has-post-thumbnail","6":"product_cat-body","7":"product_cat-kosmetik","8":"product_cat-mikrokosmos","9":"product_tag-aloe-de","10":"product_tag-aloe-gel-de","11":"product_tag-behandlung","12":"product_tag-cellulite-de","13":"product_tag-gel-de","14":"pa_formato-100ml-de","15":"pa_formato-1x500ml-5x100ml-de","16":"pa_formato-500ml-de","18":"first","19":"instock","20":"taxable","21":"shipping-taxable","22":"purchasable","23":"product-type-variable"},"acf":[],"jetpack_sharing_enabled":true,"_links":{"self":[{"href":"https:\/\/cndestetik.ch\/de\/wp-json\/wp\/v2\/product\/48737","targetHints":{"allow":["GET"]}}],"collection":[{"href":"https:\/\/cndestetik.ch\/de\/wp-json\/wp\/v2\/product"}],"about":[{"href":"https:\/\/cndestetik.ch\/de\/wp-json\/wp\/v2\/types\/product"}],"wp:featuredmedia":[{"embeddable":true,"href":"https:\/\/cndestetik.ch\/de\/wp-json\/wp\/v2\/media\/54099"}],"wp:attachment":[{"href":"https:\/\/cndestetik.ch\/de\/wp-json\/wp\/v2\/media?parent=48737"}],"wp:term":[{"taxonomy":"product_brand","embeddable":true,"href":"https:\/\/cndestetik.ch\/de\/wp-json\/wp\/v2\/product_brand?post=48737"},{"taxonomy":"product_cat","embeddable":true,"href":"https:\/\/cndestetik.ch\/de\/wp-json\/wp\/v2\/product_cat?post=48737"},{"taxonomy":"product_tag","embeddable":true,"href":"https:\/\/cndestetik.ch\/de\/wp-json\/wp\/v2\/product_tag?post=48737"}],"curies":[{"name":"wp","href":"https:\/\/api.w.org\/{rel}","templated":true}]}}