{"id":48734,"date":"2022-06-20T10:55:49","date_gmt":"2022-06-20T08:55:49","guid":{"rendered":"https:\/\/cndestetik.ch\/prodotto\/beruhigendes-trockenoel\/"},"modified":"2025-01-23T09:31:47","modified_gmt":"2025-01-23T08:31:47","slug":"trocken-beruhigendes-ol","status":"publish","type":"product","link":"https:\/\/cndestetik.ch\/de\/prodotto\/trocken-beruhigendes-ol\/","title":{"rendered":"Beruhigendes Trocken\u00f6l"},"content":{"rendered":"<p><span data-sheets-value=\"{\"1\":2,\"2\":\"Illumina ed ammorbidisce la cute. Grazie all\u2019Estratto Spagirico di Calendula \u00e8 un ottimo lenitivo, ideale per la pelle arrossata dai raggi solari. \u00c8 stato studiato per dare nutrimento senza ungere. Si pu\u00f2 applicare anche prima di entrare in piscina per evitare di essere aggrediti dal cloro; adatto anche alla protezione dei capelli.\"}\" data-sheets-userformat=\"{\"2\":15297,\"3\":{\"1\":0},\"9\":0,\"10\":2,\"11\":0,\"12\":0,\"14\":{\"1\":2,\"2\":0},\"15\":\"Calibri\",\"16\":11}\">Hellt die Haut auf und macht sie geschmeidig. Dank des spagyrischen Ringelblumenextrakts ist es ein hervorragender Hautberuhiger, ideal f\u00fcr von der Sonne ger\u00f6tete Haut. Sie ist so konzipiert, dass sie n\u00e4hrt, ohne zu fetten. Es kann auch vor dem Betreten des Schwimmbeckens aufgetragen werden, um einen Angriff des Chlors zu vermeiden; auch als Haarschutz geeignet.<\/span><\/p>\n<p>Gr\u00f6\u00dfe: 125ml.<\/p>\n","protected":false},"excerpt":{"rendered":"<p><span data-sheets-value=\"{\"1\":2,\"2\":\"Illumina ed ammorbidisce la cute. Grazie all\u2019Estratto Spagirico di Calendula \u00e8 un ottimo lenitivo, ideale per la pelle arrossata dai raggi solari. \u00c8 stato studiato per dare nutrimento senza ungere. Si pu\u00f2 applicare anche prima di entrare in piscina per evitare di essere aggrediti dal cloro; adatto anche alla protezione dei capelli.\"}\" data-sheets-userformat=\"{\"2\":15297,\"3\":{\"1\":0},\"9\":0,\"10\":2,\"11\":0,\"12\":0,\"14\":{\"1\":2,\"2\":0},\"15\":\"Calibri\",\"16\":11}\">Beruhigendes Trocken\u00f6l, ideal f\u00fcr sonnenverbrannte Haut.<\/span><\/p>\n","protected":false},"featured_media":49122,"template":"","meta":{"_acf_changed":false},"product_brand":[],"product_cat":[12985,1495,12980,9904],"product_tag":[569,2192,4151,7204],"class_list":{"0":"post-48734","1":"product","2":"type-product","3":"status-publish","4":"has-post-thumbnail","6":"product_cat-body","7":"product_cat-kosmetik","8":"product_cat-mikrokosmos","9":"product_cat-pink-bird","10":"product_tag-beruhigend","11":"product_tag-ol-de","12":"product_tag-trocken-de","13":"product_tag-trockenes-ol","14":"pa_formato-125ml-de","15":"pa_formato-500ml-de","17":"first","18":"instock","19":"taxable","20":"shipping-taxable","21":"purchasable","22":"product-type-variable"},"acf":[],"jetpack_sharing_enabled":true,"_links":{"self":[{"href":"https:\/\/cndestetik.ch\/de\/wp-json\/wp\/v2\/product\/48734","targetHints":{"allow":["GET"]}}],"collection":[{"href":"https:\/\/cndestetik.ch\/de\/wp-json\/wp\/v2\/product"}],"about":[{"href":"https:\/\/cndestetik.ch\/de\/wp-json\/wp\/v2\/types\/product"}],"wp:featuredmedia":[{"embeddable":true,"href":"https:\/\/cndestetik.ch\/de\/wp-json\/wp\/v2\/media\/49122"}],"wp:attachment":[{"href":"https:\/\/cndestetik.ch\/de\/wp-json\/wp\/v2\/media?parent=48734"}],"wp:term":[{"taxonomy":"product_brand","embeddable":true,"href":"https:\/\/cndestetik.ch\/de\/wp-json\/wp\/v2\/product_brand?post=48734"},{"taxonomy":"product_cat","embeddable":true,"href":"https:\/\/cndestetik.ch\/de\/wp-json\/wp\/v2\/product_cat?post=48734"},{"taxonomy":"product_tag","embeddable":true,"href":"https:\/\/cndestetik.ch\/de\/wp-json\/wp\/v2\/product_tag?post=48734"}],"curies":[{"name":"wp","href":"https:\/\/api.w.org\/{rel}","templated":true}]}}