{"id":48719,"date":"2022-06-20T09:41:34","date_gmt":"2022-06-20T07:41:34","guid":{"rendered":"https:\/\/cndestetik.ch\/prodotto\/blue-light-face-mask-reife-haut\/"},"modified":"2025-01-23T09:42:45","modified_gmt":"2025-01-23T08:42:45","slug":"gesichtsmaske-blau-hellhautig-reif","status":"publish","type":"product","link":"https:\/\/cndestetik.ch\/de\/prodotto\/gesichtsmaske-blau-hellhautig-reif\/","title":{"rendered":"Blue Light Face Mask &#8211; reife Haut"},"content":{"rendered":"<p><span data-sheets-value=\"{\"1\":2,\"2\":\"Le maschere blue-light sono state studiate per fornire un profondo nutrimento e una spiccata attivit\u00e0 antiossidante e antinfiammatoria alla pelle sottoposta all'attacco dei radicali liberi generati dagli schermi luminosi (smartphone, tablet, computer, televisione). La versione pelle giovane ha un'azione pi\u00f9 preventiva sui danni ossidativi, mentre la versione pelle matura agisce come riparatrice nelle pelli in cui i processi degenerativi sono gi\u00e0 in atto.\\n\\nModalita d'uso:\\nDopo un'attenta detersione con latte detergente, gommage e\/o peeling stendere la maschera e lasciare in posa almeno 15 min. prima di sciacquare. Le maschere pi\u00f9 cremose possono essere applicate (quantit\u00e0 adeguata) anche la sera e lasciate in posa tutta la notte per essere sciacquate la mattina.\"}\" data-sheets-userformat=\"{\"2\":15297,\"3\":{\"1\":0},\"9\":0,\"10\":2,\"11\":0,\"12\":0,\"14\":{\"1\":2,\"2\":0},\"15\":\"Calibri\",\"16\":11}\">Blaulichtmasken wurden entwickelt, um die Haut, die dem Angriff freier Radikale durch helle Bildschirme (Smartphones, Tablets, Computer, Fernseher) ausgesetzt ist, tiefgehend zu n\u00e4hren und ihr eine starke antioxidative und entz\u00fcndungshemmende Wirkung zu verleihen. Die Version f\u00fcr junge Haut hat eine eher pr\u00e4ventive Wirkung auf oxidative Sch\u00e4den, w\u00e4hrend die Version f\u00fcr reife Haut eine reparierende Wirkung auf Haut hat, bei der degenerative Prozesse bereits im Gange sind.<\/span><\/p>\n<p>Gebrauchsanweisung: Tragen Sie die Maske nach einer sorgf\u00e4ltigen Reinigung mit Reinigungsmilch, Peeling und\/oder Peeling auf und lassen Sie sie mindestens 15 Minuten einwirken, bevor Sie sie absp\u00fclen. Cremige Masken k\u00f6nnen auch abends in angemessener Menge aufgetragen und \u00fcber Nacht einwirken gelassen werden, um dann morgens abgesp\u00fclt zu werden.<\/p>\n<p>Gr\u00f6\u00dfe: 100ml<\/p>\n","protected":false},"excerpt":{"rendered":"<p>Pflegende Creme, die hilft, dem Bildschirmlicht entgegenzuwirken.<\/p>\n","protected":false},"featured_media":48971,"template":"","meta":{"_acf_changed":false},"product_brand":[],"product_cat":[12988,1495,12980],"product_tag":[4453,3730,757,7165,4729,7197,7192,7199,7203],"class_list":{"0":"post-48719","1":"product","2":"type-product","3":"status-publish","4":"has-post-thumbnail","6":"product_cat-gesicht","7":"product_cat-kosmetik","8":"product_cat-mikrokosmos","9":"product_tag-blau","10":"product_tag-blaues-licht","11":"product_tag-gesicht","12":"product_tag-licht-de","13":"product_tag-maske-de-2","14":"product_tag-reife-de","15":"product_tag-reife","16":"product_tag-reife-haut","17":"product_tag-reife-haute","18":"pa_formato-100ml-de","19":"pa_formato-50ml-de","21":"first","22":"instock","23":"taxable","24":"shipping-taxable","25":"purchasable","26":"product-type-simple"},"acf":[],"jetpack_sharing_enabled":true,"_links":{"self":[{"href":"https:\/\/cndestetik.ch\/de\/wp-json\/wp\/v2\/product\/48719","targetHints":{"allow":["GET"]}}],"collection":[{"href":"https:\/\/cndestetik.ch\/de\/wp-json\/wp\/v2\/product"}],"about":[{"href":"https:\/\/cndestetik.ch\/de\/wp-json\/wp\/v2\/types\/product"}],"wp:featuredmedia":[{"embeddable":true,"href":"https:\/\/cndestetik.ch\/de\/wp-json\/wp\/v2\/media\/48971"}],"wp:attachment":[{"href":"https:\/\/cndestetik.ch\/de\/wp-json\/wp\/v2\/media?parent=48719"}],"wp:term":[{"taxonomy":"product_brand","embeddable":true,"href":"https:\/\/cndestetik.ch\/de\/wp-json\/wp\/v2\/product_brand?post=48719"},{"taxonomy":"product_cat","embeddable":true,"href":"https:\/\/cndestetik.ch\/de\/wp-json\/wp\/v2\/product_cat?post=48719"},{"taxonomy":"product_tag","embeddable":true,"href":"https:\/\/cndestetik.ch\/de\/wp-json\/wp\/v2\/product_tag?post=48719"}],"curies":[{"name":"wp","href":"https:\/\/api.w.org\/{rel}","templated":true}]}}