{"id":48714,"date":"2022-06-20T10:00:07","date_gmt":"2022-06-20T08:00:07","guid":{"rendered":"https:\/\/cndestetik.ch\/prodotto\/air-mix-blaulicht-mix\/"},"modified":"2025-01-23T08:42:12","modified_gmt":"2025-01-23T07:42:12","slug":"mix-air-mix-blue-light","status":"publish","type":"product","link":"https:\/\/cndestetik.ch\/de\/prodotto\/mix-air-mix-blue-light\/","title":{"rendered":"Air Mix &#8211; Blaulicht-Mix"},"content":{"rendered":"<p>Eine Mischung aus reinen \u00e4therischen \u00d6len, die freie Radikale in der Luft einfangen und inaktivieren. Im B\u00fcro, zu Hause oder dort, wo Sie die meiste Zeit vor hellen Bildschirmen verbringen, sch\u00fctzt sie Ihre Haut vor vorzeitiger Alterung.<\/p>\n<p>Anwendung: im Raumdiffusor, 5 Tropfen pro 10 Quadratmeter f\u00fcr etwa 7 Stunden (Tag und Nacht)<\/p>\n<p>Gr\u00f6\u00dfe: 10ml<\/p>\n","protected":false},"excerpt":{"rendered":"<p>Eine Mischung aus reinen \u00e4therischen \u00d6len, die freie Radikale in der Luft einfangen und inaktivieren.<\/p>\n","protected":false},"featured_media":48959,"template":"","meta":{"_acf_changed":false},"product_brand":[],"product_cat":[1495,12980],"product_tag":[4453,7165,9100,9416,845],"class_list":{"0":"post-48714","1":"product","2":"type-product","3":"status-publish","4":"has-post-thumbnail","6":"product_cat-kosmetik","7":"product_cat-mikrokosmos","8":"product_tag-blau","9":"product_tag-licht-de","10":"product_tag-luft","11":"product_tag-mischen-de","12":"product_tag-mischung","14":"first","15":"instock","16":"taxable","17":"shipping-taxable","18":"purchasable","19":"product-type-simple"},"acf":[],"jetpack_sharing_enabled":true,"_links":{"self":[{"href":"https:\/\/cndestetik.ch\/de\/wp-json\/wp\/v2\/product\/48714","targetHints":{"allow":["GET"]}}],"collection":[{"href":"https:\/\/cndestetik.ch\/de\/wp-json\/wp\/v2\/product"}],"about":[{"href":"https:\/\/cndestetik.ch\/de\/wp-json\/wp\/v2\/types\/product"}],"wp:featuredmedia":[{"embeddable":true,"href":"https:\/\/cndestetik.ch\/de\/wp-json\/wp\/v2\/media\/48959"}],"wp:attachment":[{"href":"https:\/\/cndestetik.ch\/de\/wp-json\/wp\/v2\/media?parent=48714"}],"wp:term":[{"taxonomy":"product_brand","embeddable":true,"href":"https:\/\/cndestetik.ch\/de\/wp-json\/wp\/v2\/product_brand?post=48714"},{"taxonomy":"product_cat","embeddable":true,"href":"https:\/\/cndestetik.ch\/de\/wp-json\/wp\/v2\/product_cat?post=48714"},{"taxonomy":"product_tag","embeddable":true,"href":"https:\/\/cndestetik.ch\/de\/wp-json\/wp\/v2\/product_tag?post=48714"}],"curies":[{"name":"wp","href":"https:\/\/api.w.org\/{rel}","templated":true}]}}