{"id":48709,"date":"2022-06-20T11:12:25","date_gmt":"2022-06-20T09:12:25","guid":{"rendered":"https:\/\/cndestetik.ch\/prodotto\/verbandsmaterial-2-baumwollmischbinden-wiederverwendbar\/"},"modified":"2025-01-23T09:31:49","modified_gmt":"2025-01-23T08:31:49","slug":"bandagen-2-bandagen-baumwollmischung-wiederverwendbar","status":"publish","type":"product","link":"https:\/\/cndestetik.ch\/de\/prodotto\/bandagen-2-bandagen-baumwollmischung-wiederverwendbar\/","title":{"rendered":"Verbandsmaterial: 2 Baumwollmischbinden, wiederverwendbar"},"content":{"rendered":"<p>Elastische Binden zur Herstellung von Verb\u00e4nden f\u00fcr Beine, Bauch, Arme und Br\u00fcste.<\/p>\n<p>Sie bestehen aus einer Baumwollmischung und sind umweltfreundlich, da sie wiederverwendbar sind: Einmal benutzt, k\u00f6nnen sie gewaschen und wiederverwendet werden, wodurch Abfall und Umweltverschmutzung reduziert werden.<\/p>\n<p>Anwendung: In eine Sch\u00fcssel warmes Wasser und zwei Essl\u00f6ffel Bittersalz (oder Heidelbeersalz) geben. Lassen Sie ein paar Minuten verstreichen und legen Sie dann die Binden ein, die die von Ihnen hergestellte L\u00f6sung absorbieren werden. Auf diese Weise erhalten Sie Bandagen mit v\u00f6llig nat\u00fcrlichem Inhalt, ohne chemische oder konservierte Zus\u00e4tze oder sonstiges.<\/p>\n<p>*Passen Sie die Behandlungen an, indem Sie \u00e4therische \u00d6le (nicht w\u00e4hrend der Schwangerschaft) oder Hydro-Glycerin-Extrakte verwenden, um individuelle Wickel f\u00fcr Ihre Kunden zu kreieren!<\/p>\n<p><span data-sheets-value=\"{\"1\":2,\"2\":\"Bendaggi: 2 bende h.12cm.x4.5 m misto cotone, riutilizzabili\"}\" data-sheets-userformat=\"{\"2\":14785,\"3\":{\"1\":0,\"3\":1},\"9\":0,\"10\":2,\"11\":0,\"14\":{\"1\":2,\"2\":0},\"15\":\"Calibri\",\"16\":11}\">Gr\u00f6\u00dfe: h.12cm x 4.5m<\/span><\/p>\n","protected":false},"excerpt":{"rendered":"<p>Elastische Binden zur Herstellung von Verb\u00e4nden f\u00fcr Beine, Bauch, Arme und Br\u00fcste. Umweltfreundlich, ohne f\u00fcr den K\u00f6rper sch\u00e4dliche Inhaltsstoffe, individuell anpassbar!<\/p>\n","protected":false},"featured_media":47080,"template":"","meta":{"_acf_changed":false},"product_brand":[],"product_cat":[12985,1495,12980,3330],"product_tag":[2343,2344,1666,7180,7176,7185],"class_list":{"0":"post-48709","1":"product","2":"type-product","3":"status-publish","4":"has-post-thumbnail","6":"product_cat-body","7":"product_cat-kosmetik","8":"product_cat-mikrokosmos","9":"product_cat-11-okologie","10":"product_tag-bandagen","11":"product_tag-bandagen-de","12":"product_tag-baumwolle","13":"product_tag-beinhullen","14":"product_tag-drainierender-verband","15":"product_tag-okologie","17":"first","18":"instock","19":"taxable","20":"shipping-taxable","21":"purchasable","22":"product-type-simple"},"acf":[],"jetpack_sharing_enabled":true,"_links":{"self":[{"href":"https:\/\/cndestetik.ch\/de\/wp-json\/wp\/v2\/product\/48709","targetHints":{"allow":["GET"]}}],"collection":[{"href":"https:\/\/cndestetik.ch\/de\/wp-json\/wp\/v2\/product"}],"about":[{"href":"https:\/\/cndestetik.ch\/de\/wp-json\/wp\/v2\/types\/product"}],"wp:featuredmedia":[{"embeddable":true,"href":"https:\/\/cndestetik.ch\/de\/wp-json\/wp\/v2\/media\/47080"}],"wp:attachment":[{"href":"https:\/\/cndestetik.ch\/de\/wp-json\/wp\/v2\/media?parent=48709"}],"wp:term":[{"taxonomy":"product_brand","embeddable":true,"href":"https:\/\/cndestetik.ch\/de\/wp-json\/wp\/v2\/product_brand?post=48709"},{"taxonomy":"product_cat","embeddable":true,"href":"https:\/\/cndestetik.ch\/de\/wp-json\/wp\/v2\/product_cat?post=48709"},{"taxonomy":"product_tag","embeddable":true,"href":"https:\/\/cndestetik.ch\/de\/wp-json\/wp\/v2\/product_tag?post=48709"}],"curies":[{"name":"wp","href":"https:\/\/api.w.org\/{rel}","templated":true}]}}