{"id":48698,"date":"2022-06-20T11:05:01","date_gmt":"2022-06-20T09:05:01","guid":{"rendered":"https:\/\/cndestetik.ch\/prodotto\/leinsamen-augenmaske\/"},"modified":"2025-01-23T09:44:12","modified_gmt":"2025-01-23T08:44:12","slug":"leinsamen-augenmaske","status":"publish","type":"product","link":"https:\/\/cndestetik.ch\/de\/prodotto\/leinsamen-augenmaske\/","title":{"rendered":"Leinsamen-Augenmaske"},"content":{"rendered":"<p>Leinsamenmaske, ideal zur Entspannung des Kunden w\u00e4hrend der Behandlungen, Sie k\u00f6nnen sie je nach Jahreszeit erw\u00e4rmen oder erfrischen. Sie eignet sich hervorragend zur Entstauung der Augen w\u00e4hrend der Gesichtsbehandlungen: Verwenden Sie sie in Kombination mit Lavendelhydrolat, regenerierender Maske und dem f\u00fcr Ihren Kunden am besten geeigneten Oleolith. Nicht in der Maschine waschen!<\/p>\n","protected":false},"excerpt":{"rendered":"<p>Leinsamenmaske, ideal zur Entspannung des Kunden w\u00e4hrend der Behandlungen und zur Entstauung der Augen bei Gesichtsbehandlungen.<\/p>\n","protected":false},"featured_media":49063,"template":"","meta":{"_acf_changed":false},"product_brand":[],"product_cat":[12988,1495,12980],"product_tag":[723,757,7167,470,4729],"class_list":{"0":"post-48698","1":"product","2":"type-product","3":"status-publish","4":"has-post-thumbnail","6":"product_cat-gesicht","7":"product_cat-kosmetik","8":"product_cat-mikrokosmos","9":"product_tag-augen","10":"product_tag-gesicht","11":"product_tag-leinsamen","12":"product_tag-linoleum","13":"product_tag-maske-de-2","15":"first","16":"instock","17":"taxable","18":"shipping-taxable","19":"purchasable","20":"product-type-simple"},"acf":[],"jetpack_sharing_enabled":true,"_links":{"self":[{"href":"https:\/\/cndestetik.ch\/de\/wp-json\/wp\/v2\/product\/48698","targetHints":{"allow":["GET"]}}],"collection":[{"href":"https:\/\/cndestetik.ch\/de\/wp-json\/wp\/v2\/product"}],"about":[{"href":"https:\/\/cndestetik.ch\/de\/wp-json\/wp\/v2\/types\/product"}],"wp:featuredmedia":[{"embeddable":true,"href":"https:\/\/cndestetik.ch\/de\/wp-json\/wp\/v2\/media\/49063"}],"wp:attachment":[{"href":"https:\/\/cndestetik.ch\/de\/wp-json\/wp\/v2\/media?parent=48698"}],"wp:term":[{"taxonomy":"product_brand","embeddable":true,"href":"https:\/\/cndestetik.ch\/de\/wp-json\/wp\/v2\/product_brand?post=48698"},{"taxonomy":"product_cat","embeddable":true,"href":"https:\/\/cndestetik.ch\/de\/wp-json\/wp\/v2\/product_cat?post=48698"},{"taxonomy":"product_tag","embeddable":true,"href":"https:\/\/cndestetik.ch\/de\/wp-json\/wp\/v2\/product_tag?post=48698"}],"curies":[{"name":"wp","href":"https:\/\/api.w.org\/{rel}","templated":true}]}}