{"id":48695,"date":"2022-06-20T09:50:18","date_gmt":"2022-06-20T07:50:18","guid":{"rendered":"https:\/\/cndestetik.ch\/prodotto\/gesichtscreme-blaues-licht\/"},"modified":"2025-01-23T09:43:23","modified_gmt":"2025-01-23T08:43:23","slug":"creme-gesicht-blau-hell","status":"publish","type":"product","link":"https:\/\/cndestetik.ch\/de\/prodotto\/creme-gesicht-blau-hell\/","title":{"rendered":"Gesichtscreme Blaues Licht"},"content":{"rendered":"<p>Eine Creme mit weicher Textur, die leicht einzieht. Es sch\u00fctzt die Haut vor Alterung, die durch blaues Licht von Smartphones und Computern verursacht wird. Die Wirkung von \u00e4therischen \u00d6len und spagyrischen Oleolithen ist besonders aktiv gegen freie Radikale und die von ihnen verursachten Entz\u00fcndungen in der Haut.<\/p>\n<p>&nbsp;<\/p>\n<p>Gebrauchsanweisung: Jeden Morgen mit einer einfachen, reaktivierenden Massage auf Gesicht und Dekollet\u00e9 auftragen.<\/p>\n<p>&nbsp;<\/p>\n<p>Gr\u00f6\u00dfe: 50 ml.<\/p>\n","protected":false},"excerpt":{"rendered":"<p>Eine Creme mit weicher Textur, die leicht einzieht. Es sch\u00fctzt die Haut vor Alterung, die durch blaues Licht von Smartphones und Computern verursacht wird.<\/p>\n","protected":false},"featured_media":48963,"template":"","meta":{"_acf_changed":false},"product_brand":[],"product_cat":[12988,1495,12980],"product_tag":[4453,3730,3836,757,7164,7165],"class_list":{"0":"post-48695","1":"product","2":"type-product","3":"status-publish","4":"has-post-thumbnail","6":"product_cat-gesicht","7":"product_cat-kosmetik","8":"product_cat-mikrokosmos","9":"product_tag-blau","10":"product_tag-blaues-licht","11":"product_tag-creme-de","12":"product_tag-gesicht","13":"product_tag-gesichtscreme","14":"product_tag-licht-de","15":"pa_formato-15ml-de","16":"pa_formato-50ml-de","18":"first","19":"instock","20":"taxable","21":"shipping-taxable","22":"purchasable","23":"product-type-simple"},"acf":[],"jetpack_sharing_enabled":true,"_links":{"self":[{"href":"https:\/\/cndestetik.ch\/de\/wp-json\/wp\/v2\/product\/48695","targetHints":{"allow":["GET"]}}],"collection":[{"href":"https:\/\/cndestetik.ch\/de\/wp-json\/wp\/v2\/product"}],"about":[{"href":"https:\/\/cndestetik.ch\/de\/wp-json\/wp\/v2\/types\/product"}],"wp:featuredmedia":[{"embeddable":true,"href":"https:\/\/cndestetik.ch\/de\/wp-json\/wp\/v2\/media\/48963"}],"wp:attachment":[{"href":"https:\/\/cndestetik.ch\/de\/wp-json\/wp\/v2\/media?parent=48695"}],"wp:term":[{"taxonomy":"product_brand","embeddable":true,"href":"https:\/\/cndestetik.ch\/de\/wp-json\/wp\/v2\/product_brand?post=48695"},{"taxonomy":"product_cat","embeddable":true,"href":"https:\/\/cndestetik.ch\/de\/wp-json\/wp\/v2\/product_cat?post=48695"},{"taxonomy":"product_tag","embeddable":true,"href":"https:\/\/cndestetik.ch\/de\/wp-json\/wp\/v2\/product_tag?post=48695"}],"curies":[{"name":"wp","href":"https:\/\/api.w.org\/{rel}","templated":true}]}}