{"id":48686,"date":"2022-06-20T13:13:21","date_gmt":"2022-06-20T11:13:21","guid":{"rendered":"https:\/\/cndestetik.ch\/prodotto\/spagyrische-oleolith-tropfen-aus-hellem-gold\/"},"modified":"2025-01-23T09:44:17","modified_gmt":"2025-01-23T08:44:17","slug":"oleolytisch-spagyrische-lichtgoldtropfen","status":"publish","type":"product","link":"https:\/\/cndestetik.ch\/de\/prodotto\/oleolytisch-spagyrische-lichtgoldtropfen\/","title":{"rendered":"Spagyrische Oleolith-Tropfen aus hellem Gold"},"content":{"rendered":"<p><span data-sheets-value=\"{\"1\":2,\"2\":\"Con sinergia di oleoliti spagirici. Concentrato di sostanze funzionali per trattamenti al viso mirati ed intensivi composti da oleoliti spagirici e oli essenziali tra i pi\u00f9 preziosi. ORO per pelle secca, delicata, arrossata e sensibile. Prodotto pregiato. Ne basta una goccia prima dell'uso della crema.\\n\\nOgni Oleolito Spagirico Viso \u00e8 una preziosa miscela di Oleoliti Spagirici ed Oli Essenziali studiata con cura da esperti erboristi per offrire un prodotto specifico ed efficace per la pelle delicata del viso.\"}\" data-sheets-userformat=\"{\"2\":15297,\"3\":{\"1\":0},\"9\":0,\"10\":2,\"11\":0,\"12\":0,\"14\":{\"1\":2,\"2\":0},\"15\":\"Calibri\",\"16\":11}\">Mit einer Synergie aus spagyrischen Oleolithen. Konzentrat funktioneller Substanzen f\u00fcr gezielte und intensive Gesichtsbehandlungen, bestehend aus spagyrischen Oleolithen und wertvollsten \u00e4therischen \u00d6len. GOLD f\u00fcr trockene, zarte, ger\u00f6tete und empfindliche Haut. Wertvolles Produkt. Vor der Anwendung der Creme reicht ein Tropfen aus.<\/span><\/p>\n<p>Jedes spagyrische Oleolith f\u00fcr das Gesicht ist eine wertvolle Mischung aus spagyrischen Oleolithen und \u00e4therischen \u00d6len, die von Kr\u00e4uterexperten sorgf\u00e4ltig zusammengestellt wurde, um ein spezifisches und wirksames Produkt f\u00fcr die empfindliche Gesichtshaut zu bieten.<\/p>\n<p>Gr\u00f6\u00dfe: 15ml<\/p>\n","protected":false},"excerpt":{"rendered":"<p>Konzentrat aus \u00e4therischen \u00d6len und Oleolithen f\u00fcr die Gesichtspflege.<\/p>\n","protected":false},"featured_media":49126,"template":"","meta":{"_acf_changed":false},"product_brand":[],"product_cat":[12988,1495,12980],"product_tag":[7161,743,7155,2116,4823,4821,7151],"class_list":{"0":"post-48686","1":"product","2":"type-product","3":"status-publish","4":"has-post-thumbnail","6":"product_cat-gesicht","7":"product_cat-kosmetik","8":"product_cat-mikrokosmos","9":"product_tag-gold-de-2","10":"product_tag-licht","11":"product_tag-lichttropfen","12":"product_tag-oleolith","13":"product_tag-spagyrische","14":"product_tag-spagyrischer-oleolyt","15":"product_tag-tropfen","17":"first","18":"instock","19":"taxable","20":"shipping-taxable","21":"purchasable","22":"product-type-simple"},"acf":[],"jetpack_sharing_enabled":true,"_links":{"self":[{"href":"https:\/\/cndestetik.ch\/de\/wp-json\/wp\/v2\/product\/48686","targetHints":{"allow":["GET"]}}],"collection":[{"href":"https:\/\/cndestetik.ch\/de\/wp-json\/wp\/v2\/product"}],"about":[{"href":"https:\/\/cndestetik.ch\/de\/wp-json\/wp\/v2\/types\/product"}],"wp:featuredmedia":[{"embeddable":true,"href":"https:\/\/cndestetik.ch\/de\/wp-json\/wp\/v2\/media\/49126"}],"wp:attachment":[{"href":"https:\/\/cndestetik.ch\/de\/wp-json\/wp\/v2\/media?parent=48686"}],"wp:term":[{"taxonomy":"product_brand","embeddable":true,"href":"https:\/\/cndestetik.ch\/de\/wp-json\/wp\/v2\/product_brand?post=48686"},{"taxonomy":"product_cat","embeddable":true,"href":"https:\/\/cndestetik.ch\/de\/wp-json\/wp\/v2\/product_cat?post=48686"},{"taxonomy":"product_tag","embeddable":true,"href":"https:\/\/cndestetik.ch\/de\/wp-json\/wp\/v2\/product_tag?post=48686"}],"curies":[{"name":"wp","href":"https:\/\/api.w.org\/{rel}","templated":true}]}}