{"id":48660,"date":"2022-06-15T15:55:59","date_gmt":"2022-06-15T13:55:59","guid":{"rendered":"https:\/\/cndestetik.ch\/prodotto\/harzige-koerpercreme\/"},"modified":"2025-01-23T08:38:54","modified_gmt":"2025-01-23T07:38:54","slug":"sahne-korper-harz","status":"publish","type":"product","link":"https:\/\/cndestetik.ch\/de\/prodotto\/sahne-korper-harz\/","title":{"rendered":"Harzige K\u00f6rpercreme"},"content":{"rendered":"<p>K\u00f6rpercreme mit holzigen \u00e4therischen \u00d6len, die dieser Creme einen zarten harzigen Duft verleihen. Spendet der Haut ausgezeichnete Feuchtigkeit.<\/p>\n","protected":false},"excerpt":{"rendered":"<p>Eine K\u00f6rpercreme, die sich durch holzige \u00e4therische \u00d6le auszeichnet, die dieser Creme einen zarten harzigen Duft verleihen.<\/p>\n","protected":false},"featured_media":47816,"template":"","meta":{"_acf_changed":false},"product_brand":[],"product_cat":[1495,8511,12980],"product_tag":[3836,7123,2345,7113],"class_list":{"0":"post-48660","1":"product","2":"type-product","3":"status-publish","4":"has-post-thumbnail","6":"product_cat-kosmetik","7":"product_cat-letzte-stucke","8":"product_cat-mikrokosmos","9":"product_tag-creme-de","10":"product_tag-harzig","11":"product_tag-korper","12":"product_tag-korpercreme","14":"first","15":"instock","16":"taxable","17":"shipping-taxable","18":"purchasable","19":"product-type-simple"},"acf":[],"jetpack_sharing_enabled":true,"_links":{"self":[{"href":"https:\/\/cndestetik.ch\/de\/wp-json\/wp\/v2\/product\/48660","targetHints":{"allow":["GET"]}}],"collection":[{"href":"https:\/\/cndestetik.ch\/de\/wp-json\/wp\/v2\/product"}],"about":[{"href":"https:\/\/cndestetik.ch\/de\/wp-json\/wp\/v2\/types\/product"}],"wp:featuredmedia":[{"embeddable":true,"href":"https:\/\/cndestetik.ch\/de\/wp-json\/wp\/v2\/media\/47816"}],"wp:attachment":[{"href":"https:\/\/cndestetik.ch\/de\/wp-json\/wp\/v2\/media?parent=48660"}],"wp:term":[{"taxonomy":"product_brand","embeddable":true,"href":"https:\/\/cndestetik.ch\/de\/wp-json\/wp\/v2\/product_brand?post=48660"},{"taxonomy":"product_cat","embeddable":true,"href":"https:\/\/cndestetik.ch\/de\/wp-json\/wp\/v2\/product_cat?post=48660"},{"taxonomy":"product_tag","embeddable":true,"href":"https:\/\/cndestetik.ch\/de\/wp-json\/wp\/v2\/product_tag?post=48660"}],"curies":[{"name":"wp","href":"https:\/\/api.w.org\/{rel}","templated":true}]}}