{"id":48658,"date":"2022-06-15T16:15:24","date_gmt":"2022-06-15T14:15:24","guid":{"rendered":"https:\/\/cndestetik.ch\/prodotto\/faecherpinsel-aus-rosshaar-fuer-das-gesicht\/"},"modified":"2025-01-24T13:08:06","modified_gmt":"2025-01-24T12:08:06","slug":"burstenfacher-im-gesicht","status":"publish","type":"product","link":"https:\/\/cndestetik.ch\/de\/prodotto\/burstenfacher-im-gesicht\/","title":{"rendered":"F\u00e4cherpinsel aus Rosshaar f\u00fcr das Gesicht"},"content":{"rendered":"<p>Rosshaarb\u00fcrste f\u00fcr trockenes mechanisches Peeling. Wischen Sie die Haut sanft mit festen Bewegungen ab, um abgestorbene Hautzellen zu entfernen. Als ersten Schritt in das Gesichtsreinigungsprotokoll aufnehmen. Nicht bei besonders gestresster oder entz\u00fcndeter Haut verwenden. Auch ideal f\u00fcr den Wiederverkauf!<\/p>\n","protected":false},"excerpt":{"rendered":"<p>Rosshaarb\u00fcrste f\u00fcr trockenes mechanisches Peeling.<\/p>\n","protected":false},"featured_media":49156,"template":"","meta":{"_acf_changed":false},"product_brand":[],"product_cat":[12988,8511,12980],"product_tag":[7122,757,844,7120],"class_list":{"0":"post-48658","1":"product","2":"type-product","3":"status-publish","4":"has-post-thumbnail","6":"product_cat-gesicht","7":"product_cat-letzte-stucke","8":"product_cat-mikrokosmos","9":"product_tag-burste-de-2","10":"product_tag-gesicht","11":"product_tag-mikrokosmos","12":"product_tag-rosshaar","14":"first","15":"instock","16":"taxable","17":"shipping-taxable","18":"purchasable","19":"product-type-simple"},"acf":[],"jetpack_sharing_enabled":true,"_links":{"self":[{"href":"https:\/\/cndestetik.ch\/de\/wp-json\/wp\/v2\/product\/48658","targetHints":{"allow":["GET"]}}],"collection":[{"href":"https:\/\/cndestetik.ch\/de\/wp-json\/wp\/v2\/product"}],"about":[{"href":"https:\/\/cndestetik.ch\/de\/wp-json\/wp\/v2\/types\/product"}],"wp:featuredmedia":[{"embeddable":true,"href":"https:\/\/cndestetik.ch\/de\/wp-json\/wp\/v2\/media\/49156"}],"wp:attachment":[{"href":"https:\/\/cndestetik.ch\/de\/wp-json\/wp\/v2\/media?parent=48658"}],"wp:term":[{"taxonomy":"product_brand","embeddable":true,"href":"https:\/\/cndestetik.ch\/de\/wp-json\/wp\/v2\/product_brand?post=48658"},{"taxonomy":"product_cat","embeddable":true,"href":"https:\/\/cndestetik.ch\/de\/wp-json\/wp\/v2\/product_cat?post=48658"},{"taxonomy":"product_tag","embeddable":true,"href":"https:\/\/cndestetik.ch\/de\/wp-json\/wp\/v2\/product_tag?post=48658"}],"curies":[{"name":"wp","href":"https:\/\/api.w.org\/{rel}","templated":true}]}}