{"id":48637,"date":"2022-06-15T15:13:50","date_gmt":"2022-06-15T13:13:50","guid":{"rendered":"https:\/\/cndestetik.ch\/prodotto\/diamante-hagebutten-toenungsoel\/"},"modified":"2025-01-24T13:06:26","modified_gmt":"2025-01-24T12:06:26","slug":"oltonung-diamond-rose-mosqueta","status":"publish","type":"product","link":"https:\/\/cndestetik.ch\/de\/prodotto\/oltonung-diamond-rose-mosqueta\/","title":{"rendered":"DIAMANTE Hagebutten-T\u00f6nungs\u00f6l"},"content":{"rendered":"<p><span data-sheets-value=\"{\"1\":2,\"2\":\"Oli preziosi profumati. Per rendere la pelle del viso morbida, elastica ed omogenea possono venire in aiuto gli oli vegetali che, oltre a nutrire e idratare l'epidermide, sono anche in grado di esercitare un potente effetto antirughe grazie all'alta concentrazione di sostanze antiossidanti, che combattono l'azione dei radicali liberi. Applicarne un velo la mattina sotto la crema e tutte le sere prima di andare a dormire.\"}\" data-sheets-userformat=\"{\"2\":15297,\"3\":{\"1\":0},\"9\":0,\"10\":2,\"11\":0,\"12\":0,\"14\":{\"1\":2,\"2\":0},\"15\":\"Calibri\",\"16\":11}\">Kostbare duftende \u00d6le. Um die Gesichtshaut weich, geschmeidig und ebenm\u00e4\u00dfig zu machen, k\u00f6nnen pflanzliche \u00d6le helfen, die nicht nur die Epidermis n\u00e4hren und mit Feuchtigkeit versorgen, sondern dank ihrer hohen Konzentration an antioxidativen Substanzen, die die Wirkung freier Radikale bek\u00e4mpfen, auch eine starke Anti-Falten-Wirkung entfalten.  <\/span><\/p>\n<p><span data-sheets-value=\"{\"1\":2,\"2\":\"Oli preziosi profumati. Per rendere la pelle del viso morbida, elastica ed omogenea possono venire in aiuto gli oli vegetali che, oltre a nutrire e idratare l'epidermide, sono anche in grado di esercitare un potente effetto antirughe grazie all'alta concentrazione di sostanze antiossidanti, che combattono l'azione dei radicali liberi. Applicarne un velo la mattina sotto la crema e tutte le sere prima di andare a dormire.\"}\" data-sheets-userformat=\"{\"2\":15297,\"3\":{\"1\":0},\"9\":0,\"10\":2,\"11\":0,\"12\":0,\"14\":{\"1\":2,\"2\":0},\"15\":\"Calibri\",\"16\":11}\">Tragen Sie einen Schleier morgens unter Ihrer Creme und jeden Abend vor dem Schlafengehen auf.<\/span><\/p>\n<p>Gr\u00f6\u00dfe: 50ml<\/p>\n","protected":false},"excerpt":{"rendered":"<p><span data-sheets-value=\"{\"1\":2,\"2\":\"Oli preziosi profumati. Per rendere la pelle del viso morbida, elastica ed omogenea possono venire in aiuto gli oli vegetali che, oltre a nutrire e idratare l'epidermide, sono anche in grado di esercitare un potente effetto antirughe grazie all'alta concentrazione di sostanze antiossidanti, che combattono l'azione dei radicali liberi. Applicarne un velo la mattina sotto la crema e tutte le sere prima di andare a dormire.\"}\" data-sheets-userformat=\"{\"2\":15297,\"3\":{\"1\":0},\"9\":0,\"10\":2,\"11\":0,\"12\":0,\"14\":{\"1\":2,\"2\":0},\"15\":\"Calibri\",\"16\":11}\">Duftender Holo, der die Haut weich und geschmeidig macht.<\/span><\/p>\n","protected":false},"featured_media":54384,"template":"","meta":{"_acf_changed":false},"product_brand":[],"product_cat":[12988,1495,12980],"product_tag":[7080,7092,7095,844,7087,2192,4261,548],"class_list":{"0":"post-48637","1":"product","2":"type-product","3":"status-publish","4":"has-post-thumbnail","6":"product_cat-gesicht","7":"product_cat-kosmetik","8":"product_cat-mikrokosmos","9":"product_tag-diamant-de","10":"product_tag-duftend-de","11":"product_tag-hagebutte","12":"product_tag-mikrokosmos","13":"product_tag-mosqueta-de","14":"product_tag-ol-de","15":"product_tag-ole","16":"product_tag-rose-de","18":"first","19":"instock","20":"taxable","21":"shipping-taxable","22":"purchasable","23":"product-type-simple"},"acf":[],"jetpack_sharing_enabled":true,"_links":{"self":[{"href":"https:\/\/cndestetik.ch\/de\/wp-json\/wp\/v2\/product\/48637","targetHints":{"allow":["GET"]}}],"collection":[{"href":"https:\/\/cndestetik.ch\/de\/wp-json\/wp\/v2\/product"}],"about":[{"href":"https:\/\/cndestetik.ch\/de\/wp-json\/wp\/v2\/types\/product"}],"wp:featuredmedia":[{"embeddable":true,"href":"https:\/\/cndestetik.ch\/de\/wp-json\/wp\/v2\/media\/54384"}],"wp:attachment":[{"href":"https:\/\/cndestetik.ch\/de\/wp-json\/wp\/v2\/media?parent=48637"}],"wp:term":[{"taxonomy":"product_brand","embeddable":true,"href":"https:\/\/cndestetik.ch\/de\/wp-json\/wp\/v2\/product_brand?post=48637"},{"taxonomy":"product_cat","embeddable":true,"href":"https:\/\/cndestetik.ch\/de\/wp-json\/wp\/v2\/product_cat?post=48637"},{"taxonomy":"product_tag","embeddable":true,"href":"https:\/\/cndestetik.ch\/de\/wp-json\/wp\/v2\/product_tag?post=48637"}],"curies":[{"name":"wp","href":"https:\/\/api.w.org\/{rel}","templated":true}]}}