{"id":48636,"date":"2022-06-15T16:13:30","date_gmt":"2022-06-15T14:13:30","guid":{"rendered":"https:\/\/cndestetik.ch\/prodotto\/koerperbutter-creme\/"},"modified":"2025-01-24T13:11:58","modified_gmt":"2025-01-24T12:11:58","slug":"creme-blauer-korper","status":"publish","type":"product","link":"https:\/\/cndestetik.ch\/de\/prodotto\/creme-blauer-korper\/","title":{"rendered":"K\u00f6rperbutter-Creme"},"content":{"rendered":"<p>K\u00f6rperbuttercreme mit w\u00fcrzigem Calendula-Extrakt, ideal f\u00fcr trockene und dehydrierte Haut. Regeneriert und macht die Haut weich und strahlend. 200ml<\/p>\n","protected":false},"excerpt":{"rendered":"<p>K\u00f6rperbuttercreme mit spagyrischem Calendula-Extrakt, ideal f\u00fcr trockene und feuchtigkeitsarme Haut.<\/p>\n","protected":false},"featured_media":54015,"template":"","meta":{"_acf_changed":false},"product_brand":[],"product_cat":[12985,1495,12980],"product_tag":[4147,3836,2345,7078],"class_list":{"0":"post-48636","1":"product","2":"type-product","3":"status-publish","4":"has-post-thumbnail","6":"product_cat-body","7":"product_cat-kosmetik","8":"product_cat-mikrokosmos","9":"product_tag-butter-de","10":"product_tag-creme-de","11":"product_tag-korper","12":"product_tag-korperbuttercreme","14":"first","15":"instock","16":"taxable","17":"shipping-taxable","18":"purchasable","19":"product-type-simple"},"acf":[],"jetpack_sharing_enabled":true,"_links":{"self":[{"href":"https:\/\/cndestetik.ch\/de\/wp-json\/wp\/v2\/product\/48636","targetHints":{"allow":["GET"]}}],"collection":[{"href":"https:\/\/cndestetik.ch\/de\/wp-json\/wp\/v2\/product"}],"about":[{"href":"https:\/\/cndestetik.ch\/de\/wp-json\/wp\/v2\/types\/product"}],"wp:featuredmedia":[{"embeddable":true,"href":"https:\/\/cndestetik.ch\/de\/wp-json\/wp\/v2\/media\/54015"}],"wp:attachment":[{"href":"https:\/\/cndestetik.ch\/de\/wp-json\/wp\/v2\/media?parent=48636"}],"wp:term":[{"taxonomy":"product_brand","embeddable":true,"href":"https:\/\/cndestetik.ch\/de\/wp-json\/wp\/v2\/product_brand?post=48636"},{"taxonomy":"product_cat","embeddable":true,"href":"https:\/\/cndestetik.ch\/de\/wp-json\/wp\/v2\/product_cat?post=48636"},{"taxonomy":"product_tag","embeddable":true,"href":"https:\/\/cndestetik.ch\/de\/wp-json\/wp\/v2\/product_tag?post=48636"}],"curies":[{"name":"wp","href":"https:\/\/api.w.org\/{rel}","templated":true}]}}