{"id":48450,"date":"2022-06-15T11:00:28","date_gmt":"2022-06-15T09:00:28","guid":{"rendered":"https:\/\/cndestetik.ch\/prodotto\/semi-permanente-umhuellungen-zum-entfernen\/"},"modified":"2023-02-23T15:19:54","modified_gmt":"2023-02-23T14:19:54","slug":"wrap-around-semi-permanent","status":"publish","type":"product","link":"https:\/\/cndestetik.ch\/de\/prodotto\/wrap-around-semi-permanent\/","title":{"rendered":"Semi-permanente Umh\u00fcllungen zum Entfernen"},"content":{"rendered":"<p><span data-sheets-value=\"{\"1\":2,\"2\":\"La confezione contiene: 200 cartine\\nDimensioni del batuffolo di cotone: 20 mm x 30 mm.\\nDimensioni totali della pellicola: 105 mm x 85 mm.\\nDimensioni foglio piegato: 105 mm x 75 mm.\\nTampone di cotone integrato: ogni involucro ha un batuffolo di cotone integrato per assorbire e mantenere l'acetone appena attorno all'unghia.\\nProfessionale e facile: il foglio di alluminio pretagliato aiuta a risparmiare tempo e ad avvolgere facilmente. La pellicola rimane al suo posto e i clienti sono liberi di muoversi durante il processo di rimozione.\\nRimozione rapida, sicura e delicata: l'alluminio trattiene il calore corporeo per accelerare una rimozione pi\u00f9 rapida. L'involucro rende il compito pulito, meno odore e meno esposizione della pelle\"}\" data-sheets-userformat=\"{\"2\":15297,\"3\":{\"1\":0},\"9\":0,\"10\":2,\"11\":0,\"12\":0,\"14\":{\"1\":2,\"2\":0},\"15\":\"Calibri\",\"16\":11}\">Paket enth\u00e4lt: 200 Karten<br \/>\nAbmessungen der Wattekugel: 20 mm x 30 mm.<br \/>\nGesamtma\u00dfe des Films: 105 mm x 85 mm.<br \/>\nGr\u00f6\u00dfe des gefalteten Blattes: 105 mm x 75 mm.<br \/>\nIntegriertes Wattest\u00e4bchen: Jede Packung hat ein integriertes Wattest\u00e4bchen, das das Aceton aufnimmt und direkt am Nagel h\u00e4lt.<br \/>\nProfessionell und einfach: Die vorgeschnittene Alufolie hilft Zeit zu sparen und l\u00e4sst sich leicht einwickeln. Die Folie bleibt an Ort und Stelle, und die Kunden k\u00f6nnen sich w\u00e4hrend des Entfernungsprozesses frei bewegen.<br \/>\nSchnelle, sichere und sanfte Entfernung: Aluminium speichert die K\u00f6rperw\u00e4rme und beschleunigt so die Entfernung. Der Wickel macht die Aufgabe sauber, weniger Geruch und weniger Hautbelastung<\/span><\/p>\n","protected":false},"excerpt":{"rendered":"<p>Packung mit 200 Emaille-Entnahmekarten.<\/p>\n","protected":false},"featured_media":50818,"template":"","meta":{"_acf_changed":false},"product_brand":[],"product_cat":[1504],"product_tag":[4081,6889,6881,6884,1356,6896],"class_list":{"0":"post-48450","1":"product","2":"type-product","3":"status-publish","4":"has-post-thumbnail","6":"product_cat-nails-manikure-pedikure","7":"product_tag-cnd-de","8":"product_tag-entferner","9":"product_tag-folie-de","10":"product_tag-folienentferner","11":"product_tag-nagel-de","12":"product_tag-wickelt","14":"first","15":"instock","16":"taxable","17":"shipping-taxable","18":"purchasable","19":"product-type-simple"},"acf":[],"jetpack_sharing_enabled":true,"_links":{"self":[{"href":"https:\/\/cndestetik.ch\/de\/wp-json\/wp\/v2\/product\/48450","targetHints":{"allow":["GET"]}}],"collection":[{"href":"https:\/\/cndestetik.ch\/de\/wp-json\/wp\/v2\/product"}],"about":[{"href":"https:\/\/cndestetik.ch\/de\/wp-json\/wp\/v2\/types\/product"}],"wp:featuredmedia":[{"embeddable":true,"href":"https:\/\/cndestetik.ch\/de\/wp-json\/wp\/v2\/media\/50818"}],"wp:attachment":[{"href":"https:\/\/cndestetik.ch\/de\/wp-json\/wp\/v2\/media?parent=48450"}],"wp:term":[{"taxonomy":"product_brand","embeddable":true,"href":"https:\/\/cndestetik.ch\/de\/wp-json\/wp\/v2\/product_brand?post=48450"},{"taxonomy":"product_cat","embeddable":true,"href":"https:\/\/cndestetik.ch\/de\/wp-json\/wp\/v2\/product_cat?post=48450"},{"taxonomy":"product_tag","embeddable":true,"href":"https:\/\/cndestetik.ch\/de\/wp-json\/wp\/v2\/product_tag?post=48450"}],"curies":[{"name":"wp","href":"https:\/\/api.w.org\/{rel}","templated":true}]}}