{"id":48392,"date":"2022-06-14T14:19:31","date_gmt":"2022-06-14T12:19:31","guid":{"rendered":"https:\/\/cndestetik.ch\/prodotto\/neu-cnd-led-lampe-100-240v\/"},"modified":"2024-01-16T00:00:20","modified_gmt":"2024-01-15T23:00:20","slug":"new-cnd-led-lamp-100-240v","status":"publish","type":"product","link":"https:\/\/cndestetik.ch\/de\/prodotto\/new-cnd-led-lamp-100-240v\/","title":{"rendered":"Neu CND LED Lampe 100-240V"},"content":{"rendered":"<p><span data-sheets-value=\"{\"1\":2,\"2\":\"L'unica lampada progettata per polimerizzare in modo completo e uniforme CND Shellac e Brisa Gel. \u00c8 dotato di due impostazioni di luce progettate per migliorare la lunga durata e lucentezza. Intensit\u00e0 regolabile per ogni fase del servizio. Pulsazioni a tempo controllato per una cura di precisione. Caratteristiche del design: \u2022 Esposizione mirata solo all'area dell'unghia \u2022 Comandi preimpostati facili da usare per ogni fase del servizio \u2022 Guide di allineamento per il corretto posizionamento di mani\/piedi \u2022 Design ergonomico Impostazioni preprogrammate: Pulsante (1) per Universal Base Coat, Button (2B) per Brisa Gel, Button (2S) per CND Shellac, Button (3) per Universal Top Coat.\"}\" data-sheets-userformat=\"{\"2\":15297,\"3\":{\"1\":0},\"9\":0,\"10\":2,\"11\":0,\"12\":0,\"14\":{\"1\":2,\"2\":0},\"15\":\"Calibri\",\"16\":11}\">Die einzige Lampe, die entwickelt wurde, um CND Shellac und Brisa Gel vollst\u00e4ndig und gleichm\u00e4\u00dfig auszuh\u00e4rten. Sie verf\u00fcgt \u00fcber zwei Lichteinstellungen, die f\u00fcr Langlebigkeit und Glanz sorgen. Einstellbare Intensit\u00e4t f\u00fcr jede Phase des Dienstes. Zeitgesteuerte Pulsationen f\u00fcr pr\u00e4zise Pflege. Konstruktionsmerkmale:  <\/span><\/p>\n<p><span data-sheets-value=\"{\"1\":2,\"2\":\"L'unica lampada progettata per polimerizzare in modo completo e uniforme CND Shellac e Brisa Gel. \u00c8 dotato di due impostazioni di luce progettate per migliorare la lunga durata e lucentezza. Intensit\u00e0 regolabile per ogni fase del servizio. Pulsazioni a tempo controllato per una cura di precisione. Caratteristiche del design: \u2022 Esposizione mirata solo all'area dell'unghia \u2022 Comandi preimpostati facili da usare per ogni fase del servizio \u2022 Guide di allineamento per il corretto posizionamento di mani\/piedi \u2022 Design ergonomico Impostazioni preprogrammate: Pulsante (1) per Universal Base Coat, Button (2B) per Brisa Gel, Button (2S) per CND Shellac, Button (3) per Universal Top Coat.\"}\" data-sheets-userformat=\"{\"2\":15297,\"3\":{\"1\":0},\"9\":0,\"10\":2,\"11\":0,\"12\":0,\"14\":{\"1\":2,\"2\":0},\"15\":\"Calibri\",\"16\":11}\">&#8211; Gezielte Exposition nur f\u00fcr den Nagelbereich  <\/span><\/p>\n<p><span data-sheets-value=\"{\"1\":2,\"2\":\"L'unica lampada progettata per polimerizzare in modo completo e uniforme CND Shellac e Brisa Gel. \u00c8 dotato di due impostazioni di luce progettate per migliorare la lunga durata e lucentezza. Intensit\u00e0 regolabile per ogni fase del servizio. Pulsazioni a tempo controllato per una cura di precisione. Caratteristiche del design: \u2022 Esposizione mirata solo all'area dell'unghia \u2022 Comandi preimpostati facili da usare per ogni fase del servizio \u2022 Guide di allineamento per il corretto posizionamento di mani\/piedi \u2022 Design ergonomico Impostazioni preprogrammate: Pulsante (1) per Universal Base Coat, Button (2B) per Brisa Gel, Button (2S) per CND Shellac, Button (3) per Universal Top Coat.\"}\" data-sheets-userformat=\"{\"2\":15297,\"3\":{\"1\":0},\"9\":0,\"10\":2,\"11\":0,\"12\":0,\"14\":{\"1\":2,\"2\":0},\"15\":\"Calibri\",\"16\":11}\">&#8211; Einfach zu verwendende voreingestellte Befehle f\u00fcr jede Phase des Dienstes  <\/span><\/p>\n<p><span data-sheets-value=\"{\"1\":2,\"2\":\"L'unica lampada progettata per polimerizzare in modo completo e uniforme CND Shellac e Brisa Gel. \u00c8 dotato di due impostazioni di luce progettate per migliorare la lunga durata e lucentezza. Intensit\u00e0 regolabile per ogni fase del servizio. Pulsazioni a tempo controllato per una cura di precisione. Caratteristiche del design: \u2022 Esposizione mirata solo all'area dell'unghia \u2022 Comandi preimpostati facili da usare per ogni fase del servizio \u2022 Guide di allineamento per il corretto posizionamento di mani\/piedi \u2022 Design ergonomico Impostazioni preprogrammate: Pulsante (1) per Universal Base Coat, Button (2B) per Brisa Gel, Button (2S) per CND Shellac, Button (3) per Universal Top Coat.\"}\" data-sheets-userformat=\"{\"2\":15297,\"3\":{\"1\":0},\"9\":0,\"10\":2,\"11\":0,\"12\":0,\"14\":{\"1\":2,\"2\":0},\"15\":\"Calibri\",\"16\":11}\">&#8211; Ausrichtungshilfen f\u00fcr die richtige Positionierung der H\u00e4nde\/F\u00fc\u00dfe  <\/span><\/p>\n<p><span data-sheets-value=\"{\"1\":2,\"2\":\"L'unica lampada progettata per polimerizzare in modo completo e uniforme CND Shellac e Brisa Gel. \u00c8 dotato di due impostazioni di luce progettate per migliorare la lunga durata e lucentezza. Intensit\u00e0 regolabile per ogni fase del servizio. Pulsazioni a tempo controllato per una cura di precisione. Caratteristiche del design: \u2022 Esposizione mirata solo all'area dell'unghia \u2022 Comandi preimpostati facili da usare per ogni fase del servizio \u2022 Guide di allineamento per il corretto posizionamento di mani\/piedi \u2022 Design ergonomico Impostazioni preprogrammate: Pulsante (1) per Universal Base Coat, Button (2B) per Brisa Gel, Button (2S) per CND Shellac, Button (3) per Universal Top Coat.\"}\" data-sheets-userformat=\"{\"2\":15297,\"3\":{\"1\":0},\"9\":0,\"10\":2,\"11\":0,\"12\":0,\"14\":{\"1\":2,\"2\":0},\"15\":\"Calibri\",\"16\":11}\">&#8211; Ergonomische Gestaltung  <\/span><\/p>\n<p><span data-sheets-value=\"{\"1\":2,\"2\":\"L'unica lampada progettata per polimerizzare in modo completo e uniforme CND Shellac e Brisa Gel. \u00c8 dotato di due impostazioni di luce progettate per migliorare la lunga durata e lucentezza. Intensit\u00e0 regolabile per ogni fase del servizio. Pulsazioni a tempo controllato per una cura di precisione. Caratteristiche del design: \u2022 Esposizione mirata solo all'area dell'unghia \u2022 Comandi preimpostati facili da usare per ogni fase del servizio \u2022 Guide di allineamento per il corretto posizionamento di mani\/piedi \u2022 Design ergonomico Impostazioni preprogrammate: Pulsante (1) per Universal Base Coat, Button (2B) per Brisa Gel, Button (2S) per CND Shellac, Button (3) per Universal Top Coat.\"}\" data-sheets-userformat=\"{\"2\":15297,\"3\":{\"1\":0},\"9\":0,\"10\":2,\"11\":0,\"12\":0,\"14\":{\"1\":2,\"2\":0},\"15\":\"Calibri\",\"16\":11}\">Vorprogrammierte Einstellungen: Taste (1) f\u00fcr Universal Base Coat, Taste (2B) f\u00fcr Brisa Gel, Taste (2S) f\u00fcr CND Shellac, Taste (3) f\u00fcr Universal Top Coat.<\/span><\/p>\n","protected":false},"excerpt":{"rendered":"<p><span data-sheets-value=\"{\"1\":2,\"2\":\"L'unica lampada progettata per polimerizzare in modo completo e uniforme CND Shellac e Brisa Gel. \u00c8 dotato di due impostazioni di luce progettate per migliorare la lunga durata e lucentezza. Intensit\u00e0 regolabile per ogni fase del servizio. Pulsazioni a tempo controllato per una cura di precisione. Caratteristiche del design: \u2022 Esposizione mirata solo all'area dell'unghia \u2022 Comandi preimpostati facili da usare per ogni fase del servizio \u2022 Guide di allineamento per il corretto posizionamento di mani\/piedi \u2022 Design ergonomico Impostazioni preprogrammate: Pulsante (1) per Universal Base Coat, Button (2B) per Brisa Gel, Button (2S) per CND Shellac, Button (3) per Universal Top Coat.\"}\" data-sheets-userformat=\"{\"2\":15297,\"3\":{\"1\":0},\"9\":0,\"10\":2,\"11\":0,\"12\":0,\"14\":{\"1\":2,\"2\":0},\"15\":\"Calibri\",\"16\":11}\">Lampe f\u00fcr die Aush\u00e4rtung von CND Shellac und Brisa Gel.<\/span><\/p>\n","protected":false},"featured_media":43813,"template":"","meta":{"_acf_changed":false},"product_brand":[],"product_cat":[1299,1504],"product_tag":[6666,6674,4081,1279,6770,6773,6775,1955],"class_list":{"0":"post-48392","1":"product","2":"type-product","3":"status-publish","4":"has-post-thumbnail","6":"product_cat-ausrustung","7":"product_cat-nails-manikure-pedikure","8":"product_tag-brisa-de","9":"product_tag-brisagel","10":"product_tag-cnd-de","11":"product_tag-gel-de","12":"product_tag-lampe","13":"product_tag-lampe-de","14":"product_tag-neue-lampe","15":"product_tag-schellack","17":"first","18":"instock","19":"taxable","20":"shipping-taxable","21":"purchasable","22":"product-type-simple"},"acf":[],"jetpack_sharing_enabled":true,"_links":{"self":[{"href":"https:\/\/cndestetik.ch\/de\/wp-json\/wp\/v2\/product\/48392","targetHints":{"allow":["GET"]}}],"collection":[{"href":"https:\/\/cndestetik.ch\/de\/wp-json\/wp\/v2\/product"}],"about":[{"href":"https:\/\/cndestetik.ch\/de\/wp-json\/wp\/v2\/types\/product"}],"wp:featuredmedia":[{"embeddable":true,"href":"https:\/\/cndestetik.ch\/de\/wp-json\/wp\/v2\/media\/43813"}],"wp:attachment":[{"href":"https:\/\/cndestetik.ch\/de\/wp-json\/wp\/v2\/media?parent=48392"}],"wp:term":[{"taxonomy":"product_brand","embeddable":true,"href":"https:\/\/cndestetik.ch\/de\/wp-json\/wp\/v2\/product_brand?post=48392"},{"taxonomy":"product_cat","embeddable":true,"href":"https:\/\/cndestetik.ch\/de\/wp-json\/wp\/v2\/product_cat?post=48392"},{"taxonomy":"product_tag","embeddable":true,"href":"https:\/\/cndestetik.ch\/de\/wp-json\/wp\/v2\/product_tag?post=48392"}],"curies":[{"name":"wp","href":"https:\/\/api.w.org\/{rel}","templated":true}]}}