{"id":48369,"date":"2022-06-14T14:10:46","date_gmt":"2022-06-14T12:10:46","guid":{"rendered":"https:\/\/cndestetik.ch\/prodotto\/cnd-zusatzstoffe\/"},"modified":"2022-11-29T00:01:26","modified_gmt":"2022-11-28T23:01:26","slug":"cnd-zusatzstoffe","status":"publish","type":"product","link":"https:\/\/cndestetik.ch\/de\/prodotto\/cnd-zusatzstoffe\/","title":{"rendered":"CND-Zusatzstoffe"},"content":{"rendered":"<p><span data-sheets-value=\"{\"1\":2,\"2\":\"CND Additives Colors CND introduce un nuovo modo per portare il colore alle unghie dei tuoi clienti.\\n\u2022 Un'incredibile collezione di pigmenti puri, effetti ed effetti pigmentati.\\n\u2022 Miscela gli additivi in \u200b\u200bqualsiasi polvere o gel per modellare CND o applica uno strato sopra CND Shellac.\\n\u2022 Per la massima libert\u00e0 artistica.\\n\u2022 Additives \u00e8 una nuova generazione di nail art in divenire.\\n\u2022 Questa nuova tecnologia piacer\u00e0 anche al cliente del salone pi\u00f9 tradizionale.\\n- CND Shellac - Immergere un pennello asciutto negli additivi desiderati e quindi applicare leggermente sullo strato non polimerizzato di Shellac. Cura per due minuti. Applicare Shellac Top Coat per sigillare e proteggere il design e polimerizzare per due minuti.\\n- Liquido e polvere - Aggiungi una piccola quantit\u00e0 di polvere modellante e un pizzico di Additivi desiderati in un barattolo vuoto. Chiudere il barattolo e agitare per amalgamare bene. Non mescolare mai pi\u00f9 del 30% di Additivi a qualsiasi miscela di polvere.\\n- Gel - Aggiungere una piccola quantit\u00e0 di gel in un vassoio o in un barattolo e un pizzico di Additivi desiderati. Mescolare delicatamente con una spatola o un bastoncino di legno d'arancio fino a quando non sar\u00e0 completamente amalgamato. Usa un movimento lento e costante per evitare di creare bolle. Non mescolare mai pi\u00f9 del 30% di additivi a qualsiasi miscela di gel.\"}\" data-sheets-userformat=\"{\"2\":15297,\"3\":{\"1\":0},\"9\":0,\"10\":2,\"11\":0,\"12\":0,\"14\":{\"1\":2,\"2\":0},\"15\":\"Calibri\",\"16\":11}\">CND Additive Colors CND stellt eine neue M\u00f6glichkeit vor, Farbe auf die N\u00e4gel Ihrer Kunden zu bringen.<br \/>\n&#8211; Eine unglaubliche Sammlung von reinen Pigmenten, Effekten und pigmentierten Effekten.<br \/>\n&#8211; Mischen Sie die Additive in ein beliebiges CND Modellierpulver oder -gel oder tragen Sie eine Schicht auf CND Shellac auf.<br \/>\n&#8211; F\u00fcr maximale k\u00fcnstlerische Freiheit.<br \/>\n&#8211; Additives ist eine neue Generation von Nail Art, die gerade entsteht.<br \/>\n&#8211; Diese neue Technologie wird auch den traditionellsten Salonkunden ansprechen.<br \/>\n<\/span><\/p>\n<p><span data-sheets-value=\"{\"1\":2,\"2\":\"CND Additives Colors CND introduce un nuovo modo per portare il colore alle unghie dei tuoi clienti.\\n\u2022 Un'incredibile collezione di pigmenti puri, effetti ed effetti pigmentati.\\n\u2022 Miscela gli additivi in \u200b\u200bqualsiasi polvere o gel per modellare CND o applica uno strato sopra CND Shellac.\\n\u2022 Per la massima libert\u00e0 artistica.\\n\u2022 Additives \u00e8 una nuova generazione di nail art in divenire.\\n\u2022 Questa nuova tecnologia piacer\u00e0 anche al cliente del salone pi\u00f9 tradizionale.\\n- CND Shellac - Immergere un pennello asciutto negli additivi desiderati e quindi applicare leggermente sullo strato non polimerizzato di Shellac. Cura per due minuti. Applicare Shellac Top Coat per sigillare e proteggere il design e polimerizzare per due minuti.\\n- Liquido e polvere - Aggiungi una piccola quantit\u00e0 di polvere modellante e un pizzico di Additivi desiderati in un barattolo vuoto. Chiudere il barattolo e agitare per amalgamare bene. Non mescolare mai pi\u00f9 del 30% di Additivi a qualsiasi miscela di polvere.\\n- Gel - Aggiungere una piccola quantit\u00e0 di gel in un vassoio o in un barattolo e un pizzico di Additivi desiderati. Mescolare delicatamente con una spatola o un bastoncino di legno d'arancio fino a quando non sar\u00e0 completamente amalgamato. Usa un movimento lento e costante per evitare di creare bolle. Non mescolare mai pi\u00f9 del 30% di additivi a qualsiasi miscela di gel.\"}\" data-sheets-userformat=\"{\"2\":15297,\"3\":{\"1\":0},\"9\":0,\"10\":2,\"11\":0,\"12\":0,\"14\":{\"1\":2,\"2\":0},\"15\":\"Calibri\",\"16\":11}\">&#8211; CND Shellac &#8211; Tauchen Sie einen trockenen Pinsel in die gew\u00fcnschten Additive und tragen Sie ihn dann leicht auf die ungeh\u00e4rtete Schellackschicht auf. Zwei Minuten lang aush\u00e4rten lassen. Tragen Sie Shellac Top Coat auf, um das Design zu versiegeln und zu sch\u00fctzen, und lassen Sie es zwei Minuten lang aush\u00e4rten.<br \/>\n&#8211; Fl\u00fcssigkeit und Pulver &#8211; Geben Sie eine kleine Menge Modellierpulver und eine Prise der gew\u00fcnschten Zusatzstoffe in ein leeres Gef\u00e4\u00df. Das Glas verschlie\u00dfen und sch\u00fctteln, um es gut zu vermischen. Mischen Sie niemals mehr als 30 % Zusatzstoffe mit einer Pulvermischung.<br \/>\n<\/span><\/p>\n<p><span data-sheets-value=\"{\"1\":2,\"2\":\"CND Additives Colors CND introduce un nuovo modo per portare il colore alle unghie dei tuoi clienti.\\n\u2022 Un'incredibile collezione di pigmenti puri, effetti ed effetti pigmentati.\\n\u2022 Miscela gli additivi in \u200b\u200bqualsiasi polvere o gel per modellare CND o applica uno strato sopra CND Shellac.\\n\u2022 Per la massima libert\u00e0 artistica.\\n\u2022 Additives \u00e8 una nuova generazione di nail art in divenire.\\n\u2022 Questa nuova tecnologia piacer\u00e0 anche al cliente del salone pi\u00f9 tradizionale.\\n- CND Shellac - Immergere un pennello asciutto negli additivi desiderati e quindi applicare leggermente sullo strato non polimerizzato di Shellac. Cura per due minuti. Applicare Shellac Top Coat per sigillare e proteggere il design e polimerizzare per due minuti.\\n- Liquido e polvere - Aggiungi una piccola quantit\u00e0 di polvere modellante e un pizzico di Additivi desiderati in un barattolo vuoto. Chiudere il barattolo e agitare per amalgamare bene. Non mescolare mai pi\u00f9 del 30% di Additivi a qualsiasi miscela di polvere.\\n- Gel - Aggiungere una piccola quantit\u00e0 di gel in un vassoio o in un barattolo e un pizzico di Additivi desiderati. Mescolare delicatamente con una spatola o un bastoncino di legno d'arancio fino a quando non sar\u00e0 completamente amalgamato. Usa un movimento lento e costante per evitare di creare bolle. Non mescolare mai pi\u00f9 del 30% di additivi a qualsiasi miscela di gel.\"}\" data-sheets-userformat=\"{\"2\":15297,\"3\":{\"1\":0},\"9\":0,\"10\":2,\"11\":0,\"12\":0,\"14\":{\"1\":2,\"2\":0},\"15\":\"Calibri\",\"16\":11}\">&#8211; Gel &#8211; Geben Sie eine kleine Menge Gel in ein Tablett oder Glas und eine Prise der gew\u00fcnschten Zusatzstoffe. Mit einem Spatel oder einem Orangenholzst\u00e4bchen vorsichtig umr\u00fchren, bis alles gut vermischt ist. F\u00fchren Sie eine langsame und gleichm\u00e4\u00dfige Bewegung aus, um Blasenbildung zu vermeiden. Mischen Sie niemals mehr als 30 % Zusatzstoffe in eine Gelmischung.<\/span><\/p>\n","protected":false},"excerpt":{"rendered":"<p>CND Additive, Pulverpigmente f\u00fcr die Manik\u00fcre.<\/p>\n","protected":false},"featured_media":43783,"template":"","meta":{"_acf_changed":false},"product_brand":[],"product_cat":[8511,1504],"product_tag":[8606,4453,1279,5208,7161,5033,6386,4754,7688,6762,6754,6756],"class_list":{"0":"post-48369","1":"product","2":"type-product","3":"status-publish","4":"has-post-thumbnail","6":"product_cat-letzte-stucke","7":"product_cat-nails-manikure-pedikure","8":"product_tag-blau-de","9":"product_tag-blau","10":"product_tag-gel-de","11":"product_tag-glitzer","12":"product_tag-gold-de-2","13":"product_tag-gold-de","14":"product_tag-grun-de","15":"product_tag-grun","16":"product_tag-mittel","17":"product_tag-schimmern","18":"product_tag-tief","19":"product_tag-vergoldet","20":"pa_barattolo-antike-bronze","21":"pa_barattolo-cerulean-blau","22":"pa_barattolo-jade-neu-entfacht","23":"pa_barattolo-mittelgrun","24":"pa_barattolo-pflaumenliebe","25":"pa_barattolo-plusch-velours","26":"pa_barattolo-rosa-idee","27":"pa_barattolo-tiefblau","28":"pa_barattolo-vergoldeter-schimmer","29":"pa_barattolo-verschnorkelter-halo","30":"pa_barattolo-violette-perle","31":"pa_barattolo-zerkleinertes-wildleder","33":"first","34":"instock","35":"taxable","36":"shipping-taxable","37":"purchasable","38":"product-type-variable"},"acf":[],"jetpack_sharing_enabled":true,"_links":{"self":[{"href":"https:\/\/cndestetik.ch\/de\/wp-json\/wp\/v2\/product\/48369","targetHints":{"allow":["GET"]}}],"collection":[{"href":"https:\/\/cndestetik.ch\/de\/wp-json\/wp\/v2\/product"}],"about":[{"href":"https:\/\/cndestetik.ch\/de\/wp-json\/wp\/v2\/types\/product"}],"wp:featuredmedia":[{"embeddable":true,"href":"https:\/\/cndestetik.ch\/de\/wp-json\/wp\/v2\/media\/43783"}],"wp:attachment":[{"href":"https:\/\/cndestetik.ch\/de\/wp-json\/wp\/v2\/media?parent=48369"}],"wp:term":[{"taxonomy":"product_brand","embeddable":true,"href":"https:\/\/cndestetik.ch\/de\/wp-json\/wp\/v2\/product_brand?post=48369"},{"taxonomy":"product_cat","embeddable":true,"href":"https:\/\/cndestetik.ch\/de\/wp-json\/wp\/v2\/product_cat?post=48369"},{"taxonomy":"product_tag","embeddable":true,"href":"https:\/\/cndestetik.ch\/de\/wp-json\/wp\/v2\/product_tag?post=48369"}],"curies":[{"name":"wp","href":"https:\/\/api.w.org\/{rel}","templated":true}]}}