{"id":48361,"date":"2022-06-15T09:02:58","date_gmt":"2022-06-15T07:02:58","guid":{"rendered":"https:\/\/cndestetik.ch\/prodotto\/klare-frost-velocity-tips\/"},"modified":"2022-11-15T16:45:19","modified_gmt":"2022-11-15T15:45:19","slug":"clear-frost-velocity-tips","status":"publish","type":"product","link":"https:\/\/cndestetik.ch\/de\/prodotto\/clear-frost-velocity-tips\/","title":{"rendered":"Klare (Frost) Velocity Tips"},"content":{"rendered":"<p><span data-sheets-value=\"{\"1\":2,\"2\":\"Le Tips Creative Nail Design sono Tips per unghie di qualit\u00e0 professionale realizzate con la migliore plastica vergine ABS, progettate con punti di differenza strutturali superiori per un servizio unghie personalizzato. Possono essere utilizzati per allungare l'unghia naturale alla lunghezza desiderata o per correggere l'aspetto delle unghie deformi.\\n\\nProfonda curva a \\\"C\\\".\\nArea di microcontatti\\nArco laterale \\nContiene: 100 punte in una confezione (10 per ogni taglia da #1 a #10).\"}\" data-sheets-userformat=\"{\"2\":15297,\"3\":{\"1\":0},\"9\":0,\"10\":2,\"11\":0,\"12\":0,\"14\":{\"1\":2,\"2\":0},\"15\":\"Calibri\",\"16\":11}\">Creative Nail Design Tips sind Nageldesign-Tips in professioneller Qualit\u00e4t aus bestem ABS-Kunststoff, die mit \u00fcberlegenen strukturellen Unterscheidungsmerkmalen f\u00fcr einen ma\u00dfgeschneiderten Nagelservice entwickelt wurden. Sie k\u00f6nnen verwendet werden, um den Naturnagel auf die gew\u00fcnschte L\u00e4nge zu verl\u00e4ngern oder um das Aussehen deformierter N\u00e4gel zu korrigieren.<\/span><\/p>\n<p>Tiefe &#8220;C&#8221;-Kurve.<br \/>\nMikro-Kontaktfl\u00e4che<br \/>\nSeitenbogen<br \/>\nEnth\u00e4lt: 100 Spitzen in einer Packung (10 von jeder Gr\u00f6\u00dfe von #1 bis #10).<\/p>\n","protected":false},"excerpt":{"rendered":"<p>100 ABS-Kunststoff-Nagelspitzen.<\/p>\n","protected":false},"featured_media":44059,"template":"","meta":{"_acf_changed":false},"product_brand":[],"product_cat":[1504],"product_tag":[6694,6705,6708,6687,6699],"class_list":{"0":"post-48361","1":"product","2":"type-product","3":"status-publish","4":"has-post-thumbnail","6":"product_cat-nails-manikure-pedikure","7":"product_tag-frost-de","8":"product_tag-geschwindigkeit","9":"product_tag-geschwindigkeitstipps","10":"product_tag-klar","11":"product_tag-tipps","13":"first","14":"instock","15":"taxable","16":"shipping-taxable","17":"purchasable","18":"product-type-simple"},"acf":[],"jetpack_sharing_enabled":true,"_links":{"self":[{"href":"https:\/\/cndestetik.ch\/de\/wp-json\/wp\/v2\/product\/48361","targetHints":{"allow":["GET"]}}],"collection":[{"href":"https:\/\/cndestetik.ch\/de\/wp-json\/wp\/v2\/product"}],"about":[{"href":"https:\/\/cndestetik.ch\/de\/wp-json\/wp\/v2\/types\/product"}],"wp:featuredmedia":[{"embeddable":true,"href":"https:\/\/cndestetik.ch\/de\/wp-json\/wp\/v2\/media\/44059"}],"wp:attachment":[{"href":"https:\/\/cndestetik.ch\/de\/wp-json\/wp\/v2\/media?parent=48361"}],"wp:term":[{"taxonomy":"product_brand","embeddable":true,"href":"https:\/\/cndestetik.ch\/de\/wp-json\/wp\/v2\/product_brand?post=48361"},{"taxonomy":"product_cat","embeddable":true,"href":"https:\/\/cndestetik.ch\/de\/wp-json\/wp\/v2\/product_cat?post=48361"},{"taxonomy":"product_tag","embeddable":true,"href":"https:\/\/cndestetik.ch\/de\/wp-json\/wp\/v2\/product_tag?post=48361"}],"curies":[{"name":"wp","href":"https:\/\/api.w.org\/{rel}","templated":true}]}}