{"id":48329,"date":"2022-06-14T16:05:04","date_gmt":"2022-06-14T14:05:04","guid":{"rendered":"https:\/\/cndestetik.ch\/prodotto\/reiniger-67-isopropylalkohol\/"},"modified":"2022-11-15T16:46:33","modified_gmt":"2022-11-15T15:46:33","slug":"reinigungsmittel-isopropylalkohol-67","status":"publish","type":"product","link":"https:\/\/cndestetik.ch\/de\/prodotto\/reinigungsmittel-isopropylalkohol-67\/","title":{"rendered":"Reiniger &#8211; 67% Isopropylalkohol"},"content":{"rendered":"<p><span data-sheets-value=\"{\"1\":2,\"2\":\"Questo sgrassante per unghie elimina la dispersione ed eventuali residui di umidit\u00e0 dall'unghia. Per unghie ben preparate ed un effetto ultra brillante! \"}\" data-sheets-userformat=\"{\"2\":15297,\"3\":{\"1\":0},\"9\":0,\"10\":2,\"11\":0,\"12\":0,\"14\":{\"1\":2,\"2\":0},\"15\":\"Calibri\",\"16\":11}\">Dieser Nagelentfetter entfernt die Dispersion und die Restfeuchtigkeit vom Nagel. F\u00fcr gut vorbereitete N\u00e4gel und einen ultra-gl\u00e4nzenden Effekt!<\/span><\/p>\n<p>500-ml-Kanister.<\/p>\n","protected":false},"excerpt":{"rendered":"<p>Reinigungsmittel f\u00fcr die N\u00e4gel.<\/p>\n","protected":false},"featured_media":50851,"template":"","meta":{"_acf_changed":false},"product_brand":[],"product_cat":[1504],"product_tag":[2384,4081,4954,6609],"class_list":{"0":"post-48329","1":"product","2":"type-product","3":"status-publish","4":"has-post-thumbnail","6":"product_cat-nails-manikure-pedikure","7":"product_tag-alkohol-de","8":"product_tag-cnd-de","9":"product_tag-isopropyl","10":"product_tag-reinigungsmittel","12":"first","13":"instock","14":"taxable","15":"shipping-taxable","16":"purchasable","17":"product-type-simple"},"acf":[],"jetpack_sharing_enabled":true,"_links":{"self":[{"href":"https:\/\/cndestetik.ch\/de\/wp-json\/wp\/v2\/product\/48329","targetHints":{"allow":["GET"]}}],"collection":[{"href":"https:\/\/cndestetik.ch\/de\/wp-json\/wp\/v2\/product"}],"about":[{"href":"https:\/\/cndestetik.ch\/de\/wp-json\/wp\/v2\/types\/product"}],"wp:featuredmedia":[{"embeddable":true,"href":"https:\/\/cndestetik.ch\/de\/wp-json\/wp\/v2\/media\/50851"}],"wp:attachment":[{"href":"https:\/\/cndestetik.ch\/de\/wp-json\/wp\/v2\/media?parent=48329"}],"wp:term":[{"taxonomy":"product_brand","embeddable":true,"href":"https:\/\/cndestetik.ch\/de\/wp-json\/wp\/v2\/product_brand?post=48329"},{"taxonomy":"product_cat","embeddable":true,"href":"https:\/\/cndestetik.ch\/de\/wp-json\/wp\/v2\/product_cat?post=48329"},{"taxonomy":"product_tag","embeddable":true,"href":"https:\/\/cndestetik.ch\/de\/wp-json\/wp\/v2\/product_tag?post=48329"}],"curies":[{"name":"wp","href":"https:\/\/api.w.org\/{rel}","templated":true}]}}