{"id":48327,"date":"2022-06-14T13:11:41","date_gmt":"2022-06-14T11:11:41","guid":{"rendered":"https:\/\/cndestetik.ch\/prodotto\/korrektorstift-c-3-ersatzteile\/"},"modified":"2022-11-15T16:46:33","modified_gmt":"2022-11-15T15:46:33","slug":"stift-korrektor-c-3-ersetzung","status":"publish","type":"product","link":"https:\/\/cndestetik.ch\/de\/prodotto\/stift-korrektor-c-3-ersetzung\/","title":{"rendered":"Korrektorstift c\/3 Ersatzteile"},"content":{"rendered":"<p><span data-sheets-value=\"{\"1\":2,\"2\":\"Aiuta a ritoccare le unghie con lo smalto in modo rapido e semplice. La punta a penna satura di solvente per smalto rimuove lo smalto in eccesso senza danneggiare la manicure.\\nPunta sostituibile\\nPer sostituire la punta, tenere la penna in posizione verticale. Estrarre la punta usata e inserirne una nuova.\\nAttendere un minuto affinch\u00e9 la punta satura il solvente per smalto. Per una lunga durata, pulire la punta e chiudere bene il cappuccio dopo ogni utilizzo.\\nRicarica solvente per smalto\\nTenere saldamente il cappuccio terminale ed estrarlo. Utilizzare una pinzetta per estrarre il tubo assorbente. Saturare il tubo assorbente con un solvente per smalto. Riposizionare il tubo nella penna, chiudere e tappare.\\n\\n\"}\" data-sheets-userformat=\"{\"2\":15297,\"3\":{\"1\":0},\"9\":0,\"10\":2,\"11\":0,\"12\":0,\"14\":{\"1\":2,\"2\":0},\"15\":\"Calibri\",\"16\":11}\">Er hilft, die N\u00e4gel schnell und einfach zu lackieren. Die mit Nagellackentferner getr\u00e4nkte Stiftspitze entfernt \u00fcbersch\u00fcssigen Nagellack, ohne die Manik\u00fcre zu besch\u00e4digen.<br \/>\nAuswechselbare Spitze<br \/>\nZum Auswechseln der Spitze halten Sie den Stift aufrecht. Entfernen Sie den gebrauchten Bohrer und setzen Sie einen neuen ein.<br \/>\nWarten Sie eine Minute, bis die Spitze den Nagellackentferner durchtr\u00e4nkt hat. Um eine lange Lebensdauer zu gew\u00e4hrleisten, sollten Sie die Spitze reinigen und die Kappe nach jedem Gebrauch fest verschlie\u00dfen.<br \/>\nNagellackentferner-Nachf\u00fcllpackung<br \/>\nHalten Sie die Endkappe fest und ziehen Sie sie heraus. Verwenden Sie eine Pinzette, um den Saugschlauch herauszuziehen. Tr\u00e4nken Sie das Absorberrohr mit einem Emaille-L\u00f6sungsmittel. Setzen Sie das R\u00f6hrchen wieder in den Stift ein, verschlie\u00dfen Sie es und setzen Sie die Kappe auf.<\/span><\/p>\n<p>&nbsp;<\/p>\n","protected":false},"excerpt":{"rendered":"<p>Stift zum Auffrischen des Nagellacks.<\/p>\n","protected":false},"featured_media":46837,"template":"","meta":{"_acf_changed":false},"product_brand":[],"product_cat":[1299,1504],"product_tag":[4081,1976,6611,6618,1955,6626],"class_list":{"0":"post-48327","1":"product","2":"type-product","3":"status-publish","4":"has-post-thumbnail","6":"product_cat-ausrustung","7":"product_cat-nails-manikure-pedikure","8":"product_tag-cnd-de","9":"product_tag-emaille","10":"product_tag-korrektor","11":"product_tag-korrektur","12":"product_tag-schellack","13":"product_tag-stift-de","15":"first","16":"instock","17":"taxable","18":"shipping-taxable","19":"purchasable","20":"product-type-simple"},"acf":[],"jetpack_sharing_enabled":true,"_links":{"self":[{"href":"https:\/\/cndestetik.ch\/de\/wp-json\/wp\/v2\/product\/48327","targetHints":{"allow":["GET"]}}],"collection":[{"href":"https:\/\/cndestetik.ch\/de\/wp-json\/wp\/v2\/product"}],"about":[{"href":"https:\/\/cndestetik.ch\/de\/wp-json\/wp\/v2\/types\/product"}],"wp:featuredmedia":[{"embeddable":true,"href":"https:\/\/cndestetik.ch\/de\/wp-json\/wp\/v2\/media\/46837"}],"wp:attachment":[{"href":"https:\/\/cndestetik.ch\/de\/wp-json\/wp\/v2\/media?parent=48327"}],"wp:term":[{"taxonomy":"product_brand","embeddable":true,"href":"https:\/\/cndestetik.ch\/de\/wp-json\/wp\/v2\/product_brand?post=48327"},{"taxonomy":"product_cat","embeddable":true,"href":"https:\/\/cndestetik.ch\/de\/wp-json\/wp\/v2\/product_cat?post=48327"},{"taxonomy":"product_tag","embeddable":true,"href":"https:\/\/cndestetik.ch\/de\/wp-json\/wp\/v2\/product_tag?post=48327"}],"curies":[{"name":"wp","href":"https:\/\/api.w.org\/{rel}","templated":true}]}}