{"id":47596,"date":"2022-06-10T09:18:10","date_gmt":"2022-06-10T07:18:10","guid":{"rendered":"https:\/\/cndestetik.ch\/prodotto\/schellack-oxblood\/"},"modified":"2024-10-25T09:00:19","modified_gmt":"2024-10-25T07:00:19","slug":"schellack-gestrick","status":"publish","type":"product","link":"https:\/\/cndestetik.ch\/de\/prodotto\/schellack-gestrick\/","title":{"rendered":"Schellack Oxblood"},"content":{"rendered":"<p><span data-sheets-value=\"{\"1\":2,\"2\":\"CND Shellac color coat 7.3 ml. Massima tenuta per oltre 14 giorni. Garantisce copertura, intensit\u00e0 e omogeneit\u00e0 nella stesura, disponibile in oltre 130 colori ispirati alle passerelle. Uno strato sottile polimerizza in solo 60 secondi nella NEW CND Lamp\"}\" data-sheets-userformat=\"{\"2\":15297,\"3\":{\"1\":0},\"9\":0,\"10\":2,\"11\":0,\"12\":0,\"14\":{\"1\":2,\"2\":0},\"15\":\"Calibri\",\"16\":11}\">CND Shellac Farbschicht 7,3 ml. Maximale Aufenthaltsdauer von mehr als 14 Tagen. Er garantiert Deckkraft, Intensit\u00e4t und gleichm\u00e4\u00dfiges Auftragen und ist in \u00fcber 130 von Catwalks inspirierten Farben erh\u00e4ltlich. Eine d\u00fcnne Schicht h\u00e4rtet in nur 60 Sekunden in der NEUEN CND-Lampe aus<\/span><\/p>\n","protected":false},"excerpt":{"rendered":"<p>Schnell trocknende Farbe, 14 Tage Halt.<\/p>\n","protected":false},"featured_media":51447,"template":"","meta":{"_acf_changed":false},"product_brand":[],"product_cat":[12752,1504],"product_tag":[1357,1356,5863,1955,1957],"class_list":{"0":"post-47596","1":"product","2":"type-product","3":"status-publish","4":"has-post-thumbnail","6":"product_cat-c-n-d-de","7":"product_cat-nails-manikure-pedikure","8":"product_tag-nagel-de-2","9":"product_tag-nagel-de","10":"product_tag-oxblood-de","11":"product_tag-schellack","12":"product_tag-top-de","14":"first","15":"instock","16":"taxable","17":"shipping-taxable","18":"purchasable","19":"product-type-simple"},"acf":[],"jetpack_sharing_enabled":true,"_links":{"self":[{"href":"https:\/\/cndestetik.ch\/de\/wp-json\/wp\/v2\/product\/47596","targetHints":{"allow":["GET"]}}],"collection":[{"href":"https:\/\/cndestetik.ch\/de\/wp-json\/wp\/v2\/product"}],"about":[{"href":"https:\/\/cndestetik.ch\/de\/wp-json\/wp\/v2\/types\/product"}],"wp:featuredmedia":[{"embeddable":true,"href":"https:\/\/cndestetik.ch\/de\/wp-json\/wp\/v2\/media\/51447"}],"wp:attachment":[{"href":"https:\/\/cndestetik.ch\/de\/wp-json\/wp\/v2\/media?parent=47596"}],"wp:term":[{"taxonomy":"product_brand","embeddable":true,"href":"https:\/\/cndestetik.ch\/de\/wp-json\/wp\/v2\/product_brand?post=47596"},{"taxonomy":"product_cat","embeddable":true,"href":"https:\/\/cndestetik.ch\/de\/wp-json\/wp\/v2\/product_cat?post=47596"},{"taxonomy":"product_tag","embeddable":true,"href":"https:\/\/cndestetik.ch\/de\/wp-json\/wp\/v2\/product_tag?post=47596"}],"curies":[{"name":"wp","href":"https:\/\/api.w.org\/{rel}","templated":true}]}}