{"id":47167,"date":"2022-06-07T11:07:22","date_gmt":"2022-06-07T09:07:22","guid":{"rendered":"https:\/\/cndestetik.ch\/prodotto\/behaelter-fuer-die-sterilisation-von-instrumenten\/"},"modified":"2022-11-15T16:02:46","modified_gmt":"2022-11-15T15:02:46","slug":"behalter-fur-sterilisationsgerate","status":"publish","type":"product","link":"https:\/\/cndestetik.ch\/de\/prodotto\/behalter-fur-sterilisationsgerate\/","title":{"rendered":"Beh\u00e4lter f\u00fcr die Sterilisation von Instrumenten"},"content":{"rendered":"<p><span data-sheets-value=\"{\"1\":2,\"2\":\"Contenitore per sterilizzazione strumenti \"}\" data-sheets-userformat=\"{\"2\":15297,\"3\":{\"1\":0},\"9\":0,\"10\":2,\"11\":0,\"12\":0,\"14\":{\"1\":2,\"2\":0},\"15\":\"Calibri\",\"16\":11}\">Beh\u00e4lter f\u00fcr die Sterilisation von Instrumenten, Ma\u00dfe 22,5 x 10,5 x 7 cm.<\/span><\/p>\n","protected":false},"excerpt":{"rendered":"<p>Beh\u00e4lter f\u00fcr die Sterilisation von Instrumenten<\/p>\n","protected":false},"featured_media":46697,"template":"","meta":{"_acf_changed":false},"product_brand":[],"product_cat":[1213],"product_tag":[5019,1233,5022],"class_list":{"0":"post-47167","1":"product","2":"type-product","3":"status-publish","4":"has-post-thumbnail","6":"product_cat-hygiene-und-sicherheit","7":"product_tag-container","8":"product_tag-sterilisation-de","9":"product_tag-werkzeuge","11":"first","12":"instock","13":"taxable","14":"shipping-taxable","15":"purchasable","16":"product-type-simple"},"acf":[],"jetpack_sharing_enabled":true,"_links":{"self":[{"href":"https:\/\/cndestetik.ch\/de\/wp-json\/wp\/v2\/product\/47167","targetHints":{"allow":["GET"]}}],"collection":[{"href":"https:\/\/cndestetik.ch\/de\/wp-json\/wp\/v2\/product"}],"about":[{"href":"https:\/\/cndestetik.ch\/de\/wp-json\/wp\/v2\/types\/product"}],"wp:featuredmedia":[{"embeddable":true,"href":"https:\/\/cndestetik.ch\/de\/wp-json\/wp\/v2\/media\/46697"}],"wp:attachment":[{"href":"https:\/\/cndestetik.ch\/de\/wp-json\/wp\/v2\/media?parent=47167"}],"wp:term":[{"taxonomy":"product_brand","embeddable":true,"href":"https:\/\/cndestetik.ch\/de\/wp-json\/wp\/v2\/product_brand?post=47167"},{"taxonomy":"product_cat","embeddable":true,"href":"https:\/\/cndestetik.ch\/de\/wp-json\/wp\/v2\/product_cat?post=47167"},{"taxonomy":"product_tag","embeddable":true,"href":"https:\/\/cndestetik.ch\/de\/wp-json\/wp\/v2\/product_tag?post=47167"}],"curies":[{"name":"wp","href":"https:\/\/api.w.org\/{rel}","templated":true}]}}