{"id":47163,"date":"2022-06-07T10:58:14","date_gmt":"2022-06-07T08:58:14","guid":{"rendered":"https:\/\/cndestetik.ch\/prodotto\/sterilisationsschale-3lt\/"},"modified":"2022-11-15T16:02:45","modified_gmt":"2022-11-15T15:02:45","slug":"sterilisations-boc-3-l-kunststoff","status":"publish","type":"product","link":"https:\/\/cndestetik.ch\/de\/prodotto\/sterilisations-boc-3-l-kunststoff\/","title":{"rendered":"Sterilisationsschale 3lt"},"content":{"rendered":"<p><span data-sheets-value=\"{\"1\":2,\"2\":\"VASCHETTA STERILIZZAZIONE - 3 l (int.: 18,3 x 29 x h 9 cm) - autoclavabile\\n\\nUtili vaschette in plastica con supporto interno perforato portastrumenti removibile, particolarmente indicate per la sterilizzazione a freddo di strumenti.\\nProduzione italiana\"}\" data-sheets-userformat=\"{\"2\":15297,\"3\":{\"1\":0},\"9\":0,\"10\":2,\"11\":0,\"12\":0,\"14\":{\"1\":2,\"2\":0},\"15\":\"Calibri\",\"16\":11}\">STERILISIERUNGSTRAY &#8211; 3 l (Innenma\u00df: 18,3 x 29 x H 9 cm) &#8211; selbstwaschbar<\/span><\/p>\n<p>N\u00fctzliche Kunststoffschalen mit herausnehmbarem, perforiertem Innentr\u00e4ger, besonders geeignet f\u00fcr die Kaltsterilisation von Instrumenten.<\/p>\n","protected":false},"excerpt":{"rendered":"<p>Sterilisationstablett aus Kunststoff.<\/p>\n","protected":false},"featured_media":46905,"template":"","meta":{"_acf_changed":false},"product_brand":[],"product_cat":[1213],"product_tag":[9442,1233,9441],"class_list":{"0":"post-47163","1":"product","2":"type-product","3":"status-publish","4":"has-post-thumbnail","6":"product_cat-hygiene-und-sicherheit","7":"product_tag-selbstwaschbar","8":"product_tag-sterilisation-de","9":"product_tag-tablett","11":"first","12":"instock","13":"taxable","14":"shipping-taxable","15":"purchasable","16":"product-type-simple"},"acf":[],"jetpack_sharing_enabled":true,"_links":{"self":[{"href":"https:\/\/cndestetik.ch\/de\/wp-json\/wp\/v2\/product\/47163","targetHints":{"allow":["GET"]}}],"collection":[{"href":"https:\/\/cndestetik.ch\/de\/wp-json\/wp\/v2\/product"}],"about":[{"href":"https:\/\/cndestetik.ch\/de\/wp-json\/wp\/v2\/types\/product"}],"wp:featuredmedia":[{"embeddable":true,"href":"https:\/\/cndestetik.ch\/de\/wp-json\/wp\/v2\/media\/46905"}],"wp:attachment":[{"href":"https:\/\/cndestetik.ch\/de\/wp-json\/wp\/v2\/media?parent=47163"}],"wp:term":[{"taxonomy":"product_brand","embeddable":true,"href":"https:\/\/cndestetik.ch\/de\/wp-json\/wp\/v2\/product_brand?post=47163"},{"taxonomy":"product_cat","embeddable":true,"href":"https:\/\/cndestetik.ch\/de\/wp-json\/wp\/v2\/product_cat?post=47163"},{"taxonomy":"product_tag","embeddable":true,"href":"https:\/\/cndestetik.ch\/de\/wp-json\/wp\/v2\/product_tag?post=47163"}],"curies":[{"name":"wp","href":"https:\/\/api.w.org\/{rel}","templated":true}]}}