{"id":47147,"date":"2022-06-08T11:01:25","date_gmt":"2022-06-08T09:01:25","guid":{"rendered":"https:\/\/cndestetik.ch\/prodotto\/cnd-plexigel-protector-decklack\/"},"modified":"2022-11-15T15:54:51","modified_gmt":"2022-11-15T14:54:51","slug":"cnd-plexigel-protector-top-coat","status":"publish","type":"product","link":"https:\/\/cndestetik.ch\/de\/prodotto\/cnd-plexigel-protector-top-coat\/","title":{"rendered":"CND Plexigel Protector Decklack"},"content":{"rendered":"<p><span data-sheets-value=\"{\"1\":2,\"2\":\"CND PLEXIGEL Protector Top Coat \u00e8 un top coat protettivo trasparente, lucido, progettato per completare lo strato finale dei miglioramenti CND PLEXIGEL. Indicazioni: Una volta che CND PLEXIGEL Shaper \u00e8 stato indurito sulle unghie, applicare uno strato sottile di CND PLEXIGEL Prot.\"}\" data-sheets-userformat=\"{\"2\":14851,\"3\":{\"1\":0},\"4\":{\"1\":2,\"2\":16777215},\"12\":0,\"14\":{\"1\":2,\"2\":0},\"15\":\"Calibri\",\"16\":11}\">CND PLEXIGEL Protector Top Coat ist ein transparenter, gl\u00e4nzender Schutz\u00fcberzug, der die letzte Schicht der CND PLEXIGEL Veredelungen vervollst\u00e4ndigt.  <\/span><\/p>\n<p><span data-sheets-value=\"{\"1\":2,\"2\":\"CND PLEXIGEL Protector Top Coat \u00e8 un top coat protettivo trasparente, lucido, progettato per completare lo strato finale dei miglioramenti CND PLEXIGEL. Indicazioni: Una volta che CND PLEXIGEL Shaper \u00e8 stato indurito sulle unghie, applicare uno strato sottile di CND PLEXIGEL Prot.\"}\" data-sheets-userformat=\"{\"2\":14851,\"3\":{\"1\":0},\"4\":{\"1\":2,\"2\":16777215},\"12\":0,\"14\":{\"1\":2,\"2\":0},\"15\":\"Calibri\",\"16\":11}\">Wegbeschreibung: <\/span><span data-sheets-value=\"{\"1\":2,\"2\":\"CND PLEXIGEL Protector Top Coat \u00e8 un top coat protettivo trasparente, lucido, progettato per completare lo strato finale dei miglioramenti CND PLEXIGEL. Indicazioni: Una volta che CND PLEXIGEL Shaper \u00e8 stato indurito sulle unghie, applicare uno strato sottile di CND PLEXIGEL Prot.\"}\" data-sheets-userformat=\"{\"2\":14851,\"3\":{\"1\":0},\"4\":{\"1\":2,\"2\":16777215},\"12\":0,\"14\":{\"1\":2,\"2\":0},\"15\":\"Calibri\",\"16\":11}\">Sobald CND PLEXIGEL Shaper auf den N\u00e4geln ausgeh\u00e4rtet ist, eine d\u00fcnne Schicht CND PLEXIGEL Protector Top Coat auftragen<\/span><\/p>\n<p>15ml Flasche.<\/p>\n","protected":false},"excerpt":{"rendered":"<p>Top Coat, der als letzte Schicht der Plexigel-Nagelbehandlung dient.<\/p>\n","protected":false},"featured_media":54005,"template":"","meta":{"_acf_changed":false},"product_brand":[],"product_cat":[1504],"product_tag":[4983,1958,1954,4978,1957],"class_list":{"0":"post-47147","1":"product","2":"type-product","3":"status-publish","4":"has-post-thumbnail","6":"product_cat-nails-manikure-pedikure","7":"product_tag-beschutzer","8":"product_tag-deckschicht","9":"product_tag-mantel","10":"product_tag-plexigel-de","11":"product_tag-top-de","13":"first","14":"instock","15":"taxable","16":"shipping-taxable","17":"purchasable","18":"product-type-simple"},"acf":[],"jetpack_sharing_enabled":true,"_links":{"self":[{"href":"https:\/\/cndestetik.ch\/de\/wp-json\/wp\/v2\/product\/47147","targetHints":{"allow":["GET"]}}],"collection":[{"href":"https:\/\/cndestetik.ch\/de\/wp-json\/wp\/v2\/product"}],"about":[{"href":"https:\/\/cndestetik.ch\/de\/wp-json\/wp\/v2\/types\/product"}],"wp:featuredmedia":[{"embeddable":true,"href":"https:\/\/cndestetik.ch\/de\/wp-json\/wp\/v2\/media\/54005"}],"wp:attachment":[{"href":"https:\/\/cndestetik.ch\/de\/wp-json\/wp\/v2\/media?parent=47147"}],"wp:term":[{"taxonomy":"product_brand","embeddable":true,"href":"https:\/\/cndestetik.ch\/de\/wp-json\/wp\/v2\/product_brand?post=47147"},{"taxonomy":"product_cat","embeddable":true,"href":"https:\/\/cndestetik.ch\/de\/wp-json\/wp\/v2\/product_cat?post=47147"},{"taxonomy":"product_tag","embeddable":true,"href":"https:\/\/cndestetik.ch\/de\/wp-json\/wp\/v2\/product_tag?post=47147"}],"curies":[{"name":"wp","href":"https:\/\/api.w.org\/{rel}","templated":true}]}}