{"id":47136,"date":"2022-06-07T10:51:41","date_gmt":"2022-06-07T08:51:41","guid":{"rendered":"https:\/\/cndestetik.ch\/prodotto\/germocid-paracetisches-desinfektionsmittel-pulver\/"},"modified":"2024-05-21T09:56:39","modified_gmt":"2024-05-21T07:56:39","slug":"germocid-paracetat-desinfektionsmittel-pulver","status":"publish","type":"product","link":"https:\/\/cndestetik.ch\/de\/prodotto\/germocid-paracetat-desinfektionsmittel-pulver\/","title":{"rendered":"Germocid Paracetisches Desinfektionsmittel Pulver"},"content":{"rendered":"<p><span data-sheets-value=\"{\"1\":2,\"2\":\"GERMOCID POLVERE - barattolo da 500 gnnSterilizzante a freddo: l\u2019acido paracetico che si forma dalla reazione di sodio percarbonato e tetracetiletilendiammina (che si ottiene dopo dissoluzione del prodotto in acqua) esplica una efficace attivit\u00e0 biocida nei confronti di spore, virus ( HIV, HBV, HCV), batteri, microbatteri e funghi. Alle concentrazioni indicate (0,3%) esercita l\u2019azione sterilizzante dopo un tempo di 10 minuti di contatto. Il prodotto \u00e8 attivo dopo 15 minuti dalla dissoluzione, la soluzione cos\u00ec preparata \u00e8 attiva per un tempo massimo di 24 ore. Indicato per una sterilizzazione e\/o disinfezione rapida a freddo di endoscopi, fibre ottiche, strumenti chirurgici e odontoiatrici,ntrasduttori, etc. Pu\u00f2 essere utilizzato anche con lava endoscopi automatici. Nessun impatto ambientale: il residuo a contatto con le acque di scarico si degrada immediatamente in acido acetico, acqua e ossigeno. Composizione chimica: Precursori acido peracetico e coformulanti. Produzione italiana. Vendibile solo a coppia di 2 barattoli\"}\" data-sheets-userformat=\"{\"2\":15297,\"3\":{\"1\":0},\"9\":0,\"10\":2,\"11\":0,\"12\":0,\"14\":{\"1\":2,\"2\":0},\"15\":\"Calibri\",\"16\":11}\">GERMOCID POWDER &#8211; 500 g Dose &#8211; Nur in Paaren von 2 Dosen verkauft.<\/span><\/p>\n<p>Kaltsterilisator: Die Paressigs\u00e4ure, die durch die Reaktion von Natriumpercarbonat und Tetraacetylethylendiamin (das durch Aufl\u00f6sen des Produkts in Wasser gewonnen wird) entsteht, \u00fcbt eine wirksame biozide Wirkung gegen Sporen, Viren (HIV, HBV, HCV), Bakterien, Mikroben und Pilze aus. Bei den angegebenen Konzentrationen (0,3%) entfaltet es seine sterilisierende Wirkung nach einer Kontaktzeit von 10 Minuten. Das Produkt ist 15 Minuten nach dem Aufl\u00f6sen aktiv; die so hergestellte L\u00f6sung ist bis zu 24 Stunden lang aktiv. Geeignet f\u00fcr die schnelle Kaltsterilisation und\/oder Desinfektion von Endoskopen, Lichtleitern, chirurgischen und zahnmedizinischen Instrumenten,<br \/>\nMesswandler usw.  <span data-sheets-value=\"{\"1\":2,\"2\":\"GERMOCID POLVERE - barattolo da 500 gnnSterilizzante a freddo: l\u2019acido paracetico che si forma dalla reazione di sodio percarbonato e tetracetiletilendiammina (che si ottiene dopo dissoluzione del prodotto in acqua) esplica una efficace attivit\u00e0 biocida nei confronti di spore, virus ( HIV, HBV, HCV), batteri, microbatteri e funghi. Alle concentrazioni indicate (0,3%) esercita l\u2019azione sterilizzante dopo un tempo di 10 minuti di contatto. Il prodotto \u00e8 attivo dopo 15 minuti dalla dissoluzione, la soluzione cos\u00ec preparata \u00e8 attiva per un tempo massimo di 24 ore. Indicato per una sterilizzazione e\/o disinfezione rapida a freddo di endoscopi, fibre ottiche, strumenti chirurgici e odontoiatrici,ntrasduttori, etc. Pu\u00f2 essere utilizzato anche con lava endoscopi automatici. Nessun impatto ambientale: il residuo a contatto con le acque di scarico si degrada immediatamente in acido acetico, acqua e ossigeno. Composizione chimica: Precursori acido peracetico e coformulanti. Produzione italiana. Vendibile solo a coppia di 2 barattoli\"}\" data-sheets-userformat=\"{\"2\":15297,\"3\":{\"1\":0},\"9\":0,\"10\":2,\"11\":0,\"12\":0,\"14\":{\"1\":2,\"2\":0},\"15\":\"Calibri\",\"16\":11}\">Es kann auch mit automatischen Endoskopwaschanlagen verwendet werden.  <\/span><\/p>\n<p><span data-sheets-value=\"{\"1\":2,\"2\":\"GERMOCID POLVERE - barattolo da 500 gnnSterilizzante a freddo: l\u2019acido paracetico che si forma dalla reazione di sodio percarbonato e tetracetiletilendiammina (che si ottiene dopo dissoluzione del prodotto in acqua) esplica una efficace attivit\u00e0 biocida nei confronti di spore, virus ( HIV, HBV, HCV), batteri, microbatteri e funghi. Alle concentrazioni indicate (0,3%) esercita l\u2019azione sterilizzante dopo un tempo di 10 minuti di contatto. Il prodotto \u00e8 attivo dopo 15 minuti dalla dissoluzione, la soluzione cos\u00ec preparata \u00e8 attiva per un tempo massimo di 24 ore. Indicato per una sterilizzazione e\/o disinfezione rapida a freddo di endoscopi, fibre ottiche, strumenti chirurgici e odontoiatrici,ntrasduttori, etc. Pu\u00f2 essere utilizzato anche con lava endoscopi automatici. Nessun impatto ambientale: il residuo a contatto con le acque di scarico si degrada immediatamente in acido acetico, acqua e ossigeno. Composizione chimica: Precursori acido peracetico e coformulanti. Produzione italiana. Vendibile solo a coppia di 2 barattoli\"}\" data-sheets-userformat=\"{\"2\":15297,\"3\":{\"1\":0},\"9\":0,\"10\":2,\"11\":0,\"12\":0,\"14\":{\"1\":2,\"2\":0},\"15\":\"Calibri\",\"16\":11}\">Keine Umweltbelastung: Der R\u00fcckstand zerf\u00e4llt bei Kontakt mit Abwasser sofort in Essigs\u00e4ure, Wasser und Sauerstoff. Chemische Zusammensetzung: Peressigs\u00e4urevorprodukte und Beistoffe. Italienische Produktion. Kann nur in Paaren von 2 Dosen verkauft werden.<\/span><\/p>\n","protected":false},"excerpt":{"rendered":"<p>Kaltsterilisator f\u00fcr Instrumentarium<\/p>\n<p>&nbsp;<\/p>\n","protected":false},"featured_media":61200,"template":"","meta":{"_acf_changed":false},"product_brand":[],"product_cat":[1213],"product_tag":[2385,4968,4969,4970],"class_list":{"0":"post-47136","1":"product","2":"type-product","3":"status-publish","4":"has-post-thumbnail","6":"product_cat-hygiene-und-sicherheit","7":"product_tag-desinfektionsmittel-de","8":"product_tag-desinfektionsmittelpulver","9":"product_tag-germocid-de","10":"product_tag-staub","11":"pa_pezzi-1-stuck","12":"pa_pezzi-2-stuck","14":"first","15":"instock","16":"taxable","17":"shipping-taxable","18":"purchasable","19":"product-type-variable"},"acf":[],"jetpack_sharing_enabled":true,"_links":{"self":[{"href":"https:\/\/cndestetik.ch\/de\/wp-json\/wp\/v2\/product\/47136","targetHints":{"allow":["GET"]}}],"collection":[{"href":"https:\/\/cndestetik.ch\/de\/wp-json\/wp\/v2\/product"}],"about":[{"href":"https:\/\/cndestetik.ch\/de\/wp-json\/wp\/v2\/types\/product"}],"wp:featuredmedia":[{"embeddable":true,"href":"https:\/\/cndestetik.ch\/de\/wp-json\/wp\/v2\/media\/61200"}],"wp:attachment":[{"href":"https:\/\/cndestetik.ch\/de\/wp-json\/wp\/v2\/media?parent=47136"}],"wp:term":[{"taxonomy":"product_brand","embeddable":true,"href":"https:\/\/cndestetik.ch\/de\/wp-json\/wp\/v2\/product_brand?post=47136"},{"taxonomy":"product_cat","embeddable":true,"href":"https:\/\/cndestetik.ch\/de\/wp-json\/wp\/v2\/product_cat?post=47136"},{"taxonomy":"product_tag","embeddable":true,"href":"https:\/\/cndestetik.ch\/de\/wp-json\/wp\/v2\/product_tag?post=47136"}],"curies":[{"name":"wp","href":"https:\/\/api.w.org\/{rel}","templated":true}]}}