{"id":47100,"date":"2022-06-07T10:40:16","date_gmt":"2022-06-07T08:40:16","guid":{"rendered":"https:\/\/cndestetik.ch\/prodotto\/schwarze-muellsaecke\/"},"modified":"2022-11-15T16:02:44","modified_gmt":"2022-11-15T15:02:44","slug":"mullsacke-schwarz","status":"publish","type":"product","link":"https:\/\/cndestetik.ch\/de\/prodotto\/mullsacke-schwarz\/","title":{"rendered":"Schwarze M\u00fclls\u00e4cke"},"content":{"rendered":"<p>Schwarze M\u00fclls\u00e4cke 50&#215;60, 100 St\u00fcck.<\/p>\n","protected":false},"excerpt":{"rendered":"<p>Schwarze M\u00fclls\u00e4cke.<\/p>\n","protected":false},"featured_media":40679,"template":"","meta":{"_acf_changed":false},"product_brand":[],"product_cat":[1213],"product_tag":[4922,4915,4919,4917],"class_list":{"0":"post-47100","1":"product","2":"type-product","3":"status-publish","4":"has-post-thumbnail","6":"product_cat-hygiene-und-sicherheit","7":"product_tag-mull-de","8":"product_tag-mull","9":"product_tag-schwarze-taschen","10":"product_tag-taschen","12":"first","13":"instock","14":"taxable","15":"shipping-taxable","16":"purchasable","17":"product-type-simple"},"acf":[],"jetpack_sharing_enabled":true,"_links":{"self":[{"href":"https:\/\/cndestetik.ch\/de\/wp-json\/wp\/v2\/product\/47100","targetHints":{"allow":["GET"]}}],"collection":[{"href":"https:\/\/cndestetik.ch\/de\/wp-json\/wp\/v2\/product"}],"about":[{"href":"https:\/\/cndestetik.ch\/de\/wp-json\/wp\/v2\/types\/product"}],"wp:featuredmedia":[{"embeddable":true,"href":"https:\/\/cndestetik.ch\/de\/wp-json\/wp\/v2\/media\/40679"}],"wp:attachment":[{"href":"https:\/\/cndestetik.ch\/de\/wp-json\/wp\/v2\/media?parent=47100"}],"wp:term":[{"taxonomy":"product_brand","embeddable":true,"href":"https:\/\/cndestetik.ch\/de\/wp-json\/wp\/v2\/product_brand?post=47100"},{"taxonomy":"product_cat","embeddable":true,"href":"https:\/\/cndestetik.ch\/de\/wp-json\/wp\/v2\/product_cat?post=47100"},{"taxonomy":"product_tag","embeddable":true,"href":"https:\/\/cndestetik.ch\/de\/wp-json\/wp\/v2\/product_tag?post=47100"}],"curies":[{"name":"wp","href":"https:\/\/api.w.org\/{rel}","templated":true}]}}