{"id":47069,"date":"2021-03-10T10:33:14","date_gmt":"2021-03-10T09:33:14","guid":{"rendered":"https:\/\/cndestetik.ch\/prodotto\/kolloidales-silber-20-ppm-kosmetische-anwendung\/"},"modified":"2025-01-24T13:01:24","modified_gmt":"2025-01-24T12:01:24","slug":"silber-kolloidal-30ml","status":"publish","type":"product","link":"https:\/\/cndestetik.ch\/de\/prodotto\/silber-kolloidal-30ml\/","title":{"rendered":"Kolloidales Silber 20 PPM &#8211; kosmetische Anwendung"},"content":{"rendered":"<p><span data-sheets-value=\"{\"1\":2,\"2\":\"Il colloide \u00e8 una sostanza che dispersa in un liquido da luogo ad aggregati particellari molto piccoli. Pi\u00f9 le particelle sono piccole pi\u00f9 alto \u00e8 l'assorbimento e minore la tossicit\u00e0 sul corpo. L'Argento \u00e8 uno degli estratti naturali pi\u00f9 attivo come antibatterico, antimicotico e antivirale. E' un prodotto che pu\u00f2 essere utilizzato sulle pelli che soffrono di: IMPURITA', INFEZIONI, HERPES, FOLLICOLITE, ACNE, MICOSI, VERRUCHE, PICCOLI TAGLI E ABRASIONI.nAiuta con efficacia a combattere le cariche microbiche dannose aiutando la pelle a ritrovare il suo naturale equilibrio. In questo formato spray \u00e8 particolarmente indicato per trattare le PELLI IMPURE in quanto si pu\u00f2 nebulizzare direttamente sulla zona, ad esempio il viso, senza essere aggressivo. Pu\u00f2 infatti entrare in contatto con mucose e occhi senza effetti collaterali. E' quindi consigliato per le sue caratteristiche nei seguenti trattamenti: TRATTAMENTO PELLI IMPURE DEL VISO - TRATTAMENTO DELLE PELLI IMPURE DI PETTO E SCHIENA - TRATTAMENTO DELLA FOLLICOLITEnModalit\u00e0 d'uso: vaporizzare puro sull'area da trattare. Sia per pelli impure che per la follicolite consiglia l'uso dell'argento anche a casannPer micosi di mani e piedi (o piccole aree cutanee) e verruche o per unghie incarnite consigliamo due prodotti pi\u00f9 specifici ed efficaci per questi particolari inestetismi:n-TRATTAMENTO MICOSIn- GEL UNGHIA INCARNITA\"}\" data-sheets-userformat=\"{\"2\":15297,\"3\":{\"1\":0},\"9\":0,\"10\":2,\"11\":0,\"12\":0,\"14\":{\"1\":2,\"2\":0},\"15\":\"Calibri\",\"16\":11}\">Ein Kolloid ist ein Stoff, der in einer Fl\u00fcssigkeit dispergiert ist und sehr kleine Partikelaggregate bildet. Je kleiner die Partikel sind, desto besser werden sie aufgenommen und desto geringer ist die Toxizit\u00e4t f\u00fcr den K\u00f6rper. Silber ist einer der aktivsten nat\u00fcrlichen Extrakte als antibakterielles, antimykotisches und antivirales Mittel. Es ist ein Produkt, das auf der Haut verwendet werden kann, die darunter leidet: UNREINHEITEN, INFEKTIONEN, HERPES, FOLLIKULITIS, AKNE, MYKOSE, WARZEN, KLEINE SCHNITTE UND ABSCH\u00dcRFUNGEN.<br \/>  Es bek\u00e4mpft wirksam sch\u00e4dliche mikrobielle Belastungen und hilft der Haut, ihr nat\u00fcrliches Gleichgewicht wiederzufinden. Dieses Spr\u00fchformat eignet sich besonders f\u00fcr die Behandlung von UNREINER HAUT, da es direkt auf die zu behandelnde Stelle, z.B. das Gesicht, gespr\u00fcht werden kann, ohne aggressiv zu sein. Es kann ohne Nebenwirkungen mit Schleimh\u00e4uten und Augen in Ber\u00fchrung kommen. Es wird daher aufgrund seiner Eigenschaften f\u00fcr die folgenden Behandlungen empfohlen:<br \/> BEHANDLUNG DER IMPULSHAUZE DES GESICHTS &#8211; BEHANDLUNG DER IMPULSHAUZE DES BODENS UND DES R\u00dcCKENS &#8211; BEHANDLUNG DER FOLLICOLITE Anwendung: Spr\u00fchen Sie es pur auf die zu behandelnde Stelle. Sowohl bei unreiner Haut als auch bei Follikulitis empfiehlt er auch die Anwendung von Silber zu Hause<\/span><\/p>\n<p> F\u00fcr Pilzerkrankungen an H\u00e4nden und F\u00fc\u00dfen (oder kleinen Hautarealen) und Warzen oder f\u00fcr eingewachsene N\u00e4gel empfehlen wir zwei Produkte, die spezifischer und wirksamer f\u00fcr diese besonderen Unreinheiten sind: &#8211; MYCOSIS TREATMENT &#8211; INCARNITA NAIL GEL<\/p>\n<p>Gr\u00f6\u00dfe: 30ml<\/p>\n","protected":false},"excerpt":{"rendered":"<p>MICROCOSMO Kolloidales Silber. Ein Kolloid ist ein Stoff, der in einer Fl\u00fcssigkeit dispergiert ist und sehr kleine Partikelaggregate bildet. Je kleiner die Partikel sind, desto besser werden sie aufgenommen und desto geringer ist die Toxizit\u00e4t f\u00fcr den K\u00f6rper.<\/p>\n<p>Das kolloidale Silber von MICROCOSMO zeichnet sich durch die geringe Gr\u00f6\u00dfe der Kolloide (11 Nanometer) und ihre hohe Konzentration (20 PPM) aus.<\/p>\n<p>Silber ist einer der aktivsten nat\u00fcrlichen Extrakte als antibakterielles und antivirales Mittel.<\/p>\n<p>In der Kosmetik ist es ein Produkt, das auf Haut verwendet werden kann, die unter:<br \/> &#8211; UNREINHEIT<\/p>\n<p>&#8211; INFEKTIONEN<\/p>\n<p>&#8211; HERPES<\/p>\n<p>&#8211; PHOLLIKOLIT<\/p>\n<p>&#8211; ACNE<\/p>\n<p>&#8211; MICOSIS<\/p>\n<p>&#8211; VERRUCHE<\/p>\n<p>&#8211; KLEINE SCHNITTE UND ABSCH\u00dcRFUNGEN<\/p>\n","protected":false},"featured_media":36645,"template":"","meta":{"_acf_changed":false},"product_brand":[],"product_cat":[12985,12988,1495,12980,11230],"product_tag":[3569,411,822,4875,4872,4878,844,650,702,4881,4882,4869,434],"class_list":{"0":"post-47069","1":"product","2":"type-product","3":"status-publish","4":"has-post-thumbnail","6":"product_cat-body","7":"product_cat-gesicht","8":"product_cat-kosmetik","9":"product_cat-mikrokosmos","10":"product_cat-tatuatoren","11":"product_tag-akne","12":"product_tag-erde","13":"product_tag-hautpflege","14":"product_tag-kolloidal","15":"product_tag-kolloidales-silber","16":"product_tag-maske-de-3","17":"product_tag-mikrokosmos","18":"product_tag-mineralien","19":"product_tag-mineralien-de","20":"product_tag-mykose","21":"product_tag-pellimpure-de","22":"product_tag-silber","23":"product_tag-spagyrik","25":"first","26":"instock","27":"taxable","28":"shipping-taxable","29":"purchasable","30":"product-type-simple"},"acf":[],"jetpack_sharing_enabled":true,"_links":{"self":[{"href":"https:\/\/cndestetik.ch\/de\/wp-json\/wp\/v2\/product\/47069","targetHints":{"allow":["GET"]}}],"collection":[{"href":"https:\/\/cndestetik.ch\/de\/wp-json\/wp\/v2\/product"}],"about":[{"href":"https:\/\/cndestetik.ch\/de\/wp-json\/wp\/v2\/types\/product"}],"wp:featuredmedia":[{"embeddable":true,"href":"https:\/\/cndestetik.ch\/de\/wp-json\/wp\/v2\/media\/36645"}],"wp:attachment":[{"href":"https:\/\/cndestetik.ch\/de\/wp-json\/wp\/v2\/media?parent=47069"}],"wp:term":[{"taxonomy":"product_brand","embeddable":true,"href":"https:\/\/cndestetik.ch\/de\/wp-json\/wp\/v2\/product_brand?post=47069"},{"taxonomy":"product_cat","embeddable":true,"href":"https:\/\/cndestetik.ch\/de\/wp-json\/wp\/v2\/product_cat?post=47069"},{"taxonomy":"product_tag","embeddable":true,"href":"https:\/\/cndestetik.ch\/de\/wp-json\/wp\/v2\/product_tag?post=47069"}],"curies":[{"name":"wp","href":"https:\/\/api.w.org\/{rel}","templated":true}]}}