{"id":47066,"date":"2021-03-18T16:01:53","date_gmt":"2021-03-18T15:01:53","guid":{"rendered":"https:\/\/cndestetik.ch\/prodotto\/feuchtigkeits-reinigungsmousse\/"},"modified":"2025-01-24T13:06:16","modified_gmt":"2025-01-24T12:06:16","slug":"reinigendes-befeuchtendes-mousse","status":"publish","type":"product","link":"https:\/\/cndestetik.ch\/de\/prodotto\/reinigendes-befeuchtendes-mousse\/","title":{"rendered":"Feuchtigkeits-Reinigungsmousse"},"content":{"rendered":"<p>Soft Moisturising Cleansing Mousse.<\/p>\n<p>Ideal f\u00fcr die gr\u00fcndliche, aber leichte Reinigung, in der Kabine f\u00fcr die Doppelreinigung, nach der Trockenreinigung mit einer F\u00e4cherb\u00fcrste oder nach der Reinigungsmilch f\u00fcr die gr\u00fcndliche Reinigung.<\/p>\n<p>Empfohlen f\u00fcr die schnelle Reinigung zu Hause, f\u00fcr die Faulen, oder komplett in Kombination mit Reinigungsmilch.<\/p>\n<p>Zu bevorzugen bei fettiger Haut oder Mischhaut.<\/p>\n<p>Gr\u00f6\u00dfe: 150ml<\/p>\n","protected":false},"excerpt":{"rendered":"<p>Sehr weiches und umh\u00fcllendes MICROCOSMO-Mousse, das die Haut in eine warme Umarmung h\u00fcllt und streichelt.<\/p>\n","protected":false},"featured_media":54360,"template":"","meta":{"_acf_changed":false},"product_brand":[],"product_cat":[12988,1495,12980,11230],"product_tag":[594,844,4864,809,4637],"class_list":{"0":"post-47066","1":"product","2":"type-product","3":"status-publish","4":"has-post-thumbnail","6":"product_cat-gesicht","7":"product_cat-kosmetik","8":"product_cat-mikrokosmos","9":"product_cat-tatuatoren","10":"product_tag-feuchtigkeitscreme","11":"product_tag-mikrokosmos","12":"product_tag-mousse-de","13":"product_tag-reinigen","14":"product_tag-waschmittel","16":"first","17":"instock","18":"taxable","19":"shipping-taxable","20":"purchasable","21":"product-type-simple"},"acf":[],"jetpack_sharing_enabled":true,"_links":{"self":[{"href":"https:\/\/cndestetik.ch\/de\/wp-json\/wp\/v2\/product\/47066","targetHints":{"allow":["GET"]}}],"collection":[{"href":"https:\/\/cndestetik.ch\/de\/wp-json\/wp\/v2\/product"}],"about":[{"href":"https:\/\/cndestetik.ch\/de\/wp-json\/wp\/v2\/types\/product"}],"wp:featuredmedia":[{"embeddable":true,"href":"https:\/\/cndestetik.ch\/de\/wp-json\/wp\/v2\/media\/54360"}],"wp:attachment":[{"href":"https:\/\/cndestetik.ch\/de\/wp-json\/wp\/v2\/media?parent=47066"}],"wp:term":[{"taxonomy":"product_brand","embeddable":true,"href":"https:\/\/cndestetik.ch\/de\/wp-json\/wp\/v2\/product_brand?post=47066"},{"taxonomy":"product_cat","embeddable":true,"href":"https:\/\/cndestetik.ch\/de\/wp-json\/wp\/v2\/product_cat?post=47066"},{"taxonomy":"product_tag","embeddable":true,"href":"https:\/\/cndestetik.ch\/de\/wp-json\/wp\/v2\/product_tag?post=47066"}],"curies":[{"name":"wp","href":"https:\/\/api.w.org\/{rel}","templated":true}]}}