{"id":47062,"date":"2020-12-14T10:56:05","date_gmt":"2020-12-14T09:56:05","guid":{"rendered":"https:\/\/cndestetik.ch\/prodotto\/inika-phythofuse-renew-resveratrol-serum-mini-15ml\/"},"modified":"2020-12-14T10:56:05","modified_gmt":"2020-12-14T09:56:05","slug":"inika-phythofus-erneuern-resveratrol-serum-mini","status":"publish","type":"product","link":"https:\/\/cndestetik.ch\/de\/prodotto\/inika-phythofus-erneuern-resveratrol-serum-mini\/","title":{"rendered":"INIKA Phythofuse Renew Resveratrol Serum Mini 15ml."},"content":{"rendered":"<p><span data-sheets-value=\"{\"1\":2,\"2\":\"Un miracolo in una bottiglia! Questo incredibile siero concentrato contiene 14 preziosi oli botanici concentrati con il nostro esclusivo sistema attivo per nutrire e proteggere intensamente la pelle tutto il giorno. Usa oli e creme idratanti per il viso per aumentare i risultati della tua cura della pelle e rivitalizzare la tua pelle.\\nRassodante : aiuta a migliorare la produzione di collagene per proteggere la struttura pi\u00f9 profonda della pelle.\\nAnti-et\u00e0 : potenti bioattivi aiutano a stimolare la rigenerazione delle cellule della pelle per aiutare a ridurre la comparsa di linee sottili e rughe.\\nAnti-inquinamento : potenti antiossidanti aiutano a neutralizzare i radicali liberi indotti dall'inquinamento durante il ciclo di ringiovanimento notturno.\\nContiene la pi\u00f9 alta percentuale al mondo di ingredienti botanici attivi clinicamente testati.\\nFragranza 100% naturale da oli essenziali biologici certificati.\\nBarattoli di vetro sostenibili e coperchi riciclabili.\\n\\nADATTO A TUTTI I TIPI DI PELLE\\nIPOALLERGENICO E DERMATOLOGICAMENTE TESTATO\\nStrofinare delicatamente 1 - 2 dosi di siero crema su viso, collo e d\u00e9collet\u00e9 dopo la pulizia.\\nSeguire con crema idratante.\\nUsa mattina e sera.\\nConservare a temperatura inferiore a 30 \u00b0 C.\\nEvitare la luce solare diretta.\\n\"}\" data-sheets-userformat=\"{\"2\":15297,\"3\":{\"1\":0},\"9\":0,\"10\":2,\"11\":0,\"12\":0,\"14\":{\"1\":2,\"2\":0},\"15\":\"Calibri\",\"16\":11}\">Ein Wunder in einer Flasche! Dieses unglaublich konzentrierte Serum enth\u00e4lt 14 wertvolle pflanzliche \u00d6le, die mit unserem exklusiven Aktivsystem konzentriert sind, um die Haut den ganzen Tag lang intensiv zu n\u00e4hren und zu sch\u00fctzen. Verwenden Sie feuchtigkeitsspendende Gesichts\u00f6le und -cremes, um Ihre Hautpflegeergebnisse zu verbessern und Ihre Haut zu revitalisieren.<br \/>\nStraffung: tr\u00e4gt zur Verbesserung der Kollagenproduktion bei, um die tiefere Struktur der Haut zu sch\u00fctzen.<br \/>\nAnti-Aging: Hochwirksame Bioaktivstoffe regen die Regeneration der Hautzellen an und helfen, feine Linien und F\u00e4ltchen zu reduzieren.<br \/>\nAnti-Pollution: Starke Antioxidantien helfen, die durch Umweltverschmutzung verursachten freien Radikale w\u00e4hrend des n\u00e4chtlichen Verj\u00fcngungszyklus zu neutralisieren.<br \/>\nEs enth\u00e4lt den weltweit h\u00f6chsten Anteil an klinisch erprobten pflanzlichen Wirkstoffen.<br \/>\n100% nat\u00fcrlicher Duft aus zertifizierten biologischen \u00e4therischen \u00d6len.<br \/>\nNachhaltige Glasgef\u00e4\u00dfe und recycelbare Deckel.<\/p>\n<p>F\u00dcR ALLE HAUTTYPEN GEEIGNET<br \/>\nHYPOALLERGEN UND DERMATOLOGISCH GETESTET<br \/>\nNach der Reinigung 1 &#8211; 2 Dosen des Cremeserums sanft auf Gesicht, Hals und Dekollet\u00e9 einmassieren.<br \/>\nAnschlie\u00dfend eine Feuchtigkeitscreme auftragen.<br \/>\nMorgens und abends anwenden.<br \/>\nUnter 30\u00b0C lagern.<br \/>\nDirekte Sonneneinstrahlung ist zu vermeiden.<br \/>\n<\/span><\/p>\n","protected":false},"excerpt":{"rendered":"<p>Ein n\u00e4hrendes Serum f\u00fcr die Haut, das sowohl eine sch\u00fctzende als auch eine straffende Funktion hat.<\/p>\n","protected":false},"featured_media":36711,"template":"","meta":{"_acf_changed":false},"product_brand":[],"product_cat":[15],"product_tag":[822,817,4854,4856,4858,4860],"class_list":{"0":"post-47062","1":"product","2":"type-product","3":"status-publish","4":"has-post-thumbnail","6":"product_cat-07-cosmetica","7":"product_tag-hautpflege","8":"product_tag-inika-de","9":"product_tag-pflanzliche-ole","10":"product_tag-phythofuse-de","11":"product_tag-resveratrol-de","12":"product_tag-serum-de","14":"first","15":"instock","16":"taxable","17":"shipping-taxable","18":"purchasable","19":"product-type-simple"},"acf":[],"jetpack_sharing_enabled":true,"_links":{"self":[{"href":"https:\/\/cndestetik.ch\/de\/wp-json\/wp\/v2\/product\/47062","targetHints":{"allow":["GET"]}}],"collection":[{"href":"https:\/\/cndestetik.ch\/de\/wp-json\/wp\/v2\/product"}],"about":[{"href":"https:\/\/cndestetik.ch\/de\/wp-json\/wp\/v2\/types\/product"}],"wp:featuredmedia":[{"embeddable":true,"href":"https:\/\/cndestetik.ch\/de\/wp-json\/wp\/v2\/media\/36711"}],"wp:attachment":[{"href":"https:\/\/cndestetik.ch\/de\/wp-json\/wp\/v2\/media?parent=47062"}],"wp:term":[{"taxonomy":"product_brand","embeddable":true,"href":"https:\/\/cndestetik.ch\/de\/wp-json\/wp\/v2\/product_brand?post=47062"},{"taxonomy":"product_cat","embeddable":true,"href":"https:\/\/cndestetik.ch\/de\/wp-json\/wp\/v2\/product_cat?post=47062"},{"taxonomy":"product_tag","embeddable":true,"href":"https:\/\/cndestetik.ch\/de\/wp-json\/wp\/v2\/product_tag?post=47062"}],"curies":[{"name":"wp","href":"https:\/\/api.w.org\/{rel}","templated":true}]}}