{"id":47052,"date":"2020-12-17T13:05:34","date_gmt":"2020-12-17T12:05:34","guid":{"rendered":"https:\/\/cndestetik.ch\/prodotto\/lippenbutter\/"},"modified":"2025-01-24T13:06:11","modified_gmt":"2025-01-24T12:06:11","slug":"butterpfund","status":"publish","type":"product","link":"https:\/\/cndestetik.ch\/de\/prodotto\/butterpfund\/","title":{"rendered":"Lippenbutter"},"content":{"rendered":"<p><span data-sheets-value=\"{\"1\":2,\"2\":\"Composto da burro di Karit\u00e8, cera d'api e acido ialuronico profumato all'arancio dolce. Ammorbidisce, nutre e idrata in profondit\u00e0 le labbra donando un piacevole effetto rimpolpante. Esplica un'azione anti-age riducendo le rughe del contorno labbra e fornisce un supporto per mantenere un giusto apporto di idratazione che lavora come prevenzione (per questo il burro labbra Microcosmo pu\u00f2 essere utilizzato anche come contorno occhi)\"}\" data-sheets-userformat=\"{\"2\":15297,\"3\":{\"1\":0},\"9\":0,\"10\":2,\"11\":0,\"12\":0,\"14\":{\"1\":2,\"2\":0},\"15\":\"Calibri\",\"16\":11}\">Besteht aus Sheabutter, Bienenwachs und Hyalurons\u00e4ure mit S\u00fc\u00dforangen-Duft. Sie erweicht, n\u00e4hrt und befeuchtet die Lippen bis in die Tiefe und sorgt f\u00fcr einen angenehmen Plumping-Effekt. Sie \u00fcbt eine Anti-Ageing-Wirkung aus, indem sie die Falten um die Lippen mindert, und unterst\u00fctzt die Aufrechterhaltung der richtigen Menge an Feuchtigkeit, die vorbeugend wirkt (deshalb kann Microcosmo Lip Butter auch als Augenkontur verwendet werden).<\/span><\/p>\n<p>Gr\u00f6\u00dfe: 15ml<\/p>\n","protected":false},"excerpt":{"rendered":"<p>Feuchtigkeitsspendende Lippenbutter mit Anti-Aging-Wirkung.<\/p>\n","protected":false},"featured_media":36657,"template":"","meta":{"_acf_changed":false},"product_brand":[],"product_cat":[12988,1495,12980,9904],"product_tag":[4147,742,844,4832,432],"class_list":{"0":"post-47052","1":"product","2":"type-product","3":"status-publish","4":"has-post-thumbnail","6":"product_cat-gesicht","7":"product_cat-kosmetik","8":"product_cat-mikrokosmos","9":"product_cat-pink-bird","10":"product_tag-butter-de","11":"product_tag-lippen","12":"product_tag-mikrokosmos","13":"product_tag-orange-de","14":"product_tag-shea","16":"first","17":"instock","18":"taxable","19":"shipping-taxable","20":"purchasable","21":"product-type-simple"},"acf":[],"jetpack_sharing_enabled":true,"_links":{"self":[{"href":"https:\/\/cndestetik.ch\/de\/wp-json\/wp\/v2\/product\/47052","targetHints":{"allow":["GET"]}}],"collection":[{"href":"https:\/\/cndestetik.ch\/de\/wp-json\/wp\/v2\/product"}],"about":[{"href":"https:\/\/cndestetik.ch\/de\/wp-json\/wp\/v2\/types\/product"}],"wp:featuredmedia":[{"embeddable":true,"href":"https:\/\/cndestetik.ch\/de\/wp-json\/wp\/v2\/media\/36657"}],"wp:attachment":[{"href":"https:\/\/cndestetik.ch\/de\/wp-json\/wp\/v2\/media?parent=47052"}],"wp:term":[{"taxonomy":"product_brand","embeddable":true,"href":"https:\/\/cndestetik.ch\/de\/wp-json\/wp\/v2\/product_brand?post=47052"},{"taxonomy":"product_cat","embeddable":true,"href":"https:\/\/cndestetik.ch\/de\/wp-json\/wp\/v2\/product_cat?post=47052"},{"taxonomy":"product_tag","embeddable":true,"href":"https:\/\/cndestetik.ch\/de\/wp-json\/wp\/v2\/product_tag?post=47052"}],"curies":[{"name":"wp","href":"https:\/\/api.w.org\/{rel}","templated":true}]}}