{"id":47041,"date":"2020-10-15T11:49:19","date_gmt":"2020-10-15T09:49:19","guid":{"rendered":"https:\/\/cndestetik.ch\/prodotto\/sauerstoffhaltiges-spagyrisches-oleolith-unreine-haut\/"},"modified":"2025-01-24T13:05:33","modified_gmt":"2025-01-24T12:05:33","slug":"oleolytisch-spagyrisch-sauerstoffhaltige-haut-unrein","status":"publish","type":"product","link":"https:\/\/cndestetik.ch\/de\/prodotto\/oleolytisch-spagyrisch-sauerstoffhaltige-haut-unrein\/","title":{"rendered":"Sauerstoffhaltiges spagyrisches Oleolith (unreine Haut)"},"content":{"rendered":"<p><span data-sheets-value=\"{\"1\":2,\"2\":\"Con oleoliti spagirici di Timo e Salvia. Un olio creato per le pelli impure e con tendenza acneica. Gli oleoliti spagirici e gli oli essenziali presenti in questo prodotto svolgono attivit\u00e0 purificanti, antiossidanti, antibatteriche e cicatrizzanti; lasciano la pelle pulita e ben nutrita mantenendo in buono stato il film idrolipidico e sostengono la naturale capacit\u00e0 protettiva della pelle nei confronti degli agenti esterni. Adatto anche su singoli brufoli e piccoli tagli\/abrasioni\/cicatrici.\\n\\nOgni Oleolito Spagirico Viso \u00e8 una preziosa miscela di Oleoliti Spagirici ed Oli Essenziali studiata con cura da esperti erboristi per offrire un prodotto specifico ed efficace per la pelle delicata del viso.\"}\" data-sheets-userformat=\"{\"2\":15297,\"3\":{\"1\":0},\"9\":0,\"10\":2,\"11\":0,\"12\":0,\"14\":{\"1\":2,\"2\":0},\"15\":\"Calibri\",\"16\":11}\">Mit spagyrischen Oleolithen aus Thymian und Salbei. Ein \u00d6l, das f\u00fcr unreine und zu Akne neigende Haut entwickelt wurde.  <\/span><\/p>\n<p><span data-sheets-value=\"{\"1\":2,\"2\":\"Con oleoliti spagirici di Timo e Salvia. Un olio creato per le pelli impure e con tendenza acneica. Gli oleoliti spagirici e gli oli essenziali presenti in questo prodotto svolgono attivit\u00e0 purificanti, antiossidanti, antibatteriche e cicatrizzanti; lasciano la pelle pulita e ben nutrita mantenendo in buono stato il film idrolipidico e sostengono la naturale capacit\u00e0 protettiva della pelle nei confronti degli agenti esterni. Adatto anche su singoli brufoli e piccoli tagli\/abrasioni\/cicatrici.\\n\\nOgni Oleolito Spagirico Viso \u00e8 una preziosa miscela di Oleoliti Spagirici ed Oli Essenziali studiata con cura da esperti erboristi per offrire un prodotto specifico ed efficace per la pelle delicata del viso.\"}\" data-sheets-userformat=\"{\"2\":15297,\"3\":{\"1\":0},\"9\":0,\"10\":2,\"11\":0,\"12\":0,\"14\":{\"1\":2,\"2\":0},\"15\":\"Calibri\",\"16\":11}\">Die spagyrischen Oleolithe und die \u00e4therischen \u00d6le in diesem Produkt haben eine reinigende, antioxidative, antibakterielle und heilende Wirkung; sie reinigen und pflegen die Haut, halten den Hydrolipidfilm in gutem Zustand und unterst\u00fctzen die nat\u00fcrliche Schutzfunktion der Haut gegen \u00e4u\u00dfere Einfl\u00fcsse. Auch f\u00fcr einzelne Pickel und kleine Schnitte\/Absch\u00fcrfungen\/Narben geeignet.<\/span><\/p>\n<p>Jedes spagyrische Oleolith f\u00fcr das Gesicht ist eine wertvolle Mischung aus spagyrischen Oleolithen und \u00e4therischen \u00d6len, die von Kr\u00e4uterexperten sorgf\u00e4ltig zusammengestellt wurde, um ein spezifisches und wirksames Produkt f\u00fcr die empfindliche Gesichtshaut zu bieten.<\/p>\n","protected":false},"excerpt":{"rendered":"<p>Oleolith geeignet f\u00fcr unreine Haut mit Akne.<\/p>\n","protected":false},"featured_media":36918,"template":"","meta":{"_acf_changed":false},"product_brand":[],"product_cat":[12988,1495,12980],"product_tag":[3569,2117,2116,4812,4815,499,9408,434,4823,540,9164],"class_list":{"0":"post-47041","1":"product","2":"type-product","3":"status-publish","4":"has-post-thumbnail","6":"product_cat-gesicht","7":"product_cat-kosmetik","8":"product_cat-mikrokosmos","9":"product_tag-akne","10":"product_tag-haut-de","11":"product_tag-oleolith","12":"product_tag-rot","13":"product_tag-roter-thymian","14":"product_tag-salbei","15":"product_tag-sauerstoffanreicherung","16":"product_tag-spagyrik","17":"product_tag-spagyrische","18":"product_tag-thymian","19":"product_tag-unrein-de","21":"first","22":"instock","23":"taxable","24":"shipping-taxable","25":"purchasable","26":"product-type-simple"},"acf":[],"jetpack_sharing_enabled":true,"_links":{"self":[{"href":"https:\/\/cndestetik.ch\/de\/wp-json\/wp\/v2\/product\/47041","targetHints":{"allow":["GET"]}}],"collection":[{"href":"https:\/\/cndestetik.ch\/de\/wp-json\/wp\/v2\/product"}],"about":[{"href":"https:\/\/cndestetik.ch\/de\/wp-json\/wp\/v2\/types\/product"}],"wp:featuredmedia":[{"embeddable":true,"href":"https:\/\/cndestetik.ch\/de\/wp-json\/wp\/v2\/media\/36918"}],"wp:attachment":[{"href":"https:\/\/cndestetik.ch\/de\/wp-json\/wp\/v2\/media?parent=47041"}],"wp:term":[{"taxonomy":"product_brand","embeddable":true,"href":"https:\/\/cndestetik.ch\/de\/wp-json\/wp\/v2\/product_brand?post=47041"},{"taxonomy":"product_cat","embeddable":true,"href":"https:\/\/cndestetik.ch\/de\/wp-json\/wp\/v2\/product_cat?post=47041"},{"taxonomy":"product_tag","embeddable":true,"href":"https:\/\/cndestetik.ch\/de\/wp-json\/wp\/v2\/product_tag?post=47041"}],"curies":[{"name":"wp","href":"https:\/\/api.w.org\/{rel}","templated":true}]}}