{"id":47039,"date":"2020-11-03T16:22:55","date_gmt":"2020-11-03T15:22:55","guid":{"rendered":"https:\/\/cndestetik.ch\/prodotto\/pflegende-hand-und-fusspackung-50-ml-baumwollhandschuhe\/"},"modified":"2025-02-12T08:50:24","modified_gmt":"2025-02-12T07:50:24","slug":"pack-nutrient-hands-and-feet","status":"publish","type":"product","link":"https:\/\/cndestetik.ch\/de\/prodotto\/pack-nutrient-hands-and-feet\/","title":{"rendered":"Pflegende Hand- und Fu\u00dfpackung 50 ml + Baumwollhandschuhe"},"content":{"rendered":"<p>Mit dem ersten kalten Wetter wird die Haut empfindlicher, und unweigerlich sind H\u00e4nde und F\u00fc\u00dfe die am meisten betroffenen K\u00f6rperteile, die trocken und rissig werden. Genau aus diesem Grund muss man sich um sie k\u00fcmmern.<\/p>\n<p>Dies ist das ideale Geschenk, um sich um andere zu k\u00fcmmern, mit einer einfachen und effektiven Geste.<\/p>\n<p>Wow-Effekt von der ersten Anwendung an, es ist eine einfache Maske mit einem zarten Duft, die entweder auf die H\u00e4nde (mit wiederverwendbaren Handschuhen) oder auf die F\u00fc\u00dfe aufgetragen wird. Ein wahrer Moment der Entspannung und Verw\u00f6hnung!<\/p>\n<p>Gr\u00f6\u00dfe: 50<\/p>\n","protected":false},"excerpt":{"rendered":"<p>Wickel f\u00fcr H\u00e4nde und F\u00fc\u00dfe geeignet, einschlie\u00dflich Baumwollhandschuh. Empfohlener Verkaufspreis: 29 CHF.<\/p>\n","protected":false},"featured_media":54131,"template":"","meta":{"_acf_changed":false},"product_brand":[],"product_cat":[1495,12980,1504],"product_tag":[1455,3550,4809,471,4621],"class_list":{"0":"post-47039","1":"product","2":"type-product","3":"status-publish","4":"has-post-thumbnail","6":"product_cat-kosmetik","7":"product_cat-mikrokosmos","8":"product_cat-nails-manikure-pedikure","9":"product_tag-fuse","10":"product_tag-hande","11":"product_tag-handschuh","12":"product_tag-nahrhaft","13":"product_tag-wickeln","14":"pa_pezzi-1-stuck","15":"pa_pezzi-10-stuck","17":"first","18":"instock","19":"taxable","20":"shipping-taxable","21":"purchasable","22":"product-type-simple"},"acf":[],"jetpack_sharing_enabled":true,"_links":{"self":[{"href":"https:\/\/cndestetik.ch\/de\/wp-json\/wp\/v2\/product\/47039","targetHints":{"allow":["GET"]}}],"collection":[{"href":"https:\/\/cndestetik.ch\/de\/wp-json\/wp\/v2\/product"}],"about":[{"href":"https:\/\/cndestetik.ch\/de\/wp-json\/wp\/v2\/types\/product"}],"wp:featuredmedia":[{"embeddable":true,"href":"https:\/\/cndestetik.ch\/de\/wp-json\/wp\/v2\/media\/54131"}],"wp:attachment":[{"href":"https:\/\/cndestetik.ch\/de\/wp-json\/wp\/v2\/media?parent=47039"}],"wp:term":[{"taxonomy":"product_brand","embeddable":true,"href":"https:\/\/cndestetik.ch\/de\/wp-json\/wp\/v2\/product_brand?post=47039"},{"taxonomy":"product_cat","embeddable":true,"href":"https:\/\/cndestetik.ch\/de\/wp-json\/wp\/v2\/product_cat?post=47039"},{"taxonomy":"product_tag","embeddable":true,"href":"https:\/\/cndestetik.ch\/de\/wp-json\/wp\/v2\/product_tag?post=47039"}],"curies":[{"name":"wp","href":"https:\/\/api.w.org\/{rel}","templated":true}]}}