{"id":47026,"date":"2020-10-15T11:37:44","date_gmt":"2020-10-15T09:37:44","guid":{"rendered":"https:\/\/cndestetik.ch\/prodotto\/gruene-tonerde-pulver\/"},"modified":"2025-02-07T08:50:32","modified_gmt":"2025-02-07T07:50:32","slug":"gruner-lehm-in-pulverform","status":"publish","type":"product","link":"https:\/\/cndestetik.ch\/de\/prodotto\/gruner-lehm-in-pulverform\/","title":{"rendered":"Gr\u00fcne Tonerde-Pulver"},"content":{"rendered":"<p><span data-sheets-value=\"{\"1\":2,\"2\":\"HA UNA GRANULOMETRIA PIU' FINE DELL'ARGILLA NORMALE ED E' QUINDI PIU' ADATTA AI TRATTAMENTI VISO.nL'Argilla \u00e8 una terra ricchissima di minerali ed oligoelementi partendo dal ferro ad arrivare alle particelle di oro, possiede quindi svariati poteri sulla pelle. Questa terra ha la capacit\u00e0 naturale di attrarre ed assorbire le tossine ed i batteri patogeni dell'epidermide portandoseli via con il lavaggio. Ha un alto potere battericida, purificante e cicatrizzante ed \u00e8 consigliato anche per i trattamenti anti celluliute. Usata con acqua nei bagni o attraverso l'uso dei fanghi e maschere cede alla pelle i suoi preziosi minerali e contemporaneamente assorbe le tossine ed elimina le cellule morte. Ottimo quindi per rigenerare e pulire viso e corpo rendendoli luminosi e riossigenati. Viene anche utilizzata per pelli a tendenza acneica, per assorbirne pus e tossine, purificando i pori della pelle e prevenendo la formazione di brufoli e imperfezioni.\"}\" data-sheets-userformat=\"{\"2\":15297,\"3\":{\"1\":0},\"9\":0,\"10\":2,\"11\":0,\"12\":0,\"14\":{\"1\":2,\"2\":0},\"15\":\"Calibri\",\"16\":11}\"><br \/>\nSie hat eine d\u00fcnnere K\u00f6rnung als normaler Lehm und ist daher besser f\u00fcr Gesichtsbehandlungen geeignet. Lehm ist eine Erde, die reich an Mineralien und Spurenelementen von Eisen bis Goldpartikeln ist und daher verschiedene Wirkungen auf die Haut hat. Diese Erde hat die nat\u00fcrliche F\u00e4higkeit, Giftstoffe und pathogene Bakterien von der Epidermis anzuziehen und zu absorbieren, um sie auszusp\u00fclen. Es hat eine hohe bakterient\u00f6tende, reinigende und heilende Wirkung und wird auch f\u00fcr Anti-Cellulite-Behandlungen empfohlen.  <\/span><\/p>\n<p><span data-sheets-value=\"{\"1\":2,\"2\":\"HA UNA GRANULOMETRIA PIU' FINE DELL'ARGILLA NORMALE ED E' QUINDI PIU' ADATTA AI TRATTAMENTI VISO.nL'Argilla \u00e8 una terra ricchissima di minerali ed oligoelementi partendo dal ferro ad arrivare alle particelle di oro, possiede quindi svariati poteri sulla pelle. Questa terra ha la capacit\u00e0 naturale di attrarre ed assorbire le tossine ed i batteri patogeni dell'epidermide portandoseli via con il lavaggio. Ha un alto potere battericida, purificante e cicatrizzante ed \u00e8 consigliato anche per i trattamenti anti celluliute. Usata con acqua nei bagni o attraverso l'uso dei fanghi e maschere cede alla pelle i suoi preziosi minerali e contemporaneamente assorbe le tossine ed elimina le cellule morte. Ottimo quindi per rigenerare e pulire viso e corpo rendendoli luminosi e riossigenati. Viene anche utilizzata per pelli a tendenza acneica, per assorbirne pus e tossine, purificando i pori della pelle e prevenendo la formazione di brufoli e imperfezioni.\"}\" data-sheets-userformat=\"{\"2\":15297,\"3\":{\"1\":0},\"9\":0,\"10\":2,\"11\":0,\"12\":0,\"14\":{\"1\":2,\"2\":0},\"15\":\"Calibri\",\"16\":11}\">In Verbindung mit Wasser in B\u00e4dern oder durch Schlammb\u00e4der und -masken gibt er seine wertvollen Mineralien an die Haut ab, w\u00e4hrend er gleichzeitig Giftstoffe absorbiert und abgestorbene Zellen beseitigt. Hervorragend geeignet f\u00fcr die Regeneration und Reinigung von Gesicht und K\u00f6rper, f\u00fcr ein strahlendes Aussehen und neue Energie.  <\/span><\/p>\n<p><span data-sheets-value=\"{\"1\":2,\"2\":\"HA UNA GRANULOMETRIA PIU' FINE DELL'ARGILLA NORMALE ED E' QUINDI PIU' ADATTA AI TRATTAMENTI VISO.nL'Argilla \u00e8 una terra ricchissima di minerali ed oligoelementi partendo dal ferro ad arrivare alle particelle di oro, possiede quindi svariati poteri sulla pelle. Questa terra ha la capacit\u00e0 naturale di attrarre ed assorbire le tossine ed i batteri patogeni dell'epidermide portandoseli via con il lavaggio. Ha un alto potere battericida, purificante e cicatrizzante ed \u00e8 consigliato anche per i trattamenti anti celluliute. Usata con acqua nei bagni o attraverso l'uso dei fanghi e maschere cede alla pelle i suoi preziosi minerali e contemporaneamente assorbe le tossine ed elimina le cellule morte. Ottimo quindi per rigenerare e pulire viso e corpo rendendoli luminosi e riossigenati. Viene anche utilizzata per pelli a tendenza acneica, per assorbirne pus e tossine, purificando i pori della pelle e prevenendo la formazione di brufoli e imperfezioni.\"}\" data-sheets-userformat=\"{\"2\":15297,\"3\":{\"1\":0},\"9\":0,\"10\":2,\"11\":0,\"12\":0,\"14\":{\"1\":2,\"2\":0},\"15\":\"Calibri\",\"16\":11}\">Es wird auch bei zu Akne neigender Haut verwendet, um Eiter und Giftstoffe zu absorbieren, die Hautporen zu reinigen und Pickel und Unreinheiten zu verhindern.<\/span><\/p>\n<p>&nbsp;<\/p>\n","protected":false},"excerpt":{"rendered":"<p>Bakterient\u00f6tende Tonerde,  <span data-sheets-value=\"{\"1\":2,\"2\":\"HA UNA GRANULOMETRIA PIU' FINE DELL'ARGILLA NORMALE ED E' QUINDI PIU' ADATTA AI TRATTAMENTI VISO.nL'Argilla \u00e8 una terra ricchissima di minerali ed oligoelementi partendo dal ferro ad arrivare alle particelle di oro, possiede quindi svariati poteri sulla pelle. Questa terra ha la capacit\u00e0 naturale di attrarre ed assorbire le tossine ed i batteri patogeni dell'epidermide portandoseli via con il lavaggio. Ha un alto potere battericida, purificante e cicatrizzante ed \u00e8 consigliato anche per i trattamenti anti celluliute. Usata con acqua nei bagni o attraverso l'uso dei fanghi e maschere cede alla pelle i suoi preziosi minerali e contemporaneamente assorbe le tossine ed elimina le cellule morte. Ottimo quindi per rigenerare e pulire viso e corpo rendendoli luminosi e riossigenati. Viene anche utilizzata per pelli a tendenza acneica, per assorbirne pus e tossine, purificando i pori della pelle e prevenendo la formazione di brufoli e imperfezioni.\"}\" data-sheets-userformat=\"{\"2\":15297,\"3\":{\"1\":0},\"9\":0,\"10\":2,\"11\":0,\"12\":0,\"14\":{\"1\":2,\"2\":0},\"15\":\"Calibri\",\"16\":11}\">  reinigend und heilend. Geeignet f\u00fcr Gesichtsbehandlungen.<\/span><\/p>\n","protected":false},"featured_media":37681,"template":"","meta":{"_acf_changed":false},"product_brand":[],"product_cat":[12985,1495,12980],"product_tag":[4747,757,4754,4577,4750,434],"class_list":{"0":"post-47026","1":"product","2":"type-product","3":"status-publish","4":"has-post-thumbnail","6":"product_cat-body","7":"product_cat-kosmetik","8":"product_cat-mikrokosmos","9":"product_tag-ende","10":"product_tag-gesicht","11":"product_tag-grun","12":"product_tag-lehm","13":"product_tag-reinigung","14":"product_tag-spagyrik","15":"pa_formato-3kg-de","16":"pa_formato-500gr","18":"first","19":"instock","20":"taxable","21":"shipping-taxable","22":"purchasable","23":"product-type-variable"},"acf":[],"jetpack_sharing_enabled":true,"_links":{"self":[{"href":"https:\/\/cndestetik.ch\/de\/wp-json\/wp\/v2\/product\/47026","targetHints":{"allow":["GET"]}}],"collection":[{"href":"https:\/\/cndestetik.ch\/de\/wp-json\/wp\/v2\/product"}],"about":[{"href":"https:\/\/cndestetik.ch\/de\/wp-json\/wp\/v2\/types\/product"}],"wp:featuredmedia":[{"embeddable":true,"href":"https:\/\/cndestetik.ch\/de\/wp-json\/wp\/v2\/media\/37681"}],"wp:attachment":[{"href":"https:\/\/cndestetik.ch\/de\/wp-json\/wp\/v2\/media?parent=47026"}],"wp:term":[{"taxonomy":"product_brand","embeddable":true,"href":"https:\/\/cndestetik.ch\/de\/wp-json\/wp\/v2\/product_brand?post=47026"},{"taxonomy":"product_cat","embeddable":true,"href":"https:\/\/cndestetik.ch\/de\/wp-json\/wp\/v2\/product_cat?post=47026"},{"taxonomy":"product_tag","embeddable":true,"href":"https:\/\/cndestetik.ch\/de\/wp-json\/wp\/v2\/product_tag?post=47026"}],"curies":[{"name":"wp","href":"https:\/\/api.w.org\/{rel}","templated":true}]}}