{"id":46896,"date":"2022-06-22T11:38:06","date_gmt":"2022-06-22T09:38:06","guid":{"rendered":"https:\/\/ticinoweb01.jcloud.ik-server.com\/cndestetik\/prodotto\/hanf-knopf\/"},"modified":"2025-01-23T09:09:44","modified_gmt":"2025-01-23T08:09:44","slug":"knauf-hanf","status":"publish","type":"product","link":"https:\/\/cndestetik.ch\/de\/prodotto\/knauf-hanf\/","title":{"rendered":"Hanf-Knopf"},"content":{"rendered":"<p>Peeling-F\u00e4ustling aus Hanffaser.<\/p>\n<p>Ideal f\u00fcr trockenes mechanisches Peeling zur Entfernung von organischem Material auf der Oberfl\u00e4che. Empfohlen f\u00fcr den Hausgebrauch, immer trocken oder unter der Dusche in Kombination mit einem nat\u00fcrlichen Reinigungsmittel verwenden.<\/p>\n<p>Leicht in der Maschine waschbar.<\/p>\n","protected":false},"excerpt":{"rendered":"<p>Peeling-F\u00e4ustling aus Hanffaser.<\/p>\n","protected":false},"featured_media":54342,"template":"","meta":{"_acf_changed":false},"product_brand":[],"product_cat":[1495,12980],"product_tag":[1030,3780,4684,844,4931,1445],"class_list":{"0":"post-46896","1":"product","2":"type-product","3":"status-publish","4":"has-post-thumbnail","6":"product_cat-kosmetik","7":"product_cat-mikrokosmos","8":"product_tag-behandlung","9":"product_tag-drehknopf","10":"product_tag-hanf","11":"product_tag-mikrokosmos","12":"product_tag-peeling-de-2","13":"product_tag-waschbar","15":"first","16":"instock","17":"taxable","18":"shipping-taxable","19":"purchasable","20":"product-type-simple"},"acf":[],"jetpack_sharing_enabled":true,"_links":{"self":[{"href":"https:\/\/cndestetik.ch\/de\/wp-json\/wp\/v2\/product\/46896","targetHints":{"allow":["GET"]}}],"collection":[{"href":"https:\/\/cndestetik.ch\/de\/wp-json\/wp\/v2\/product"}],"about":[{"href":"https:\/\/cndestetik.ch\/de\/wp-json\/wp\/v2\/types\/product"}],"wp:featuredmedia":[{"embeddable":true,"href":"https:\/\/cndestetik.ch\/de\/wp-json\/wp\/v2\/media\/54342"}],"wp:attachment":[{"href":"https:\/\/cndestetik.ch\/de\/wp-json\/wp\/v2\/media?parent=46896"}],"wp:term":[{"taxonomy":"product_brand","embeddable":true,"href":"https:\/\/cndestetik.ch\/de\/wp-json\/wp\/v2\/product_brand?post=46896"},{"taxonomy":"product_cat","embeddable":true,"href":"https:\/\/cndestetik.ch\/de\/wp-json\/wp\/v2\/product_cat?post=46896"},{"taxonomy":"product_tag","embeddable":true,"href":"https:\/\/cndestetik.ch\/de\/wp-json\/wp\/v2\/product_tag?post=46896"}],"curies":[{"name":"wp","href":"https:\/\/api.w.org\/{rel}","templated":true}]}}