{"id":46440,"date":"2020-10-28T13:36:38","date_gmt":"2020-10-28T12:36:38","guid":{"rendered":"https:\/\/ticinoweb01.jcloud.ik-server.com\/cndestetik\/prodotto\/aktivkohleseife-bar\/"},"modified":"2022-11-15T16:57:28","modified_gmt":"2022-11-15T15:57:28","slug":"aktivkohle-seife-bar","status":"publish","type":"product","link":"https:\/\/cndestetik.ch\/de\/prodotto\/aktivkohle-seife-bar\/","title":{"rendered":"Aktivkohleseife Bar"},"content":{"rendered":"<p>Dank der kombinierten Wirkung von Aktivkohle, franz\u00f6sischer gr\u00fcner Tonerde und \u00e4therischem Teebaum\u00f6l ist diese Seife perfekt f\u00fcr fettige, unreine und Mischhaut geeignet.<\/p>\n","protected":false},"excerpt":{"rendered":"<p>Seife f\u00fcr fettige, unreine und Mischhaut.<\/p>\n","protected":false},"featured_media":36897,"template":"","meta":{"_acf_changed":false},"product_brand":[],"product_cat":[1924,8511],"product_tag":[10139,10133,10140,4586,4577,4962,1060,7520,432],"class_list":{"0":"post-46440","1":"product","2":"type-product","3":"status-publish","4":"has-post-thumbnail","6":"product_cat-ermittlung","7":"product_cat-letzte-stucke","8":"product_tag-aktiviert","9":"product_tag-bar-de","10":"product_tag-holzkohle","11":"product_tag-kohle","12":"product_tag-lehm","13":"product_tag-seife-de","14":"product_tag-seife","15":"product_tag-seifenstuck","16":"product_tag-shea","18":"first","19":"outofstock","20":"sale","21":"taxable","22":"shipping-taxable","23":"purchasable","24":"product-type-simple"},"acf":[],"jetpack_sharing_enabled":true,"_links":{"self":[{"href":"https:\/\/cndestetik.ch\/de\/wp-json\/wp\/v2\/product\/46440","targetHints":{"allow":["GET"]}}],"collection":[{"href":"https:\/\/cndestetik.ch\/de\/wp-json\/wp\/v2\/product"}],"about":[{"href":"https:\/\/cndestetik.ch\/de\/wp-json\/wp\/v2\/types\/product"}],"wp:featuredmedia":[{"embeddable":true,"href":"https:\/\/cndestetik.ch\/de\/wp-json\/wp\/v2\/media\/36897"}],"wp:attachment":[{"href":"https:\/\/cndestetik.ch\/de\/wp-json\/wp\/v2\/media?parent=46440"}],"wp:term":[{"taxonomy":"product_brand","embeddable":true,"href":"https:\/\/cndestetik.ch\/de\/wp-json\/wp\/v2\/product_brand?post=46440"},{"taxonomy":"product_cat","embeddable":true,"href":"https:\/\/cndestetik.ch\/de\/wp-json\/wp\/v2\/product_cat?post=46440"},{"taxonomy":"product_tag","embeddable":true,"href":"https:\/\/cndestetik.ch\/de\/wp-json\/wp\/v2\/product_tag?post=46440"}],"curies":[{"name":"wp","href":"https:\/\/api.w.org\/{rel}","templated":true}]}}